{"id":36764,"date":"2025-04-24T16:29:50","date_gmt":"2025-04-24T14:29:50","guid":{"rendered":"https:\/\/minestamp.com\/?post_type=product&#038;p=36764"},"modified":"2026-04-11T16:31:23","modified_gmt":"2026-04-11T14:31:23","slug":"diy-marky-ropa-y-objetos","status":"publish","type":"product","link":"https:\/\/minestamp2.webpstw.com\/en\/product\/diy-marky-ropa-y-objetos\/","title":{"rendered":"DIY Marky"},"content":{"rendered":"<p>\u00a1Prep\u00e1rate para la soluci\u00f3n m\u00e1s <em>cuki<\/em>, completa, vers\u00e1til y s\u00faper creativa para marcar ropa u objetos! Personaliza tu<strong> DIY Marky: Marcador de ropa y objetos,<\/strong>\u00a0utilizando las pinzas y el juego de letras (con 8 emojis y n\u00fameros) y cambia el nombre tantas veces como quieras (ideal para familias numerosas). La tinta negra (hasta 1000 impresiones) ya est\u00e1 cargada en el sello y ha sido dermatol\u00f3gicamente testada. Con etiquetas lavables para objetos y cinta termoadhesiva para telas oscuras, podr\u00e1s marcar todo lo que pertenezca a los m\u00e1s peque\u00f1os: ropa, zapatos, equipo deportivo, material escolar, estuche, mochila, fiambrera, botella de agua&#8230; \u00a1Marca todo lo que imagines!<\/p>\n<p><strong>Caracter\u00edsticas:<\/strong><\/p>\n<ul>\n<li>La tinta y la cinta termoadhesiva aplicadas en la ropa son lavables hasta 90\u00baC y aptas para secadora hasta 60\u00baC.<\/li>\n<li>Las etiquetas son aptas para lavavajillas y microondas.<\/li>\n<li>Almohadilla de tinta con 1000 impresiones disponibles.<\/li>\n<li>Tinta textil dermatol\u00f3gicamente testada.<\/li>\n<\/ul>\n<p class=\"p1\"><img loading=\"lazy\" decoding=\"async\" class=\"alignnone wp-image-36726\" src=\"https:\/\/minestamp2.webpstw.com\/wp-content\/uploads\/2016\/08\/CaracteristicasG7_Mesa-de-trabajo-1-1-300x56.png\" alt=\"\" width=\"370\" height=\"69\" srcset=\"https:\/\/minestamp2.webpstw.com\/wp-content\/uploads\/2016\/08\/CaracteristicasG7_Mesa-de-trabajo-1-1-300x56.png 300w, https:\/\/minestamp2.webpstw.com\/wp-content\/uploads\/2016\/08\/CaracteristicasG7_Mesa-de-trabajo-1-1-1024x190.png 1024w, https:\/\/minestamp2.webpstw.com\/wp-content\/uploads\/2016\/08\/CaracteristicasG7_Mesa-de-trabajo-1-1-768x143.png 768w, https:\/\/minestamp2.webpstw.com\/wp-content\/uploads\/2016\/08\/CaracteristicasG7_Mesa-de-trabajo-1-1-1536x285.png 1536w, https:\/\/minestamp2.webpstw.com\/wp-content\/uploads\/2016\/08\/CaracteristicasG7_Mesa-de-trabajo-1-1-2048x381.png 2048w, https:\/\/minestamp2.webpstw.com\/wp-content\/uploads\/2016\/08\/CaracteristicasG7_Mesa-de-trabajo-1-1-18x3.png 18w, https:\/\/minestamp2.webpstw.com\/wp-content\/uploads\/2016\/08\/CaracteristicasG7_Mesa-de-trabajo-1-1-1200x223.png 1200w, https:\/\/minestamp2.webpstw.com\/wp-content\/uploads\/2016\/08\/CaracteristicasG7_Mesa-de-trabajo-1-1-190x35.png 190w, https:\/\/minestamp2.webpstw.com\/wp-content\/uploads\/2016\/08\/CaracteristicasG7_Mesa-de-trabajo-1-1-484x90.png 484w\" sizes=\"auto, (max-width: 370px) 100vw, 370px\" \/><\/p>\n<p class=\"p1\"><span class=\"s1\"><strong>Includes:<\/strong>\u00a0<\/span><\/p>\n<ul>\n<li>Pinzas.<\/li>\n<li>Juego de letras con 256 caracteres (con 8 emojis, n\u00fameros y signos de puntuaci\u00f3n).<\/li>\n<li>Almohadilla de tinta negra (ya incorporada).<\/li>\n<li>1 metro de cinta termoadhesiva para telas oscuras.<\/li>\n<li>20 etiquetas aptas para lavavajillas y microondas (12 etiquetas de 10 x 40 mm + 8 etiquetas de 15 x 40 mm).<\/li>\n<\/ul>\n<p>La tinta del sello <strong>DIY Marky: Marcador de ropa y objetos,<\/strong>\u00a0es apta para todos los<strong>\u00a0absorbents fabrics<\/strong>\u00a0such as cotton, polyester and mixed fabrics and remains visible on clothing for approximately 60 washes at 30\u00baC or 30 washes at 60\u00baC. Resistant to water and rubbing.<\/p>\n<p>Maximum marking size: 37x14mm<br \/>\nN\u00famero de caracteres por l\u00ednea: 14 caracteres x 3 l\u00edneas disponibles (los emojis miden 3 caracteres de ancho por 2 de alto)<br \/>\nInk color: black<\/p>\n<p><img loading=\"lazy\" decoding=\"async\" class=\"alignnone wp-image-36724\" src=\"https:\/\/minestamp2.webpstw.com\/wp-content\/uploads\/2016\/08\/Caracteres_Mesa-de-trabajo-1-300x169.png\" alt=\"\" width=\"236\" height=\"133\" srcset=\"https:\/\/minestamp2.webpstw.com\/wp-content\/uploads\/2016\/08\/Caracteres_Mesa-de-trabajo-1-300x169.png 300w, https:\/\/minestamp2.webpstw.com\/wp-content\/uploads\/2016\/08\/Caracteres_Mesa-de-trabajo-1-1024x576.png 1024w, https:\/\/minestamp2.webpstw.com\/wp-content\/uploads\/2016\/08\/Caracteres_Mesa-de-trabajo-1-768x432.png 768w, https:\/\/minestamp2.webpstw.com\/wp-content\/uploads\/2016\/08\/Caracteres_Mesa-de-trabajo-1-1536x864.png 1536w, https:\/\/minestamp2.webpstw.com\/wp-content\/uploads\/2016\/08\/Caracteres_Mesa-de-trabajo-1-2048x1152.png 2048w, https:\/\/minestamp2.webpstw.com\/wp-content\/uploads\/2016\/08\/Caracteres_Mesa-de-trabajo-1-18x10.png 18w, https:\/\/minestamp2.webpstw.com\/wp-content\/uploads\/2016\/08\/Caracteres_Mesa-de-trabajo-1-1200x675.png 1200w, https:\/\/minestamp2.webpstw.com\/wp-content\/uploads\/2016\/08\/Caracteres_Mesa-de-trabajo-1-160x90.png 160w\" sizes=\"auto, (max-width: 236px) 100vw, 236px\" \/><\/p>\n<p>Si se te acaba la tinta, no te preocupes, puedes comprar un <span style=\"color: #3366ff;\"><a style=\"color: #3366ff;\" href=\"https:\/\/minestamp2.webpstw.com\/en\/product\/kit-de-recambios-marky\/\">kit de recambios Marky (totalmente compatible)<\/a><\/span> o un pack de <span style=\"color: #3366ff;\"><a style=\"color: #3366ff;\" href=\"https:\/\/minestamp2.webpstw.com\/en\/product\/tinta-de-recambio-marcador-texto-2-ud\/\">recarga de tinta (2 ud.)<\/a><\/span>, con los que podr\u00e1s recargar tu sello f\u00e1cilmente y seguir marcando todo lo que se te ocurra.<\/p>\n<p>\u00bfEst\u00e1s listo para empezar a marcar? \u00a1Tienes m\u00e1s de 1000 aplicaciones por cartucho a tu disposici\u00f3n! Si quieres ver c\u00f3mo funciona, tienes todos los tutoriales <a href=\"https:\/\/minestamp2.webpstw.com\/en\/como-funciona\/\" target=\"_blank\" rel=\"noopener noreferrer\"><span style=\"color: #3366ff;\">aqu\u00ed<\/span><\/a>.<\/p>\n<div style=\"width: 3840px;\" class=\"wp-video\"><video class=\"wp-video-shortcode\" id=\"video-36764-1\" width=\"3840\" height=\"2160\" preload=\"metadata\" controls=\"controls\"><source type=\"video\/mp4\" src=\"https:\/\/minestamp2.webpstw.com\/wp-content\/uploads\/2025\/07\/diy_marky_es-2160p.mp4?_=1\" \/><a href=\"https:\/\/minestamp2.webpstw.com\/wp-content\/uploads\/2025\/07\/diy_marky_es-2160p.mp4\">https:\/\/minestamp2.webpstw.com\/wp-content\/uploads\/2025\/07\/diy_marky_es-2160p.mp4<\/a><\/video><\/div>\n<hr \/>\n<p><strong>Shipping options<\/strong>:\u00a024\/48h o 48\/72h<\/p>","protected":false},"excerpt":{"rendered":"<p>Personaliza tu <strong>Sello DIY Marky <\/strong>utilizando las pinzas y el set de letras con emojis y n\u00fameros, pudiendo cambiar el nombre tantas veces como quieras (ideal para familias numerosas). La tinta negra (hasta 1000 impresiones) ya est\u00e1 cargada en el sello y ha sido dermatol\u00f3gicamente testada. Marca directamente con el sello sobre tejidos claros o usa la cinta termoadhesiva para telas oscuras. Adem\u00e1s, el pack viene con etiquetas lavables para objetos, \u00a1permiti\u00e9ndote marcar todas las pertenencias de los peques!<\/p>","protected":false},"featured_media":36779,"comment_status":"open","ping_status":"closed","template":"","meta":{"rs_blank_template":"","rs_page_bg_color":"","slide_template_v7":""},"product_brand":[],"product_cat":[45],"product_tag":[47,248,247,246],"class_list":{"0":"post-36764","1":"product","2":"type-product","3":"status-publish","4":"has-post-thumbnail","6":"product_cat-sello-abecedario","7":"product_tag-letras","8":"product_tag-objetos","9":"product_tag-ropa","10":"product_tag-sello","12":"first","13":"instock","14":"taxable","15":"shipping-taxable","16":"purchasable","17":"product-type-variable"},"yoast_head":"<!-- This site is optimized with the Yoast SEO plugin v27.3 - https:\/\/yoast.com\/product\/yoast-seo-wordpress\/ -->\n<title>Marcador de ropa y objetos - DIY Marky - MINESTAMP<\/title>\n<meta name=\"description\" content=\"DIY Marky: el marcador de ropa y objetos m\u00e1s f\u00e1cil de personalizar. Contiene un set de letras, etiquetas lavables y cinta textil para marcar ropa y objetos.\" \/>\n<meta name=\"robots\" content=\"index, follow, max-snippet:-1, max-image-preview:large, max-video-preview:-1\" \/>\n<link rel=\"canonical\" href=\"https:\/\/minestamp2.webpstw.com\/en\/product\/diy-marky-ropa-y-objetos\/\" \/>\n<meta property=\"og:locale\" content=\"en_US\" \/>\n<meta property=\"og:type\" content=\"article\" \/>\n<meta property=\"og:title\" content=\"Marcador de ropa y objetos - DIY Marky - MINESTAMP\" \/>\n<meta property=\"og:description\" content=\"DIY Marky: el marcador de ropa y objetos m\u00e1s f\u00e1cil de personalizar. Contiene un set de letras, etiquetas lavables y cinta textil para marcar ropa y objetos.\" \/>\n<meta property=\"og:url\" content=\"https:\/\/minestamp2.webpstw.com\/en\/product\/diy-marky-ropa-y-objetos\/\" \/>\n<meta property=\"og:site_name\" content=\"MINESTAMP\" \/>\n<meta property=\"article:modified_time\" content=\"2026-04-11T14:31:23+00:00\" \/>\n<meta property=\"og:image\" content=\"https:\/\/minestamp2.webpstw.com\/wp-content\/uploads\/2025\/04\/colop-diy-marky-stamp-textile-school-marker-packaging-labels-tweezers-letter-set-tape-02b-green.jpeg\" \/>\n\t<meta property=\"og:image:width\" content=\"1440\" \/>\n\t<meta property=\"og:image:height\" content=\"1440\" \/>\n\t<meta property=\"og:image:type\" content=\"image\/jpeg\" \/>\n<meta name=\"twitter:card\" content=\"summary_large_image\" \/>\n<meta name=\"twitter:label1\" content=\"Est. reading time\" \/>\n\t<meta name=\"twitter:data1\" content=\"3 minutes\" \/>\n<script type=\"application\/ld+json\" class=\"yoast-schema-graph\">{\"@context\":\"https:\\\/\\\/schema.org\",\"@graph\":[{\"@type\":\"WebPage\",\"@id\":\"https:\\\/\\\/minestamp2.webpstw.com\\\/producto\\\/diy-marky-ropa-y-objetos\\\/\",\"url\":\"https:\\\/\\\/minestamp2.webpstw.com\\\/producto\\\/diy-marky-ropa-y-objetos\\\/\",\"name\":\"Marcador de ropa y objetos - DIY Marky - MINESTAMP\",\"isPartOf\":{\"@id\":\"https:\\\/\\\/minestamp2.webpstw.com\\\/#website\"},\"primaryImageOfPage\":{\"@id\":\"https:\\\/\\\/minestamp2.webpstw.com\\\/producto\\\/diy-marky-ropa-y-objetos\\\/#primaryimage\"},\"image\":{\"@id\":\"https:\\\/\\\/minestamp2.webpstw.com\\\/producto\\\/diy-marky-ropa-y-objetos\\\/#primaryimage\"},\"thumbnailUrl\":\"https:\\\/\\\/minestamp2.webpstw.com\\\/wp-content\\\/uploads\\\/2025\\\/04\\\/colop-diy-marky-stamp-textile-school-marker-packaging-labels-tweezers-letter-set-tape-02b-green.jpeg\",\"datePublished\":\"2025-04-24T14:29:50+00:00\",\"dateModified\":\"2026-04-11T14:31:23+00:00\",\"description\":\"DIY Marky: el marcador de ropa y objetos m\u00e1s f\u00e1cil de personalizar. Contiene un set de letras, etiquetas lavables y cinta textil para marcar ropa y objetos.\",\"breadcrumb\":{\"@id\":\"https:\\\/\\\/minestamp2.webpstw.com\\\/producto\\\/diy-marky-ropa-y-objetos\\\/#breadcrumb\"},\"inLanguage\":\"en-US\",\"potentialAction\":[{\"@type\":\"ReadAction\",\"target\":[\"https:\\\/\\\/minestamp2.webpstw.com\\\/producto\\\/diy-marky-ropa-y-objetos\\\/\"]}]},{\"@type\":\"ImageObject\",\"inLanguage\":\"en-US\",\"@id\":\"https:\\\/\\\/minestamp2.webpstw.com\\\/producto\\\/diy-marky-ropa-y-objetos\\\/#primaryimage\",\"url\":\"https:\\\/\\\/minestamp2.webpstw.com\\\/wp-content\\\/uploads\\\/2025\\\/04\\\/colop-diy-marky-stamp-textile-school-marker-packaging-labels-tweezers-letter-set-tape-02b-green.jpeg\",\"contentUrl\":\"https:\\\/\\\/minestamp2.webpstw.com\\\/wp-content\\\/uploads\\\/2025\\\/04\\\/colop-diy-marky-stamp-textile-school-marker-packaging-labels-tweezers-letter-set-tape-02b-green.jpeg\",\"width\":1440,\"height\":1440,\"caption\":\"sello-textil-ropa-etiquetas-objetos-escolar-infantil\"},{\"@type\":\"BreadcrumbList\",\"@id\":\"https:\\\/\\\/minestamp2.webpstw.com\\\/producto\\\/diy-marky-ropa-y-objetos\\\/#breadcrumb\",\"itemListElement\":[{\"@type\":\"ListItem\",\"position\":1,\"name\":\"Portada\",\"item\":\"https:\\\/\\\/minestamp2.webpstw.com\\\/\"},{\"@type\":\"ListItem\",\"position\":2,\"name\":\"Tienda\",\"item\":\"https:\\\/\\\/minestamp2.webpstw.com\\\/tienda\\\/\"},{\"@type\":\"ListItem\",\"position\":3,\"name\":\"DIY Marky\"}]},{\"@type\":\"WebSite\",\"@id\":\"https:\\\/\\\/minestamp2.webpstw.com\\\/#website\",\"url\":\"https:\\\/\\\/minestamp2.webpstw.com\\\/\",\"name\":\"MINESTAMP\",\"description\":\"La marca de sellos m\u00e1s vendida del mundo\",\"potentialAction\":[{\"@type\":\"SearchAction\",\"target\":{\"@type\":\"EntryPoint\",\"urlTemplate\":\"https:\\\/\\\/minestamp2.webpstw.com\\\/?s={search_term_string}\"},\"query-input\":{\"@type\":\"PropertyValueSpecification\",\"valueRequired\":true,\"valueName\":\"search_term_string\"}}],\"inLanguage\":\"en-US\"}]}<\/script>\n<!-- \/ Yoast SEO plugin. -->","yoast_head_json":{"title":"Marcador de ropa y objetos - DIY Marky - MINESTAMP","description":"DIY Marky: el marcador de ropa y objetos m\u00e1s f\u00e1cil de personalizar. Contiene un set de letras, etiquetas lavables y cinta textil para marcar ropa y objetos.","robots":{"index":"index","follow":"follow","max-snippet":"max-snippet:-1","max-image-preview":"max-image-preview:large","max-video-preview":"max-video-preview:-1"},"canonical":"https:\/\/minestamp2.webpstw.com\/en\/product\/diy-marky-ropa-y-objetos\/","og_locale":"en_US","og_type":"article","og_title":"Marcador de ropa y objetos - DIY Marky - MINESTAMP","og_description":"DIY Marky: el marcador de ropa y objetos m\u00e1s f\u00e1cil de personalizar. Contiene un set de letras, etiquetas lavables y cinta textil para marcar ropa y objetos.","og_url":"https:\/\/minestamp2.webpstw.com\/en\/product\/diy-marky-ropa-y-objetos\/","og_site_name":"MINESTAMP","article_modified_time":"2026-04-11T14:31:23+00:00","og_image":[{"width":1440,"height":1440,"url":"https:\/\/minestamp2.webpstw.com\/wp-content\/uploads\/2025\/04\/colop-diy-marky-stamp-textile-school-marker-packaging-labels-tweezers-letter-set-tape-02b-green.jpeg","type":"image\/jpeg"}],"twitter_card":"summary_large_image","twitter_misc":{"Est. reading time":"3 minutes"},"schema":{"@context":"https:\/\/schema.org","@graph":[{"@type":"WebPage","@id":"https:\/\/minestamp2.webpstw.com\/producto\/diy-marky-ropa-y-objetos\/","url":"https:\/\/minestamp2.webpstw.com\/producto\/diy-marky-ropa-y-objetos\/","name":"Marcador de ropa y objetos - DIY Marky - MINESTAMP","isPartOf":{"@id":"https:\/\/minestamp2.webpstw.com\/#website"},"primaryImageOfPage":{"@id":"https:\/\/minestamp2.webpstw.com\/producto\/diy-marky-ropa-y-objetos\/#primaryimage"},"image":{"@id":"https:\/\/minestamp2.webpstw.com\/producto\/diy-marky-ropa-y-objetos\/#primaryimage"},"thumbnailUrl":"https:\/\/minestamp2.webpstw.com\/wp-content\/uploads\/2025\/04\/colop-diy-marky-stamp-textile-school-marker-packaging-labels-tweezers-letter-set-tape-02b-green.jpeg","datePublished":"2025-04-24T14:29:50+00:00","dateModified":"2026-04-11T14:31:23+00:00","description":"DIY Marky: el marcador de ropa y objetos m\u00e1s f\u00e1cil de personalizar. Contiene un set de letras, etiquetas lavables y cinta textil para marcar ropa y objetos.","breadcrumb":{"@id":"https:\/\/minestamp2.webpstw.com\/producto\/diy-marky-ropa-y-objetos\/#breadcrumb"},"inLanguage":"en-US","potentialAction":[{"@type":"ReadAction","target":["https:\/\/minestamp2.webpstw.com\/producto\/diy-marky-ropa-y-objetos\/"]}]},{"@type":"ImageObject","inLanguage":"en-US","@id":"https:\/\/minestamp2.webpstw.com\/producto\/diy-marky-ropa-y-objetos\/#primaryimage","url":"https:\/\/minestamp2.webpstw.com\/wp-content\/uploads\/2025\/04\/colop-diy-marky-stamp-textile-school-marker-packaging-labels-tweezers-letter-set-tape-02b-green.jpeg","contentUrl":"https:\/\/minestamp2.webpstw.com\/wp-content\/uploads\/2025\/04\/colop-diy-marky-stamp-textile-school-marker-packaging-labels-tweezers-letter-set-tape-02b-green.jpeg","width":1440,"height":1440,"caption":"sello-textil-ropa-etiquetas-objetos-escolar-infantil"},{"@type":"BreadcrumbList","@id":"https:\/\/minestamp2.webpstw.com\/producto\/diy-marky-ropa-y-objetos\/#breadcrumb","itemListElement":[{"@type":"ListItem","position":1,"name":"Portada","item":"https:\/\/minestamp2.webpstw.com\/"},{"@type":"ListItem","position":2,"name":"Tienda","item":"https:\/\/minestamp2.webpstw.com\/tienda\/"},{"@type":"ListItem","position":3,"name":"DIY Marky"}]},{"@type":"WebSite","@id":"https:\/\/minestamp2.webpstw.com\/#website","url":"https:\/\/minestamp2.webpstw.com\/","name":"MINESTAMP","description":"La marca de sellos m\u00e1s vendida del mundo","potentialAction":[{"@type":"SearchAction","target":{"@type":"EntryPoint","urlTemplate":"https:\/\/minestamp2.webpstw.com\/?s={search_term_string}"},"query-input":{"@type":"PropertyValueSpecification","valueRequired":true,"valueName":"search_term_string"}}],"inLanguage":"en-US"}]}},"_links":{"self":[{"href":"https:\/\/minestamp2.webpstw.com\/en\/wp-json\/wp\/v2\/product\/36764","targetHints":{"allow":["GET"]}}],"collection":[{"href":"https:\/\/minestamp2.webpstw.com\/en\/wp-json\/wp\/v2\/product"}],"about":[{"href":"https:\/\/minestamp2.webpstw.com\/en\/wp-json\/wp\/v2\/types\/product"}],"replies":[{"embeddable":true,"href":"https:\/\/minestamp2.webpstw.com\/en\/wp-json\/wp\/v2\/comments?post=36764"}],"wp:featuredmedia":[{"embeddable":true,"href":"https:\/\/minestamp2.webpstw.com\/en\/wp-json\/wp\/v2\/media\/36779"}],"wp:attachment":[{"href":"https:\/\/minestamp2.webpstw.com\/en\/wp-json\/wp\/v2\/media?parent=36764"}],"wp:term":[{"taxonomy":"product_brand","embeddable":true,"href":"https:\/\/minestamp2.webpstw.com\/en\/wp-json\/wp\/v2\/product_brand?post=36764"},{"taxonomy":"product_cat","embeddable":true,"href":"https:\/\/minestamp2.webpstw.com\/en\/wp-json\/wp\/v2\/product_cat?post=36764"},{"taxonomy":"product_tag","embeddable":true,"href":"https:\/\/minestamp2.webpstw.com\/en\/wp-json\/wp\/v2\/product_tag?post=36764"}],"curies":[{"name":"wp","href":"https:\/\/api.w.org\/{rel}","templated":true}]}}