{"id":35120,"date":"2022-12-12T12:28:48","date_gmt":"2022-12-12T10:28:48","guid":{"rendered":"https:\/\/minestamp.com\/?post_type=product&#038;p=35120"},"modified":"2026-04-20T12:28:22","modified_gmt":"2026-04-20T10:28:22","slug":"pack-sellos-la-regla-de-los-4-regalos","status":"publish","type":"product","link":"https:\/\/minestamp2.webpstw.com\/en\/product\/pack-sellos-la-regla-de-los-4-regalos\/","title":{"rendered":"Pack Sellos Navide\u00f1os \u00abLa regla de los 4 regalos\u00bb"},"content":{"rendered":"<div class=\"wpb-content-wrapper\"><p>()<div class=\"vc_row wpb_row vc_row-fluid\"><div class=\"wpb_column vc_column_container vc_col-sm-4\"><div class=\"vc_column-inner vc_custom_1485001929326\"><div class=\"wpb_wrapper\"><div class=\"title-wrapper  basel-title-color-default basel-title-style-default basel-title-size-small text-left\"><div class=\"liner-continer\"> <span class=\"left-line\"><\/span> <h4 class=\"title\" >QU\u00c9 INCLUYE EL PACK<span class=\"title-separator\"><span><\/span><\/span><\/h4> <span class=\"right-line\"><\/span> <\/div><\/div>\n\t<div class=\"wpb_text_column wpb_content_element\" >\n\t\t<div class=\"wpb_wrapper\">\n\t\t\t<p id=\"header3\"><strong>Sellos Transparentes reposicionables grandes:<\/strong><br \/>\n\u00b7 Algo que Necesitas<br \/>\n\u00b7 Algo para Leer<br \/>\n\u00b7 Algo que Quieres<br \/>\n\u00b7 Algo para Vestir<\/p>\n<p><strong>Sellos transparentes reposicionables peque\u00f1os:<\/strong><br \/>\n\u00b7 \u00c1rbol Navide\u00f1o<br \/>\n\u00b7 Campana<br \/>\n\u00b7 Caramelo de Palo<br \/>\n\u00b7 Hojas de Navidad (2uds)<br \/>\n\u00b7 Copo de nieve<br \/>\n\u00b7 Galleta de gengibre<\/p>\n<p><strong>Bloque acr\u00edlico transparente<\/strong> (metacrilato) para usar como base y pegar los sellos en \u00e9l.<\/p>\n<p><strong>Almohadilla con tinta<\/strong><br \/>\n\u00b7 Color NEGRO<\/p>\n\n\t\t<\/div>\n\t<\/div>\n<\/div><\/div><\/div><div class=\"wpb_column vc_column_container vc_col-sm-8\"><div class=\"vc_column-inner vc_custom_1667921767369\"><div class=\"wpb_wrapper\">\n\t<div  class=\"wpb_single_image wpb_content_element vc_align_left wpb_animate_when_almost_visible wpb_top-to-bottom top-to-bottom\">\n\t\t\n\t\t<figure class=\"wpb_wrapper vc_figure\">\n\t\t\t<div class=\"vc_single_image-wrapper   vc_box_border_grey\"><img loading=\"lazy\" decoding=\"async\" width=\"1367\" height=\"1200\" src=\"https:\/\/minestamp2.webpstw.com\/wp-content\/uploads\/2022\/12\/mine-etiquetas-4reglas-que-contiene-1200.jpg\" class=\"vc_single_image-img attachment-full\" alt=\"\" title=\"mine-etiquetas-4reglas-que-contiene-1200\" srcset=\"https:\/\/minestamp2.webpstw.com\/wp-content\/uploads\/2022\/12\/mine-etiquetas-4reglas-que-contiene-1200.jpg 1367w, https:\/\/minestamp2.webpstw.com\/wp-content\/uploads\/2022\/12\/mine-etiquetas-4reglas-que-contiene-1200-300x263.jpg 300w, https:\/\/minestamp2.webpstw.com\/wp-content\/uploads\/2022\/12\/mine-etiquetas-4reglas-que-contiene-1200-1024x899.jpg 1024w, https:\/\/minestamp2.webpstw.com\/wp-content\/uploads\/2022\/12\/mine-etiquetas-4reglas-que-contiene-1200-768x674.jpg 768w, https:\/\/minestamp2.webpstw.com\/wp-content\/uploads\/2022\/12\/mine-etiquetas-4reglas-que-contiene-1200-14x12.jpg 14w, https:\/\/minestamp2.webpstw.com\/wp-content\/uploads\/2022\/12\/mine-etiquetas-4reglas-que-contiene-1200-1200x1053.jpg 1200w\" sizes=\"auto, (max-width: 1367px) 100vw, 1367px\" \/><\/div>\n\t\t<\/figure>\n\t<\/div>\n<\/div><\/div><\/div><\/div><div class=\"vc_row wpb_row vc_row-fluid\"><div class=\"wpb_column vc_column_container vc_col-sm-12\"><div class=\"vc_column-inner vc_custom_1670843532290\"><div class=\"wpb_wrapper\"><div class=\"vc_separator wpb_content_element vc_separator_align_center vc_sep_width_100 vc_sep_pos_align_center vc_separator_no_text vc_sep_color_grey vc_custom_1670843593118\" ><span class=\"vc_sep_holder vc_sep_holder_l\"><span class=\"vc_sep_line\"><\/span><\/span><span class=\"vc_sep_holder vc_sep_holder_r\"><span class=\"vc_sep_line\"><\/span><\/span>\n<\/div><\/div><\/div><\/div><\/div><div class=\"vc_row wpb_row vc_row-fluid\"><div class=\"wpb_column vc_column_container vc_col-sm-6\"><div class=\"vc_column-inner\"><div class=\"wpb_wrapper\">\n\t<div class=\"wpb_raw_code wpb_raw_html wpb_content_element\" >\n\t\t<div class=\"wpb_wrapper\">\n\t\t\t<video src=\"https:\/\/minestamp.com\/wp-content\/uploads\/2022\/12\/instrucciones-600px.mp4\" poster=\"https:\/\/minestamp.com\/wp-content\/uploads\/2022\/12\/instrucciones-600px.mp4\" controls style=\"width:100%\"><\/video>\n\t\t<\/div>\n\t<\/div>\n<\/div><\/div><\/div><div class=\"wpb_column vc_column_container vc_col-sm-6\"><div class=\"vc_column-inner\"><div class=\"wpb_wrapper\"><div class=\"title-wrapper  basel-title-color-default basel-title-style-default basel-title-size-small text-left\"><div class=\"liner-continer\"> <span class=\"left-line\"><\/span> <h4 class=\"title\" >INSTRUCCIONES DE USO<span class=\"title-separator\"><span><\/span><\/span><\/h4> <span class=\"right-line\"><\/span> <\/div><\/div>\n\t<div class=\"wpb_text_column wpb_content_element\" >\n\t\t<div class=\"wpb_wrapper\">\n\t\t\t<p>1).<strong> Separa el sello de la hoja transparente<\/strong> con cuidado de no romperlo (est\u00e1 muy pegado)<\/p>\n<p>2). <strong>Pon el sello en el bloque acr\u00edlico<\/strong>, ver\u00e1s que se quedar\u00e1 pegado aunque se puede quitar sin problemas.<\/p>\n<p>3). <strong>Entinta el sello<\/strong> en la tinta del color que prefieras y sella apretando firmemente sobre la etiqueta.<\/p>\n<p>4). Una vez hayas terminado, <strong>limpia el sello y p\u00e9galo de nuevo<\/strong> en la hoja transparente para guardarlo y usarlo de nuevo cuando quieras.<\/p>\n\n\t\t<\/div>\n\t<\/div>\n<\/div><\/div><\/div><\/div><div class=\"vc_row wpb_row vc_row-fluid\"><div class=\"wpb_column vc_column_container vc_col-sm-12\"><div class=\"vc_column-inner vc_custom_1670843532290\"><div class=\"wpb_wrapper\"><div class=\"vc_separator wpb_content_element vc_separator_align_center vc_sep_width_100 vc_sep_pos_align_center vc_separator_no_text vc_sep_color_grey\" ><span class=\"vc_sep_holder vc_sep_holder_l\"><span class=\"vc_sep_line\"><\/span><\/span><span class=\"vc_sep_holder vc_sep_holder_r\"><span class=\"vc_sep_line\"><\/span><\/span>\n<\/div><\/div><\/div><\/div><\/div><div class=\"vc_row wpb_row vc_row-fluid\"><div class=\"wpb_column vc_column_container vc_col-sm-12\"><div class=\"vc_column-inner\"><div class=\"wpb_wrapper\">\n\t<div class=\"wpb_text_column wpb_content_element\" >\n\t\t<div class=\"wpb_wrapper\">\n\t\t\t<h2 id=\"header2\">C\u00f3mo ense\u00f1ar a los ni\u00f1os a valorar los juguetes y lo que tienen<\/h2>\n<p>Entre tanta luz en la calle y colores en los centros comerciales, es complicado no querer comprarlo todo estos d\u00edas navide\u00f1os. M\u00e1s all\u00e1 de los regalos que los ni\u00f1os piden en su carta de Pap\u00e1 Noel o los Reyes Magos, es importante que ense\u00f1emos a nuestros hijos a <strong>valorar las peque\u00f1as cosas que tenemos y que nos regalan.<\/strong><\/p>\n<p>Adem\u00e1s de la <strong>regla de los cuatro regalos<\/strong>, te recomendamos estos peque\u00f1os tips que les ayudar\u00e1n a comprender el significado y la importancia que tiene un regalo:<\/p>\n<p>&#8211; <strong>Habla con la familia<\/strong> y organ\u00edzalos para no regalar un exceso de regalos.<\/p>\n<p>&#8211; <strong>Participar en un acto solidario<\/strong>. Pod\u00e9is por ejemplo, invitar a tus hijos a donar los juguetes que ya no usen.<\/p>\n<p>&#8211; <strong>Preparar regalos con los ni\u00f1os<\/strong>. Prop\u00f3n a tus hijos hacer regalos caseros, que no requieran de la compra de nada en concreto. Lo importante es que los mismos creen el regalo, para que sientan la importancia de regalar algo suyo y no algo comprado.<\/p>\n\n\t\t<\/div>\n\t<\/div>\n<\/div><\/div><\/div><\/div>\n<\/div>","protected":false},"excerpt":{"rendered":"<p>La regla de los 4 regalos consiste en seleccionar solo cuatro cosas <strong>para regalar a los m\u00e1s peques estas Navidades<\/strong><\/p>\n<p>1. Algo para <strong>Vestir<\/strong><br \/>\n2. Algo para <strong>Leer<\/strong><br \/>\n3. Algo que <strong>Quieran<\/strong><br \/>\n4. Algo que <strong>Necesiten<\/strong><\/p>\n<p>Cuatro es la cantidad de regalos perfecta para los ni\u00f1os en Navidad para que no reciban tantos juguetes, y puedan valorar y disfrutar realmente de ellos.<\/p>\n<p>Para conseguirlo, te proponemos este pack de sellos de la regla de los 4 regalos, para ayudarte a sellar sus regalos con facilidad y de manera r\u00e1pida y divertida.<\/p>\n<p>El pack contiene:<\/p>\n<ul>\n<li>Pack de Sellos Navide\u00f1os<\/li>\n<li>Tinta Negra<\/li>\n<li>Metacrilato<\/li>\n<\/ul>","protected":false},"featured_media":35122,"comment_status":"open","ping_status":"closed","template":"","meta":{"rs_blank_template":"","rs_page_bg_color":"","slide_template_v7":""},"product_brand":[],"product_cat":[70,242,243,144],"product_tag":[],"class_list":{"0":"post-35120","1":"product","2":"type-product","3":"status-publish","4":"has-post-thumbnail","6":"product_cat-manualidades","7":"product_cat-sellos-navidad","8":"product_cat-sellos-navidad-manualidades","9":"product_cat-sellos-ocasiones-especiales","11":"first","12":"instock","13":"taxable","14":"shipping-taxable","15":"purchasable","16":"product-type-simple"},"yoast_head":"<!-- This site is optimized with the Yoast SEO plugin v27.3 - https:\/\/yoast.com\/product\/yoast-seo-wordpress\/ -->\n<title>Pack Sellos Navide\u00f1os &quot;La regla de los 4 regalos&quot; - MINESTAMP<\/title>\n<meta name=\"description\" content=\"La regla de los 4 regalos consiste en seleccionar solo cuatro cosas para regalar a los m\u00e1s peques estas Navidades. La regla de los 4 regalos.\" \/>\n<meta name=\"robots\" content=\"index, follow, max-snippet:-1, max-image-preview:large, max-video-preview:-1\" \/>\n<link rel=\"canonical\" href=\"https:\/\/minestamp2.webpstw.com\/en\/product\/pack-sellos-la-regla-de-los-4-regalos\/\" \/>\n<meta property=\"og:locale\" content=\"en_US\" \/>\n<meta property=\"og:type\" content=\"article\" \/>\n<meta property=\"og:title\" content=\"Pack Sellos Navide\u00f1os &quot;La regla de los 4 regalos&quot; - MINESTAMP\" \/>\n<meta property=\"og:description\" content=\"La regla de los 4 regalos consiste en seleccionar solo cuatro cosas para regalar a los m\u00e1s peques estas Navidades. La regla de los 4 regalos.\" \/>\n<meta property=\"og:url\" content=\"https:\/\/minestamp2.webpstw.com\/en\/product\/pack-sellos-la-regla-de-los-4-regalos\/\" \/>\n<meta property=\"og:site_name\" content=\"MINESTAMP\" \/>\n<meta property=\"article:modified_time\" content=\"2026-04-20T10:28:22+00:00\" \/>\n<meta property=\"og:image\" content=\"https:\/\/minestamp2.webpstw.com\/wp-content\/uploads\/2022\/12\/mine-etiquetas-4reglas-2-portada-1200.jpg\" \/>\n\t<meta property=\"og:image:width\" content=\"1200\" \/>\n\t<meta property=\"og:image:height\" content=\"1200\" \/>\n\t<meta property=\"og:image:type\" content=\"image\/jpeg\" \/>\n<meta name=\"twitter:card\" content=\"summary_large_image\" \/>\n<meta name=\"twitter:label1\" content=\"Est. reading time\" \/>\n\t<meta name=\"twitter:data1\" content=\"2 minutes\" \/>\n<script type=\"application\/ld+json\" class=\"yoast-schema-graph\">{\"@context\":\"https:\\\/\\\/schema.org\",\"@graph\":[{\"@type\":\"WebPage\",\"@id\":\"https:\\\/\\\/minestamp2.webpstw.com\\\/producto\\\/pack-sellos-la-regla-de-los-4-regalos\\\/\",\"url\":\"https:\\\/\\\/minestamp2.webpstw.com\\\/producto\\\/pack-sellos-la-regla-de-los-4-regalos\\\/\",\"name\":\"Pack Sellos Navide\u00f1os \\\"La regla de los 4 regalos\\\" - MINESTAMP\",\"isPartOf\":{\"@id\":\"https:\\\/\\\/minestamp2.webpstw.com\\\/#website\"},\"primaryImageOfPage\":{\"@id\":\"https:\\\/\\\/minestamp2.webpstw.com\\\/producto\\\/pack-sellos-la-regla-de-los-4-regalos\\\/#primaryimage\"},\"image\":{\"@id\":\"https:\\\/\\\/minestamp2.webpstw.com\\\/producto\\\/pack-sellos-la-regla-de-los-4-regalos\\\/#primaryimage\"},\"thumbnailUrl\":\"https:\\\/\\\/minestamp2.webpstw.com\\\/wp-content\\\/uploads\\\/2022\\\/12\\\/mine-etiquetas-4reglas-2-portada-1200.jpg\",\"datePublished\":\"2022-12-12T10:28:48+00:00\",\"dateModified\":\"2026-04-20T10:28:22+00:00\",\"description\":\"La regla de los 4 regalos consiste en seleccionar solo cuatro cosas para regalar a los m\u00e1s peques estas Navidades. La regla de los 4 regalos.\",\"breadcrumb\":{\"@id\":\"https:\\\/\\\/minestamp2.webpstw.com\\\/producto\\\/pack-sellos-la-regla-de-los-4-regalos\\\/#breadcrumb\"},\"inLanguage\":\"en-US\",\"potentialAction\":[{\"@type\":\"ReadAction\",\"target\":[\"https:\\\/\\\/minestamp2.webpstw.com\\\/producto\\\/pack-sellos-la-regla-de-los-4-regalos\\\/\"]}]},{\"@type\":\"ImageObject\",\"inLanguage\":\"en-US\",\"@id\":\"https:\\\/\\\/minestamp2.webpstw.com\\\/producto\\\/pack-sellos-la-regla-de-los-4-regalos\\\/#primaryimage\",\"url\":\"https:\\\/\\\/minestamp2.webpstw.com\\\/wp-content\\\/uploads\\\/2022\\\/12\\\/mine-etiquetas-4reglas-2-portada-1200.jpg\",\"contentUrl\":\"https:\\\/\\\/minestamp2.webpstw.com\\\/wp-content\\\/uploads\\\/2022\\\/12\\\/mine-etiquetas-4reglas-2-portada-1200.jpg\",\"width\":1200,\"height\":1200},{\"@type\":\"BreadcrumbList\",\"@id\":\"https:\\\/\\\/minestamp2.webpstw.com\\\/producto\\\/pack-sellos-la-regla-de-los-4-regalos\\\/#breadcrumb\",\"itemListElement\":[{\"@type\":\"ListItem\",\"position\":1,\"name\":\"Portada\",\"item\":\"https:\\\/\\\/minestamp2.webpstw.com\\\/\"},{\"@type\":\"ListItem\",\"position\":2,\"name\":\"Tienda\",\"item\":\"https:\\\/\\\/minestamp2.webpstw.com\\\/tienda\\\/\"},{\"@type\":\"ListItem\",\"position\":3,\"name\":\"Pack Sellos Navide\u00f1os &#8220;La regla de los 4 regalos&#8221;\"}]},{\"@type\":\"WebSite\",\"@id\":\"https:\\\/\\\/minestamp2.webpstw.com\\\/#website\",\"url\":\"https:\\\/\\\/minestamp2.webpstw.com\\\/\",\"name\":\"MINESTAMP\",\"description\":\"La marca de sellos m\u00e1s vendida del mundo\",\"potentialAction\":[{\"@type\":\"SearchAction\",\"target\":{\"@type\":\"EntryPoint\",\"urlTemplate\":\"https:\\\/\\\/minestamp2.webpstw.com\\\/?s={search_term_string}\"},\"query-input\":{\"@type\":\"PropertyValueSpecification\",\"valueRequired\":true,\"valueName\":\"search_term_string\"}}],\"inLanguage\":\"en-US\"}]}<\/script>\n<!-- \/ Yoast SEO plugin. -->","yoast_head_json":{"title":"Pack Sellos Navide\u00f1os \"La regla de los 4 regalos\" - MINESTAMP","description":"La regla de los 4 regalos consiste en seleccionar solo cuatro cosas para regalar a los m\u00e1s peques estas Navidades. La regla de los 4 regalos.","robots":{"index":"index","follow":"follow","max-snippet":"max-snippet:-1","max-image-preview":"max-image-preview:large","max-video-preview":"max-video-preview:-1"},"canonical":"https:\/\/minestamp2.webpstw.com\/en\/product\/pack-sellos-la-regla-de-los-4-regalos\/","og_locale":"en_US","og_type":"article","og_title":"Pack Sellos Navide\u00f1os \"La regla de los 4 regalos\" - MINESTAMP","og_description":"La regla de los 4 regalos consiste en seleccionar solo cuatro cosas para regalar a los m\u00e1s peques estas Navidades. La regla de los 4 regalos.","og_url":"https:\/\/minestamp2.webpstw.com\/en\/product\/pack-sellos-la-regla-de-los-4-regalos\/","og_site_name":"MINESTAMP","article_modified_time":"2026-04-20T10:28:22+00:00","og_image":[{"width":1200,"height":1200,"url":"https:\/\/minestamp2.webpstw.com\/wp-content\/uploads\/2022\/12\/mine-etiquetas-4reglas-2-portada-1200.jpg","type":"image\/jpeg"}],"twitter_card":"summary_large_image","twitter_misc":{"Est. reading time":"2 minutes"},"schema":{"@context":"https:\/\/schema.org","@graph":[{"@type":"WebPage","@id":"https:\/\/minestamp2.webpstw.com\/producto\/pack-sellos-la-regla-de-los-4-regalos\/","url":"https:\/\/minestamp2.webpstw.com\/producto\/pack-sellos-la-regla-de-los-4-regalos\/","name":"Pack Sellos Navide\u00f1os \"La regla de los 4 regalos\" - MINESTAMP","isPartOf":{"@id":"https:\/\/minestamp2.webpstw.com\/#website"},"primaryImageOfPage":{"@id":"https:\/\/minestamp2.webpstw.com\/producto\/pack-sellos-la-regla-de-los-4-regalos\/#primaryimage"},"image":{"@id":"https:\/\/minestamp2.webpstw.com\/producto\/pack-sellos-la-regla-de-los-4-regalos\/#primaryimage"},"thumbnailUrl":"https:\/\/minestamp2.webpstw.com\/wp-content\/uploads\/2022\/12\/mine-etiquetas-4reglas-2-portada-1200.jpg","datePublished":"2022-12-12T10:28:48+00:00","dateModified":"2026-04-20T10:28:22+00:00","description":"La regla de los 4 regalos consiste en seleccionar solo cuatro cosas para regalar a los m\u00e1s peques estas Navidades. La regla de los 4 regalos.","breadcrumb":{"@id":"https:\/\/minestamp2.webpstw.com\/producto\/pack-sellos-la-regla-de-los-4-regalos\/#breadcrumb"},"inLanguage":"en-US","potentialAction":[{"@type":"ReadAction","target":["https:\/\/minestamp2.webpstw.com\/producto\/pack-sellos-la-regla-de-los-4-regalos\/"]}]},{"@type":"ImageObject","inLanguage":"en-US","@id":"https:\/\/minestamp2.webpstw.com\/producto\/pack-sellos-la-regla-de-los-4-regalos\/#primaryimage","url":"https:\/\/minestamp2.webpstw.com\/wp-content\/uploads\/2022\/12\/mine-etiquetas-4reglas-2-portada-1200.jpg","contentUrl":"https:\/\/minestamp2.webpstw.com\/wp-content\/uploads\/2022\/12\/mine-etiquetas-4reglas-2-portada-1200.jpg","width":1200,"height":1200},{"@type":"BreadcrumbList","@id":"https:\/\/minestamp2.webpstw.com\/producto\/pack-sellos-la-regla-de-los-4-regalos\/#breadcrumb","itemListElement":[{"@type":"ListItem","position":1,"name":"Portada","item":"https:\/\/minestamp2.webpstw.com\/"},{"@type":"ListItem","position":2,"name":"Tienda","item":"https:\/\/minestamp2.webpstw.com\/tienda\/"},{"@type":"ListItem","position":3,"name":"Pack Sellos Navide\u00f1os &#8220;La regla de los 4 regalos&#8221;"}]},{"@type":"WebSite","@id":"https:\/\/minestamp2.webpstw.com\/#website","url":"https:\/\/minestamp2.webpstw.com\/","name":"MINESTAMP","description":"La marca de sellos m\u00e1s vendida del mundo","potentialAction":[{"@type":"SearchAction","target":{"@type":"EntryPoint","urlTemplate":"https:\/\/minestamp2.webpstw.com\/?s={search_term_string}"},"query-input":{"@type":"PropertyValueSpecification","valueRequired":true,"valueName":"search_term_string"}}],"inLanguage":"en-US"}]}},"_links":{"self":[{"href":"https:\/\/minestamp2.webpstw.com\/en\/wp-json\/wp\/v2\/product\/35120","targetHints":{"allow":["GET"]}}],"collection":[{"href":"https:\/\/minestamp2.webpstw.com\/en\/wp-json\/wp\/v2\/product"}],"about":[{"href":"https:\/\/minestamp2.webpstw.com\/en\/wp-json\/wp\/v2\/types\/product"}],"replies":[{"embeddable":true,"href":"https:\/\/minestamp2.webpstw.com\/en\/wp-json\/wp\/v2\/comments?post=35120"}],"wp:featuredmedia":[{"embeddable":true,"href":"https:\/\/minestamp2.webpstw.com\/en\/wp-json\/wp\/v2\/media\/35122"}],"wp:attachment":[{"href":"https:\/\/minestamp2.webpstw.com\/en\/wp-json\/wp\/v2\/media?parent=35120"}],"wp:term":[{"taxonomy":"product_brand","embeddable":true,"href":"https:\/\/minestamp2.webpstw.com\/en\/wp-json\/wp\/v2\/product_brand?post=35120"},{"taxonomy":"product_cat","embeddable":true,"href":"https:\/\/minestamp2.webpstw.com\/en\/wp-json\/wp\/v2\/product_cat?post=35120"},{"taxonomy":"product_tag","embeddable":true,"href":"https:\/\/minestamp2.webpstw.com\/en\/wp-json\/wp\/v2\/product_tag?post=35120"}],"curies":[{"name":"wp","href":"https:\/\/api.w.org\/{rel}","templated":true}]}}