{"id":33374,"date":"2022-06-28T17:59:25","date_gmt":"2022-06-28T15:59:25","guid":{"rendered":"https:\/\/minestamp.com\/?post_type=product&#038;p=33374"},"modified":"2022-07-01T18:05:25","modified_gmt":"2022-07-01T16:05:25","slug":"piedra-ladot-mariposa-m","status":"publish","type":"product","link":"https:\/\/minestamp2.webpstw.com\/en\/product\/piedra-ladot-mariposa-m\/","title":{"rendered":"Piedra LaDot &#8211; MARIPOSA (M)"},"content":{"rendered":"<div class=\"wpb-content-wrapper\"><div class=\"vc_row wpb_row vc_row-fluid\"><div class=\"wpb_column vc_column_container vc_col-sm-6\"><div class=\"vc_column-inner\"><div class=\"wpb_wrapper\"><div class=\"title-wrapper  basel-title-color-default basel-title-style-default basel-title-size-small text-center\"><div class=\"liner-continer\"> <span class=\"left-line\"><\/span> <h4 class=\"title\" >MODO DE EMPLEO<span class=\"title-separator\"><span><\/span><\/span><\/h4> <span class=\"right-line\"><\/span> <\/div><\/div>\n\t<div class=\"wpb_text_column wpb_content_element\" >\n\t\t<div class=\"wpb_wrapper\">\n\t\t\t<p><strong>1 &#8211; Agita el tubo durante 1 minuto antes de llenar la almohadilla de tinta.<\/strong><br \/>\nPara una almohadilla peque\u00f1a utiliza media botella. No sobrepases estas medidas ya que, de lo contrario, humedecer\u00e1 demasiado la almohadilla.<br \/>\nGuarda el resto de la tinta para volver a humedecerla cuando est\u00e9 seca.<\/p>\n<p><strong>2 &#8211;\u00a0 Despu\u00e9s de llenar la almohadilla de tinta, espera 1 hora antes de su uso.<\/strong><br \/>\nCi\u00e9rrala siempre directamente despu\u00e9s de cualquier uso ya que puede secarse en menos de 15 segundos.<\/p>\n<p><strong>3 &#8211; Antes de estampar el tatuaje, limpia la piel con alcohol o con una loci\u00f3n anti-grasosa.<\/strong><br \/>\nEvita colocar el tatuaje Ladot en zonas donde la ropa pueda rozar la piel.<\/p>\n<p><strong>4 &#8211; Exp\u00f3n la piedra\/sello suavemente sobre la almohadilla sin presionar muy fuerte ya que la piedra podr\u00eda inundarse completamente de tinta.<\/strong><br \/>\nSi la piedra es nueva, repite este paso varias veces.<\/p>\n<p><strong>5 &#8211; Aplica la piedra directamente sobre la piel sin presionar con fuerza.<\/strong><br \/>\nEl tatuaje estar\u00e1 seco en 10 segundos.<\/p>\n<p><strong>6 &#8211; Puedes decorar el tatuaje a tu gusto. Con el pegamento corporal puedes poner piedras brillantes y purpurina e incluso dibujar con los colores que m\u00e1s te gusten.<\/strong><br \/>\nCompleta tu tatuaje como quieras.<\/p>\n<p><strong>7 &#8211; Para utilizar el pegamento corporal extiende una capa fina y esparce la purpurina sobre ella, a continuaci\u00f3n elimina la sobrante.<\/strong><\/p>\n<p>Puedes eliminar o quitar el tatuaje f\u00e1cilmente con desmaquillador o con aceite para beb\u00e9 frotando suavemente despu\u00e9s de una ducha.<\/p>\n<p>*Todos nuestros productos son s\u00f3lo para uso externo, no lo utilice cerca de los ojos.<br \/>\n*Los menores deben usar los productos bajo la supervisi\u00f3n de un adulto.<\/p>\n\n\t\t<\/div>\n\t<\/div>\n<\/div><\/div><\/div><div class=\"wpb_column vc_column_container vc_col-sm-6\"><div class=\"vc_column-inner\"><div class=\"wpb_wrapper\">\n\t<div  class=\"wpb_single_image wpb_content_element vc_align_left\">\n\t\t\n\t\t<figure class=\"wpb_wrapper vc_figure\">\n\t\t\t<div class=\"vc_single_image-wrapper   vc_box_border_grey\"><img loading=\"lazy\" decoding=\"async\" width=\"834\" height=\"583\" src=\"https:\/\/minestamp2.webpstw.com\/wp-content\/uploads\/2022\/06\/modo-empleo-liner.png\" class=\"vc_single_image-img attachment-full\" alt=\"\" title=\"modo-empleo-liner\" srcset=\"https:\/\/minestamp2.webpstw.com\/wp-content\/uploads\/2022\/06\/modo-empleo-liner.png 834w, https:\/\/minestamp2.webpstw.com\/wp-content\/uploads\/2022\/06\/modo-empleo-liner-300x210.png 300w, https:\/\/minestamp2.webpstw.com\/wp-content\/uploads\/2022\/06\/modo-empleo-liner-768x537.png 768w, https:\/\/minestamp2.webpstw.com\/wp-content\/uploads\/2022\/06\/modo-empleo-liner-18x12.png 18w\" sizes=\"auto, (max-width: 834px) 100vw, 834px\" \/><\/div>\n\t\t<\/figure>\n\t<\/div>\n\n\t<div class=\"wpb_video_widget wpb_content_element vc_clearfix vc_video-aspect-ratio-169 vc_video-el-width-100 vc_video-align-left\" >\n\t\t<div class=\"wpb_wrapper\">\n\t\t\t<h2 class=\"wpb_heading wpb_video_heading\">LaDot Cosmetics - Temporary Tattoos (EN)<\/h2>\n\t\t\t<div class=\"wpb_video_wrapper\"><iframe loading=\"lazy\" title=\"LaDot Cosmetics - Temporary Tattoos (EN)\" width=\"500\" height=\"281\" src=\"https:\/\/www.youtube.com\/embed\/tX6ls9XByV0?feature=oembed\" frameborder=\"0\" allow=\"accelerometer; autoplay; clipboard-write; encrypted-media; gyroscope; picture-in-picture; web-share\" referrerpolicy=\"strict-origin-when-cross-origin\" allowfullscreen><\/iframe><\/div>\n\t\t<\/div>\n\t<\/div>\n<\/div><\/div><\/div><\/div><div class=\"vc_row wpb_row vc_row-fluid\"><div class=\"wpb_column vc_column_container vc_col-sm-12\"><div class=\"vc_column-inner\"><div class=\"wpb_wrapper\"><\/div><\/div><\/div><\/div>\n<\/div>","protected":false},"excerpt":{"rendered":"<p>Nuestra piedra <span style=\"color: #84cfef;\"><strong>Mariposa<\/strong><\/span> as\u00ed como todos nuestros tatuajes est\u00e1n probados dermatol\u00f3gica y cosm\u00e9ticamente, duran varios d\u00edas, son resistentes al agua y f\u00e1ciles de quitar con desmaquillador o aceite de beb\u00e9. Puedes ver <a href=\"https:\/\/minestamp2.webpstw.com\/en\/categoria\/tatuajes-temporales\/piedras-ladot\/\"><strong>toda la colecci\u00f3n de tatuajes aqu\u00ed<\/strong>.<\/a><\/p>\n<hr \/>\n<p><strong>Detalles del producto<br \/>\n<\/strong><\/p>\n<ul>\n<li><span class=\"VIiyi\" lang=\"es\"><span class=\"JLqJ4b ChMk0b\" data-language-for-alternatives=\"es\" data-language-to-translate-into=\"en\" data-phrase-index=\"0\" data-number-of-phrases=\"9\"><span class=\"Q4iAWc\">Tama\u00f1o: <strong>M<\/strong><\/span><\/span> <\/span><\/li>\n<li><span class=\"VIiyi\" lang=\"es\"><span class=\"JLqJ4b ChMk0b\" data-language-for-alternatives=\"es\" data-language-to-translate-into=\"en\" data-phrase-index=\"2\" data-number-of-phrases=\"9\"><span class=\"Q4iAWc\">Dimensiones del tatuaje: <strong>2,5 x 5 cm<\/strong><\/span><\/span> <\/span><\/li>\n<li><span class=\"VIiyi\" lang=\"es\"><span class=\"JLqJ4b ChMk0b\" data-language-for-alternatives=\"es\" data-language-to-translate-into=\"en\" data-phrase-index=\"4\" data-number-of-phrases=\"9\"><span class=\"Q4iAWc\">Embalaje: <strong>C<\/strong><strong>aja de lujo<\/strong><\/span><\/span> <\/span><\/li>\n<li><span class=\"VIiyi\" lang=\"es\"><span class=\"JLqJ4b ChMk0b\" data-language-for-alternatives=\"es\" data-language-to-translate-into=\"en\" data-phrase-index=\"6\" data-number-of-phrases=\"9\"><span class=\"Q4iAWc\">La piedra de tatuaje temporal <strong>se puede usar con una peque\u00f1a almohadilla de tinta<\/strong>.<\/span><\/span> <\/span><\/li>\n<li><span class=\"VIiyi\" lang=\"es\"><span class=\"JLqJ4b ChMk0b\" data-language-for-alternatives=\"es\" data-language-to-translate-into=\"en\" data-phrase-index=\"8\" data-number-of-phrases=\"9\"><span class=\"Q4iAWc\">Cada tatuaje de piedra est\u00e1 <strong>hecho a mano<\/strong>, por lo que cada piedra es \u00fanica y tiene una vida \u00fatil ilimitada.<\/span><\/span><\/span><\/li>\n<li>El tatuaje es <strong>water resistant<\/strong> y por lo tanto, puedes ducharte y ba\u00f1arte sin problemas.<\/li>\n<li>Su duraci\u00f3n es de <strong>un par de d\u00edas<\/strong>, este tiempo var\u00eda dependiendo el tipo de piel.<\/li>\n<li>Cuanto m\u00e1s seca est\u00e9 la piel durante la aplicaci\u00f3n, mayor ser\u00e1 la duraci\u00f3n del tatuaje.<\/li>\n<li>El producto est\u00e1 <strong>testado y probado por el Reglamento de Cosm\u00e9ticos<\/strong>, siendo \u00e9ste un producto totalmente inofensivo e inocuo ya que no contiene t\u00f3xicos.<\/li>\n<\/ul>","protected":false},"featured_media":33377,"comment_status":"open","ping_status":"closed","template":"","meta":{"rs_blank_template":"","rs_page_bg_color":"","slide_template_v7":""},"product_brand":[],"product_cat":[70,223,225,221],"product_tag":[],"class_list":{"0":"post-33374","1":"product","2":"type-product","3":"status-publish","4":"has-post-thumbnail","6":"product_cat-manualidades","7":"product_cat-piedras-ladot","8":"product_cat-piedras-medianas","9":"product_cat-tatuajes-temporales","11":"first","12":"instock","13":"taxable","14":"shipping-taxable","15":"purchasable","16":"product-type-simple"},"yoast_head":"<!-- This site is optimized with the Yoast SEO plugin v27.3 - https:\/\/yoast.com\/product\/yoast-seo-wordpress\/ -->\n<title>Piedra LaDot - MARIPOSA (M) - MINESTAMP<\/title>\n<meta name=\"description\" content=\"Tatuajes probados dermatol\u00f3gica y cosm\u00e9ticamente, resistentes al agua y f\u00e1ciles de quitar con desmaquillador o aceite de beb\u00e9.\" \/>\n<meta name=\"robots\" content=\"index, follow, max-snippet:-1, max-image-preview:large, max-video-preview:-1\" \/>\n<link rel=\"canonical\" href=\"https:\/\/minestamp2.webpstw.com\/en\/product\/piedra-ladot-mariposa-m\/\" \/>\n<meta property=\"og:locale\" content=\"en_US\" \/>\n<meta property=\"og:type\" content=\"article\" \/>\n<meta property=\"og:title\" content=\"Piedra LaDot - MARIPOSA (M) - MINESTAMP\" \/>\n<meta property=\"og:description\" content=\"Tatuajes probados dermatol\u00f3gica y cosm\u00e9ticamente, resistentes al agua y f\u00e1ciles de quitar con desmaquillador o aceite de beb\u00e9.\" \/>\n<meta property=\"og:url\" content=\"https:\/\/minestamp2.webpstw.com\/en\/product\/piedra-ladot-mariposa-m\/\" \/>\n<meta property=\"og:site_name\" content=\"MINESTAMP\" \/>\n<meta property=\"article:modified_time\" content=\"2022-07-01T16:05:25+00:00\" \/>\n<meta property=\"og:image\" content=\"https:\/\/minestamp2.webpstw.com\/wp-content\/uploads\/2022\/06\/8718503972497_web.jpg\" \/>\n\t<meta property=\"og:image:width\" content=\"1200\" \/>\n\t<meta property=\"og:image:height\" content=\"1200\" \/>\n\t<meta property=\"og:image:type\" content=\"image\/jpeg\" \/>\n<meta name=\"twitter:card\" content=\"summary_large_image\" \/>\n<meta name=\"twitter:label1\" content=\"Est. reading time\" \/>\n\t<meta name=\"twitter:data1\" content=\"2 minutes\" \/>\n<script type=\"application\/ld+json\" class=\"yoast-schema-graph\">{\"@context\":\"https:\\\/\\\/schema.org\",\"@graph\":[{\"@type\":\"WebPage\",\"@id\":\"https:\\\/\\\/minestamp2.webpstw.com\\\/producto\\\/piedra-ladot-mariposa-m\\\/\",\"url\":\"https:\\\/\\\/minestamp2.webpstw.com\\\/producto\\\/piedra-ladot-mariposa-m\\\/\",\"name\":\"Piedra LaDot - MARIPOSA (M) - MINESTAMP\",\"isPartOf\":{\"@id\":\"https:\\\/\\\/minestamp2.webpstw.com\\\/#website\"},\"primaryImageOfPage\":{\"@id\":\"https:\\\/\\\/minestamp2.webpstw.com\\\/producto\\\/piedra-ladot-mariposa-m\\\/#primaryimage\"},\"image\":{\"@id\":\"https:\\\/\\\/minestamp2.webpstw.com\\\/producto\\\/piedra-ladot-mariposa-m\\\/#primaryimage\"},\"thumbnailUrl\":\"https:\\\/\\\/minestamp2.webpstw.com\\\/wp-content\\\/uploads\\\/2022\\\/06\\\/8718503972497_web.jpg\",\"datePublished\":\"2022-06-28T15:59:25+00:00\",\"dateModified\":\"2022-07-01T16:05:25+00:00\",\"description\":\"Tatuajes probados dermatol\u00f3gica y cosm\u00e9ticamente, resistentes al agua y f\u00e1ciles de quitar con desmaquillador o aceite de beb\u00e9.\",\"breadcrumb\":{\"@id\":\"https:\\\/\\\/minestamp2.webpstw.com\\\/producto\\\/piedra-ladot-mariposa-m\\\/#breadcrumb\"},\"inLanguage\":\"en-US\",\"potentialAction\":[{\"@type\":\"ReadAction\",\"target\":[\"https:\\\/\\\/minestamp2.webpstw.com\\\/producto\\\/piedra-ladot-mariposa-m\\\/\"]}]},{\"@type\":\"ImageObject\",\"inLanguage\":\"en-US\",\"@id\":\"https:\\\/\\\/minestamp2.webpstw.com\\\/producto\\\/piedra-ladot-mariposa-m\\\/#primaryimage\",\"url\":\"https:\\\/\\\/minestamp2.webpstw.com\\\/wp-content\\\/uploads\\\/2022\\\/06\\\/8718503972497_web.jpg\",\"contentUrl\":\"https:\\\/\\\/minestamp2.webpstw.com\\\/wp-content\\\/uploads\\\/2022\\\/06\\\/8718503972497_web.jpg\",\"width\":1200,\"height\":1200},{\"@type\":\"BreadcrumbList\",\"@id\":\"https:\\\/\\\/minestamp2.webpstw.com\\\/producto\\\/piedra-ladot-mariposa-m\\\/#breadcrumb\",\"itemListElement\":[{\"@type\":\"ListItem\",\"position\":1,\"name\":\"Portada\",\"item\":\"https:\\\/\\\/minestamp2.webpstw.com\\\/\"},{\"@type\":\"ListItem\",\"position\":2,\"name\":\"Tienda\",\"item\":\"https:\\\/\\\/minestamp2.webpstw.com\\\/tienda\\\/\"},{\"@type\":\"ListItem\",\"position\":3,\"name\":\"Piedra LaDot &#8211; MARIPOSA (M)\"}]},{\"@type\":\"WebSite\",\"@id\":\"https:\\\/\\\/minestamp2.webpstw.com\\\/#website\",\"url\":\"https:\\\/\\\/minestamp2.webpstw.com\\\/\",\"name\":\"MINESTAMP\",\"description\":\"La marca de sellos m\u00e1s vendida del mundo\",\"potentialAction\":[{\"@type\":\"SearchAction\",\"target\":{\"@type\":\"EntryPoint\",\"urlTemplate\":\"https:\\\/\\\/minestamp2.webpstw.com\\\/?s={search_term_string}\"},\"query-input\":{\"@type\":\"PropertyValueSpecification\",\"valueRequired\":true,\"valueName\":\"search_term_string\"}}],\"inLanguage\":\"en-US\"}]}<\/script>\n<!-- \/ Yoast SEO plugin. -->","yoast_head_json":{"title":"Piedra LaDot - MARIPOSA (M) - MINESTAMP","description":"Tatuajes probados dermatol\u00f3gica y cosm\u00e9ticamente, resistentes al agua y f\u00e1ciles de quitar con desmaquillador o aceite de beb\u00e9.","robots":{"index":"index","follow":"follow","max-snippet":"max-snippet:-1","max-image-preview":"max-image-preview:large","max-video-preview":"max-video-preview:-1"},"canonical":"https:\/\/minestamp2.webpstw.com\/en\/product\/piedra-ladot-mariposa-m\/","og_locale":"en_US","og_type":"article","og_title":"Piedra LaDot - MARIPOSA (M) - MINESTAMP","og_description":"Tatuajes probados dermatol\u00f3gica y cosm\u00e9ticamente, resistentes al agua y f\u00e1ciles de quitar con desmaquillador o aceite de beb\u00e9.","og_url":"https:\/\/minestamp2.webpstw.com\/en\/product\/piedra-ladot-mariposa-m\/","og_site_name":"MINESTAMP","article_modified_time":"2022-07-01T16:05:25+00:00","og_image":[{"width":1200,"height":1200,"url":"https:\/\/minestamp2.webpstw.com\/wp-content\/uploads\/2022\/06\/8718503972497_web.jpg","type":"image\/jpeg"}],"twitter_card":"summary_large_image","twitter_misc":{"Est. reading time":"2 minutes"},"schema":{"@context":"https:\/\/schema.org","@graph":[{"@type":"WebPage","@id":"https:\/\/minestamp2.webpstw.com\/producto\/piedra-ladot-mariposa-m\/","url":"https:\/\/minestamp2.webpstw.com\/producto\/piedra-ladot-mariposa-m\/","name":"Piedra LaDot - MARIPOSA (M) - MINESTAMP","isPartOf":{"@id":"https:\/\/minestamp2.webpstw.com\/#website"},"primaryImageOfPage":{"@id":"https:\/\/minestamp2.webpstw.com\/producto\/piedra-ladot-mariposa-m\/#primaryimage"},"image":{"@id":"https:\/\/minestamp2.webpstw.com\/producto\/piedra-ladot-mariposa-m\/#primaryimage"},"thumbnailUrl":"https:\/\/minestamp2.webpstw.com\/wp-content\/uploads\/2022\/06\/8718503972497_web.jpg","datePublished":"2022-06-28T15:59:25+00:00","dateModified":"2022-07-01T16:05:25+00:00","description":"Tatuajes probados dermatol\u00f3gica y cosm\u00e9ticamente, resistentes al agua y f\u00e1ciles de quitar con desmaquillador o aceite de beb\u00e9.","breadcrumb":{"@id":"https:\/\/minestamp2.webpstw.com\/producto\/piedra-ladot-mariposa-m\/#breadcrumb"},"inLanguage":"en-US","potentialAction":[{"@type":"ReadAction","target":["https:\/\/minestamp2.webpstw.com\/producto\/piedra-ladot-mariposa-m\/"]}]},{"@type":"ImageObject","inLanguage":"en-US","@id":"https:\/\/minestamp2.webpstw.com\/producto\/piedra-ladot-mariposa-m\/#primaryimage","url":"https:\/\/minestamp2.webpstw.com\/wp-content\/uploads\/2022\/06\/8718503972497_web.jpg","contentUrl":"https:\/\/minestamp2.webpstw.com\/wp-content\/uploads\/2022\/06\/8718503972497_web.jpg","width":1200,"height":1200},{"@type":"BreadcrumbList","@id":"https:\/\/minestamp2.webpstw.com\/producto\/piedra-ladot-mariposa-m\/#breadcrumb","itemListElement":[{"@type":"ListItem","position":1,"name":"Portada","item":"https:\/\/minestamp2.webpstw.com\/"},{"@type":"ListItem","position":2,"name":"Tienda","item":"https:\/\/minestamp2.webpstw.com\/tienda\/"},{"@type":"ListItem","position":3,"name":"Piedra LaDot &#8211; MARIPOSA (M)"}]},{"@type":"WebSite","@id":"https:\/\/minestamp2.webpstw.com\/#website","url":"https:\/\/minestamp2.webpstw.com\/","name":"MINESTAMP","description":"La marca de sellos m\u00e1s vendida del mundo","potentialAction":[{"@type":"SearchAction","target":{"@type":"EntryPoint","urlTemplate":"https:\/\/minestamp2.webpstw.com\/?s={search_term_string}"},"query-input":{"@type":"PropertyValueSpecification","valueRequired":true,"valueName":"search_term_string"}}],"inLanguage":"en-US"}]}},"_links":{"self":[{"href":"https:\/\/minestamp2.webpstw.com\/en\/wp-json\/wp\/v2\/product\/33374","targetHints":{"allow":["GET"]}}],"collection":[{"href":"https:\/\/minestamp2.webpstw.com\/en\/wp-json\/wp\/v2\/product"}],"about":[{"href":"https:\/\/minestamp2.webpstw.com\/en\/wp-json\/wp\/v2\/types\/product"}],"replies":[{"embeddable":true,"href":"https:\/\/minestamp2.webpstw.com\/en\/wp-json\/wp\/v2\/comments?post=33374"}],"wp:featuredmedia":[{"embeddable":true,"href":"https:\/\/minestamp2.webpstw.com\/en\/wp-json\/wp\/v2\/media\/33377"}],"wp:attachment":[{"href":"https:\/\/minestamp2.webpstw.com\/en\/wp-json\/wp\/v2\/media?parent=33374"}],"wp:term":[{"taxonomy":"product_brand","embeddable":true,"href":"https:\/\/minestamp2.webpstw.com\/en\/wp-json\/wp\/v2\/product_brand?post=33374"},{"taxonomy":"product_cat","embeddable":true,"href":"https:\/\/minestamp2.webpstw.com\/en\/wp-json\/wp\/v2\/product_cat?post=33374"},{"taxonomy":"product_tag","embeddable":true,"href":"https:\/\/minestamp2.webpstw.com\/en\/wp-json\/wp\/v2\/product_tag?post=33374"}],"curies":[{"name":"wp","href":"https:\/\/api.w.org\/{rel}","templated":true}]}}