{"id":30358,"date":"2021-04-15T12:34:04","date_gmt":"2021-04-15T10:34:04","guid":{"rendered":"https:\/\/minestamp.com\/?post_type=product&#038;p=30358"},"modified":"2026-04-19T19:11:56","modified_gmt":"2026-04-19T17:11:56","slug":"pack-de-etiquetas-textiles-termoadhesivas-y-adhesivas-vehiculos","status":"publish","type":"product","link":"https:\/\/minestamp2.webpstw.com\/en\/product\/pack-de-etiquetas-textiles-termoadhesivas-y-adhesivas-vehiculos\/","title":{"rendered":"Iron-on clothing and multi-use labels pack VEHICLES"},"content":{"rendered":"<div class=\"wpb-content-wrapper\"><div class=\"vc_row wpb_row vc_row-fluid\"><div class=\"wpb_column vc_column_container vc_col-sm-4\"><div class=\"vc_column-inner vc_custom_1485001929326\"><div class=\"wpb_wrapper\"><div class=\"title-wrapper  basel-title-color-default basel-title-style-default basel-title-size-small text-left\"><div class=\"liner-continer\"> <span class=\"left-line\"><\/span> <h4 class=\"title\" >Characteristics<span class=\"title-separator\"><span><\/span><\/span><\/h4> <span class=\"right-line\"><\/span> <\/div><\/div>\n\t<div class=\"wpb_text_column wpb_content_element\" >\n\t\t<div class=\"wpb_wrapper\">\n\t\t\t<ul>\n<li>Customizable<\/li>\n<li>Resistant<\/li>\n<li>No dishwasher<\/li>\n<li>Aptas para lavavajillas y frigor\u00edfico<\/li>\n<li>Aptas para microondas<\/li>\n<li>Suitable for washing machines (thermoadhesive textiles)<\/li>\n<\/ul>\n<p><em>*Aptas para lavavajillas, frigor\u00edfico y microondas por cambio de material a partir de noviembre de 2021.<\/em><\/p>\n<p><img loading=\"lazy\" decoding=\"async\" class=\"alignnone wp-image-24843 size-medium\" src=\"https:\/\/minestamp2.webpstw.com\/wp-content\/uploads\/2020\/06\/pictos_sellos_mine-300x76.png\" alt=\"\" width=\"300\" height=\"76\" srcset=\"https:\/\/minestamp2.webpstw.com\/wp-content\/uploads\/2020\/06\/pictos_sellos_mine-300x76.png 300w, https:\/\/minestamp2.webpstw.com\/wp-content\/uploads\/2020\/06\/pictos_sellos_mine.png 450w\" sizes=\"auto, (max-width: 300px) 100vw, 300px\" \/><\/p>\n<p><strong>Label sizes and formats<\/strong><\/p>\n<ul>\n<li>Large: 32 x 32mm for square ones, <span class=\"ILfuVd\"><span class=\"hgKElc\">\u00d8<\/span><\/span> 32<span class=\"ILfuVd\"><span class=\"hgKElc\">mm for the round ones and 45 x 12mm for the rectangular ones.<br \/>\n<\/span><\/span><\/li>\n<li>Medium: 22 x 22mm for square and <span class=\"ILfuVd\"><span class=\"hgKElc\">\u00d8<\/span><\/span> 22mm for the round ones.<\/li>\n<li>Small: 30 x 10mm for rectangular ones.<\/li>\n<li>Stars: 22 x 22mm.<\/li>\n<\/ul>\n<p><strong>Materials (thermoadhesive):<\/strong><\/p>\n<ul>\n<li>White thermo-adhesive polyester taffeta.<\/li>\n<li>Thermoadhesive film with 80% renewable organic carbon.<\/li>\n<\/ul>\n<p><strong>Recommendations (thermoadhesives):<\/strong><\/p>\n<ul>\n<li>Store in a cool place, with a relative humidity of 50 - 60%.<\/li>\n<li>Avoid intense sources of heat.<\/li>\n<li>Iron between 5 and 10 seconds at 110-115 \u00baC (indicative).<\/li>\n<\/ul>\n\n\t\t<\/div>\n\t<\/div>\n<\/div><\/div><\/div><div class=\"wpb_column vc_column_container vc_col-sm-8\"><div class=\"vc_column-inner vc_custom_1485001934111\"><div class=\"wpb_wrapper\">\n\t<div  class=\"wpb_single_image wpb_content_element vc_align_left wpb_animate_when_almost_visible wpb_top-to-bottom top-to-bottom\">\n\t\t\n\t\t<figure class=\"wpb_wrapper vc_figure\">\n\t\t\t<div class=\"vc_single_image-wrapper   vc_box_border_grey\"><img loading=\"lazy\" decoding=\"async\" width=\"1075\" height=\"757\" src=\"https:\/\/minestamp2.webpstw.com\/wp-content\/uploads\/2021\/09\/render-contenido-etiquetas-01.png\" class=\"vc_single_image-img attachment-full\" alt=\"\" title=\"render-contenido-etiquetas-01\" srcset=\"https:\/\/minestamp2.webpstw.com\/wp-content\/uploads\/2021\/09\/render-contenido-etiquetas-01.png 1075w, https:\/\/minestamp2.webpstw.com\/wp-content\/uploads\/2021\/09\/render-contenido-etiquetas-01-300x211.png 300w, https:\/\/minestamp2.webpstw.com\/wp-content\/uploads\/2021\/09\/render-contenido-etiquetas-01-1024x721.png 1024w, https:\/\/minestamp2.webpstw.com\/wp-content\/uploads\/2021\/09\/render-contenido-etiquetas-01-768x541.png 768w\" sizes=\"auto, (max-width: 1075px) 100vw, 1075px\" \/><\/div>\n\t\t<\/figure>\n\t<\/div>\n<\/div><\/div><\/div><\/div>\n<\/div>","protected":false},"excerpt":{"rendered":"<h3>Personaliza tu pack de etiquetas textiles y adhesivas veh\u00edculos para marcar <span style=\"color: #84cfef;\">ropa, papel y objetos<\/span><\/h3>\n<p><img loading=\"lazy\" decoding=\"async\" class=\"alignnone wp-image-30901 size-large\" src=\"https:\/\/minestamp2.webpstw.com\/wp-content\/uploads\/2021\/06\/pasos-configurador-etiquetas-01-1-1024x496.png\" alt=\"\" width=\"1024\" height=\"496\" srcset=\"https:\/\/minestamp2.webpstw.com\/wp-content\/uploads\/2021\/06\/pasos-configurador-etiquetas-01-1-1024x496.png 1024w, https:\/\/minestamp2.webpstw.com\/wp-content\/uploads\/2021\/06\/pasos-configurador-etiquetas-01-1-300x145.png 300w, https:\/\/minestamp2.webpstw.com\/wp-content\/uploads\/2021\/06\/pasos-configurador-etiquetas-01-1-768x372.png 768w, https:\/\/minestamp2.webpstw.com\/wp-content\/uploads\/2021\/06\/pasos-configurador-etiquetas-01-1-1200x581.png 1200w, https:\/\/minestamp2.webpstw.com\/wp-content\/uploads\/2021\/06\/pasos-configurador-etiquetas-01-1.png 1251w\" sizes=\"auto, (max-width: 1024px) 100vw, 1024px\" \/><\/p>\n[fpd_module type=\"text-layers\" css=\"width: 100%; border: none;\"]\n<p><span style=\"color: #666699;\"><span style=\"color: #000000;\">Si te gust\u00f3 nuestra <span style=\"color: #666699;\"><strong><a style=\"color: #666699;\" href=\"https:\/\/minestamp2.webpstw.com\/categoria\/sellos-ropa-objetos\/sellos-rectangulares\/\">colecci\u00f3n de sellos,<\/a><\/strong><\/span> \u00a1Nuestro fant\u00e1stico pack de etiquetas textiles termoadhesivas y adhesivas <span style=\"color: #84cfef;\"><strong>Veh\u00edculos <\/strong><\/span>personalizadas te encantar\u00e1! Podr\u00e1s marcar <strong>objetos, ropa, mochilas, estuches, libretas, l\u00e1pices, papel, tuppers<\/strong> y todo lo que imagines, ya que se adhieren de forma permanente sobre tejidos, pl\u00e1stico, madera, metal, caucho, papel, cer\u00e1mica y vidrio. No se rompen y no se desgastan con el roce, resistiendo incluso al microondas y al agua. Puedes ver <strong><a href=\"https:\/\/minestamp2.webpstw.com\/categoria\/etiquetas-ropa-objetos\/nuestras-colecciones\/\"><span style=\"color: #666699;\">nuestras colecciones de etiquetas aqu\u00ed.<\/span><\/a><\/strong> Elige la que m\u00e1s te guste, personal\u00edzalas con tu nombre, \u00a1Y a pegar!<\/span><\/span><\/p>\n<p>Nuestro estupendo <strong>pack de etiquetas t\u00e9xtiles<\/strong> cuenta con 116 etiquetas distribuidas en cuatro l\u00e1minas que incluyen:<\/p>\n<ul>\n<li><strong>16 etiquetas t\u00e9xtiles termoadhesivas grandes <\/strong>(6 cuadradas, 6 redondas y 4 rectangulares)<\/li>\n<li><strong>16 etiquetas t\u00e9xtiles termoadhesivas medianas<\/strong> (8 cuadradas y 8 redondas)<\/li>\n<li><strong>12 etiquetas t\u00e9xtiles termoadhesivas peque\u00f1as <\/strong>en formato rectangular<strong><br \/>\n<\/strong><\/li>\n<li><strong>14 etiquetas t\u00e9xtiles termoadhesivas en forma de estrellita<\/strong><\/li>\n<li><strong>16 etiquetas adhesivas grandes <\/strong>(6 cuadradas, 6 redondas y 4 rectangulares)<\/li>\n<li><strong>16 etiquetas adhesivas medianas<\/strong> (8 cuadradas y 8 redondas)<\/li>\n<li><strong>12 etiquetas adhesivas peque\u00f1as <\/strong>en formato rectangular<\/li>\n<li><strong>14 etiquetas adhesivas en forma de estrellita<\/strong><\/li>\n<li>\u00a1Una maravillosa <strong>funda<\/strong> para poder llevarlas donde quieras!<\/li>\n<\/ul>\n<p><img loading=\"lazy\" decoding=\"async\" class=\"alignnone wp-image-32645 size-large\" src=\"https:\/\/minestamp2.webpstw.com\/wp-content\/uploads\/2021\/04\/indicaciones-etiquetas-txt-01-1024x478.png\" alt=\"\" width=\"1024\" height=\"478\" srcset=\"https:\/\/minestamp2.webpstw.com\/wp-content\/uploads\/2021\/04\/indicaciones-etiquetas-txt-01-1024x478.png 1024w, https:\/\/minestamp2.webpstw.com\/wp-content\/uploads\/2021\/04\/indicaciones-etiquetas-txt-01-300x140.png 300w, https:\/\/minestamp2.webpstw.com\/wp-content\/uploads\/2021\/04\/indicaciones-etiquetas-txt-01-768x359.png 768w, https:\/\/minestamp2.webpstw.com\/wp-content\/uploads\/2021\/04\/indicaciones-etiquetas-txt-01-16x7.png 16w, https:\/\/minestamp2.webpstw.com\/wp-content\/uploads\/2021\/04\/indicaciones-etiquetas-txt-01-1200x560.png 1200w, https:\/\/minestamp2.webpstw.com\/wp-content\/uploads\/2021\/04\/indicaciones-etiquetas-txt-01.png 1251w\" sizes=\"auto, (max-width: 1024px) 100vw, 1024px\" \/><img loading=\"lazy\" decoding=\"async\" class=\"alignnone wp-image-32655 size-large\" src=\"https:\/\/minestamp2.webpstw.com\/wp-content\/uploads\/2021\/11\/indicaciones-etiquetas-adh-01-1024x478.png\" alt=\"\" width=\"1024\" height=\"478\" srcset=\"https:\/\/minestamp2.webpstw.com\/wp-content\/uploads\/2021\/11\/indicaciones-etiquetas-adh-01-1024x478.png 1024w, https:\/\/minestamp2.webpstw.com\/wp-content\/uploads\/2021\/11\/indicaciones-etiquetas-adh-01-300x140.png 300w, https:\/\/minestamp2.webpstw.com\/wp-content\/uploads\/2021\/11\/indicaciones-etiquetas-adh-01-768x359.png 768w, https:\/\/minestamp2.webpstw.com\/wp-content\/uploads\/2021\/11\/indicaciones-etiquetas-adh-01-16x7.png 16w, https:\/\/minestamp2.webpstw.com\/wp-content\/uploads\/2021\/11\/indicaciones-etiquetas-adh-01-1200x560.png 1200w, https:\/\/minestamp2.webpstw.com\/wp-content\/uploads\/2021\/11\/indicaciones-etiquetas-adh-01.png 1251w\" sizes=\"auto, (max-width: 1024px) 100vw, 1024px\" \/><\/p>\n","protected":false},"featured_media":30595,"comment_status":"open","ping_status":"closed","template":"","meta":{"rs_blank_template":"","rs_page_bg_color":"","slide_template_v7":""},"product_brand":[],"product_cat":[184,197,216],"product_tag":[],"class_list":{"0":"post-30358","1":"product","2":"type-product","3":"status-publish","4":"has-post-thumbnail","6":"product_cat-etiquetas-ropa-objetos","7":"product_cat-packs-etiquetas-textiles-y-adhesivas","8":"product_cat-vehiculos","10":"first","11":"instock","12":"taxable","13":"shipping-taxable","14":"purchasable","15":"product-type-variable","16":"has-default-attributes"},"yoast_head":"<!-- This site is optimized with the Yoast SEO plugin v27.3 - https:\/\/yoast.com\/product\/yoast-seo-wordpress\/ -->\n<title>Etiquetas textiles y adhesivas VEH\u00cdCULOS para ropa y objetos<\/title>\n<meta name=\"description\" content=\"Etiquetas textiles y adhesivas Veh\u00edculos personalizadas para marcar ropa y objetos. Incluye 116 etiquetas y una funda para llevarlas donde quieras.\" \/>\n<meta name=\"robots\" content=\"index, follow, max-snippet:-1, max-image-preview:large, max-video-preview:-1\" \/>\n<link rel=\"canonical\" href=\"https:\/\/minestamp2.webpstw.com\/en\/product\/pack-de-etiquetas-textiles-termoadhesivas-y-adhesivas-vehiculos\/\" \/>\n<meta property=\"og:locale\" content=\"en_US\" \/>\n<meta property=\"og:type\" content=\"article\" \/>\n<meta property=\"og:title\" content=\"Etiquetas textiles y adhesivas VEH\u00cdCULOS para ropa y objetos\" \/>\n<meta property=\"og:description\" content=\"Etiquetas textiles y adhesivas Veh\u00edculos personalizadas para marcar ropa y objetos. Incluye 116 etiquetas y una funda para llevarlas donde quieras.\" \/>\n<meta property=\"og:url\" content=\"https:\/\/minestamp2.webpstw.com\/en\/product\/pack-de-etiquetas-textiles-termoadhesivas-y-adhesivas-vehiculos\/\" \/>\n<meta property=\"og:site_name\" content=\"MINESTAMP\" \/>\n<meta property=\"article:modified_time\" content=\"2026-04-19T17:11:56+00:00\" \/>\n<meta property=\"og:image\" content=\"https:\/\/minestamp2.webpstw.com\/wp-content\/uploads\/2021\/04\/render-etiquetas-vehiculos-textil-adhesivas-pack.jpg\" \/>\n\t<meta property=\"og:image:width\" content=\"1200\" \/>\n\t<meta property=\"og:image:height\" content=\"1200\" \/>\n\t<meta property=\"og:image:type\" content=\"image\/jpeg\" \/>\n<meta name=\"twitter:card\" content=\"summary_large_image\" \/>\n<meta name=\"twitter:label1\" content=\"Est. reading time\" \/>\n\t<meta name=\"twitter:data1\" content=\"1 minute\" \/>\n<script type=\"application\/ld+json\" class=\"yoast-schema-graph\">{\"@context\":\"https:\\\/\\\/schema.org\",\"@graph\":[{\"@type\":\"WebPage\",\"@id\":\"https:\\\/\\\/minestamp2.webpstw.com\\\/producto\\\/pack-de-etiquetas-textiles-termoadhesivas-y-adhesivas-vehiculos\\\/\",\"url\":\"https:\\\/\\\/minestamp2.webpstw.com\\\/producto\\\/pack-de-etiquetas-textiles-termoadhesivas-y-adhesivas-vehiculos\\\/\",\"name\":\"Etiquetas textiles y adhesivas VEH\u00cdCULOS para ropa y objetos\",\"isPartOf\":{\"@id\":\"https:\\\/\\\/minestamp2.webpstw.com\\\/#website\"},\"primaryImageOfPage\":{\"@id\":\"https:\\\/\\\/minestamp2.webpstw.com\\\/producto\\\/pack-de-etiquetas-textiles-termoadhesivas-y-adhesivas-vehiculos\\\/#primaryimage\"},\"image\":{\"@id\":\"https:\\\/\\\/minestamp2.webpstw.com\\\/producto\\\/pack-de-etiquetas-textiles-termoadhesivas-y-adhesivas-vehiculos\\\/#primaryimage\"},\"thumbnailUrl\":\"https:\\\/\\\/minestamp2.webpstw.com\\\/wp-content\\\/uploads\\\/2021\\\/04\\\/render-etiquetas-vehiculos-textil-adhesivas-pack.jpg\",\"datePublished\":\"2021-04-15T10:34:04+00:00\",\"dateModified\":\"2026-04-19T17:11:56+00:00\",\"description\":\"Etiquetas textiles y adhesivas Veh\u00edculos personalizadas para marcar ropa y objetos. Incluye 116 etiquetas y una funda para llevarlas donde quieras.\",\"breadcrumb\":{\"@id\":\"https:\\\/\\\/minestamp2.webpstw.com\\\/producto\\\/pack-de-etiquetas-textiles-termoadhesivas-y-adhesivas-vehiculos\\\/#breadcrumb\"},\"inLanguage\":\"en-US\",\"potentialAction\":[{\"@type\":\"ReadAction\",\"target\":[\"https:\\\/\\\/minestamp2.webpstw.com\\\/producto\\\/pack-de-etiquetas-textiles-termoadhesivas-y-adhesivas-vehiculos\\\/\"]}]},{\"@type\":\"ImageObject\",\"inLanguage\":\"en-US\",\"@id\":\"https:\\\/\\\/minestamp2.webpstw.com\\\/producto\\\/pack-de-etiquetas-textiles-termoadhesivas-y-adhesivas-vehiculos\\\/#primaryimage\",\"url\":\"https:\\\/\\\/minestamp2.webpstw.com\\\/wp-content\\\/uploads\\\/2021\\\/04\\\/render-etiquetas-vehiculos-textil-adhesivas-pack.jpg\",\"contentUrl\":\"https:\\\/\\\/minestamp2.webpstw.com\\\/wp-content\\\/uploads\\\/2021\\\/04\\\/render-etiquetas-vehiculos-textil-adhesivas-pack.jpg\",\"width\":1200,\"height\":1200},{\"@type\":\"BreadcrumbList\",\"@id\":\"https:\\\/\\\/minestamp2.webpstw.com\\\/producto\\\/pack-de-etiquetas-textiles-termoadhesivas-y-adhesivas-vehiculos\\\/#breadcrumb\",\"itemListElement\":[{\"@type\":\"ListItem\",\"position\":1,\"name\":\"Portada\",\"item\":\"https:\\\/\\\/minestamp2.webpstw.com\\\/\"},{\"@type\":\"ListItem\",\"position\":2,\"name\":\"Tienda\",\"item\":\"https:\\\/\\\/minestamp2.webpstw.com\\\/tienda\\\/\"},{\"@type\":\"ListItem\",\"position\":3,\"name\":\"Pack de etiquetas textiles termoadhesivas y adhesivas VEH\u00cdCULOS\"}]},{\"@type\":\"WebSite\",\"@id\":\"https:\\\/\\\/minestamp2.webpstw.com\\\/#website\",\"url\":\"https:\\\/\\\/minestamp2.webpstw.com\\\/\",\"name\":\"MINESTAMP\",\"description\":\"La marca de sellos m\u00e1s vendida del mundo\",\"potentialAction\":[{\"@type\":\"SearchAction\",\"target\":{\"@type\":\"EntryPoint\",\"urlTemplate\":\"https:\\\/\\\/minestamp2.webpstw.com\\\/?s={search_term_string}\"},\"query-input\":{\"@type\":\"PropertyValueSpecification\",\"valueRequired\":true,\"valueName\":\"search_term_string\"}}],\"inLanguage\":\"en-US\"}]}<\/script>\n<!-- \/ Yoast SEO plugin. -->","yoast_head_json":{"title":"Etiquetas textiles y adhesivas VEH\u00cdCULOS para ropa y objetos","description":"Etiquetas textiles y adhesivas Veh\u00edculos personalizadas para marcar ropa y objetos. Incluye 116 etiquetas y una funda para llevarlas donde quieras.","robots":{"index":"index","follow":"follow","max-snippet":"max-snippet:-1","max-image-preview":"max-image-preview:large","max-video-preview":"max-video-preview:-1"},"canonical":"https:\/\/minestamp2.webpstw.com\/en\/product\/pack-de-etiquetas-textiles-termoadhesivas-y-adhesivas-vehiculos\/","og_locale":"en_US","og_type":"article","og_title":"Etiquetas textiles y adhesivas VEH\u00cdCULOS para ropa y objetos","og_description":"Etiquetas textiles y adhesivas Veh\u00edculos personalizadas para marcar ropa y objetos. Incluye 116 etiquetas y una funda para llevarlas donde quieras.","og_url":"https:\/\/minestamp2.webpstw.com\/en\/product\/pack-de-etiquetas-textiles-termoadhesivas-y-adhesivas-vehiculos\/","og_site_name":"MINESTAMP","article_modified_time":"2026-04-19T17:11:56+00:00","og_image":[{"width":1200,"height":1200,"url":"https:\/\/minestamp2.webpstw.com\/wp-content\/uploads\/2021\/04\/render-etiquetas-vehiculos-textil-adhesivas-pack.jpg","type":"image\/jpeg"}],"twitter_card":"summary_large_image","twitter_misc":{"Est. reading time":"1 minute"},"schema":{"@context":"https:\/\/schema.org","@graph":[{"@type":"WebPage","@id":"https:\/\/minestamp2.webpstw.com\/producto\/pack-de-etiquetas-textiles-termoadhesivas-y-adhesivas-vehiculos\/","url":"https:\/\/minestamp2.webpstw.com\/producto\/pack-de-etiquetas-textiles-termoadhesivas-y-adhesivas-vehiculos\/","name":"Etiquetas textiles y adhesivas VEH\u00cdCULOS para ropa y objetos","isPartOf":{"@id":"https:\/\/minestamp2.webpstw.com\/#website"},"primaryImageOfPage":{"@id":"https:\/\/minestamp2.webpstw.com\/producto\/pack-de-etiquetas-textiles-termoadhesivas-y-adhesivas-vehiculos\/#primaryimage"},"image":{"@id":"https:\/\/minestamp2.webpstw.com\/producto\/pack-de-etiquetas-textiles-termoadhesivas-y-adhesivas-vehiculos\/#primaryimage"},"thumbnailUrl":"https:\/\/minestamp2.webpstw.com\/wp-content\/uploads\/2021\/04\/render-etiquetas-vehiculos-textil-adhesivas-pack.jpg","datePublished":"2021-04-15T10:34:04+00:00","dateModified":"2026-04-19T17:11:56+00:00","description":"Etiquetas textiles y adhesivas Veh\u00edculos personalizadas para marcar ropa y objetos. Incluye 116 etiquetas y una funda para llevarlas donde quieras.","breadcrumb":{"@id":"https:\/\/minestamp2.webpstw.com\/producto\/pack-de-etiquetas-textiles-termoadhesivas-y-adhesivas-vehiculos\/#breadcrumb"},"inLanguage":"en-US","potentialAction":[{"@type":"ReadAction","target":["https:\/\/minestamp2.webpstw.com\/producto\/pack-de-etiquetas-textiles-termoadhesivas-y-adhesivas-vehiculos\/"]}]},{"@type":"ImageObject","inLanguage":"en-US","@id":"https:\/\/minestamp2.webpstw.com\/producto\/pack-de-etiquetas-textiles-termoadhesivas-y-adhesivas-vehiculos\/#primaryimage","url":"https:\/\/minestamp2.webpstw.com\/wp-content\/uploads\/2021\/04\/render-etiquetas-vehiculos-textil-adhesivas-pack.jpg","contentUrl":"https:\/\/minestamp2.webpstw.com\/wp-content\/uploads\/2021\/04\/render-etiquetas-vehiculos-textil-adhesivas-pack.jpg","width":1200,"height":1200},{"@type":"BreadcrumbList","@id":"https:\/\/minestamp2.webpstw.com\/producto\/pack-de-etiquetas-textiles-termoadhesivas-y-adhesivas-vehiculos\/#breadcrumb","itemListElement":[{"@type":"ListItem","position":1,"name":"Portada","item":"https:\/\/minestamp2.webpstw.com\/"},{"@type":"ListItem","position":2,"name":"Tienda","item":"https:\/\/minestamp2.webpstw.com\/tienda\/"},{"@type":"ListItem","position":3,"name":"Pack de etiquetas textiles termoadhesivas y adhesivas VEH\u00cdCULOS"}]},{"@type":"WebSite","@id":"https:\/\/minestamp2.webpstw.com\/#website","url":"https:\/\/minestamp2.webpstw.com\/","name":"MINESTAMP","description":"La marca de sellos m\u00e1s vendida del mundo","potentialAction":[{"@type":"SearchAction","target":{"@type":"EntryPoint","urlTemplate":"https:\/\/minestamp2.webpstw.com\/?s={search_term_string}"},"query-input":{"@type":"PropertyValueSpecification","valueRequired":true,"valueName":"search_term_string"}}],"inLanguage":"en-US"}]}},"_links":{"self":[{"href":"https:\/\/minestamp2.webpstw.com\/en\/wp-json\/wp\/v2\/product\/30358","targetHints":{"allow":["GET"]}}],"collection":[{"href":"https:\/\/minestamp2.webpstw.com\/en\/wp-json\/wp\/v2\/product"}],"about":[{"href":"https:\/\/minestamp2.webpstw.com\/en\/wp-json\/wp\/v2\/types\/product"}],"replies":[{"embeddable":true,"href":"https:\/\/minestamp2.webpstw.com\/en\/wp-json\/wp\/v2\/comments?post=30358"}],"wp:featuredmedia":[{"embeddable":true,"href":"https:\/\/minestamp2.webpstw.com\/en\/wp-json\/wp\/v2\/media\/30595"}],"wp:attachment":[{"href":"https:\/\/minestamp2.webpstw.com\/en\/wp-json\/wp\/v2\/media?parent=30358"}],"wp:term":[{"taxonomy":"product_brand","embeddable":true,"href":"https:\/\/minestamp2.webpstw.com\/en\/wp-json\/wp\/v2\/product_brand?post=30358"},{"taxonomy":"product_cat","embeddable":true,"href":"https:\/\/minestamp2.webpstw.com\/en\/wp-json\/wp\/v2\/product_cat?post=30358"},{"taxonomy":"product_tag","embeddable":true,"href":"https:\/\/minestamp2.webpstw.com\/en\/wp-json\/wp\/v2\/product_tag?post=30358"}],"curies":[{"name":"wp","href":"https:\/\/api.w.org\/{rel}","templated":true}]}}