{"id":30160,"date":"2021-04-12T15:43:26","date_gmt":"2021-04-12T13:43:26","guid":{"rendered":"https:\/\/minestamp.com\/?post_type=product&#038;p=30160"},"modified":"2021-11-18T13:06:08","modified_gmt":"2021-11-18T11:06:08","slug":"etiquetas-textiles-termoadhesivas-redondas-y-estrellas-profesiones-pirata","status":"publish","type":"product","link":"https:\/\/minestamp2.webpstw.com\/en\/product\/etiquetas-textiles-termoadhesivas-redondas-y-estrellas-profesiones-pirata\/","title":{"rendered":"Round and star termoadhesive textile labels PIRATE"},"content":{"rendered":"<div class=\"wpb-content-wrapper\"><div class=\"vc_row wpb_row vc_row-fluid\"><div class=\"wpb_column vc_column_container vc_col-sm-4\"><div class=\"vc_column-inner vc_custom_1485001929326\"><div class=\"wpb_wrapper\"><div class=\"title-wrapper  basel-title-color-default basel-title-style-default basel-title-size-small text-left\"><div class=\"liner-continer\"> <span class=\"left-line\"><\/span> <h4 class=\"title\" >Characteristics<span class=\"title-separator\"><span><\/span><\/span><\/h4> <span class=\"right-line\"><\/span> <\/div><\/div>\n\t<div class=\"wpb_text_column wpb_content_element\" >\n\t\t<div class=\"wpb_wrapper\">\n\t\t\t<ul>\n<li>Customizable<\/li>\n<li>Resistant<\/li>\n<li>Suitable for washing machine<\/li>\n<\/ul>\n<p><img loading=\"lazy\" decoding=\"async\" class=\"alignnone wp-image-24843 size-medium\" src=\"https:\/\/minestamp2.webpstw.com\/wp-content\/uploads\/2020\/06\/pictos_sellos_mine-300x76.png\" alt=\"\" width=\"300\" height=\"76\" srcset=\"https:\/\/minestamp2.webpstw.com\/wp-content\/uploads\/2020\/06\/pictos_sellos_mine-300x76.png 300w, https:\/\/minestamp2.webpstw.com\/wp-content\/uploads\/2020\/06\/pictos_sellos_mine.png 450w\" sizes=\"auto, (max-width: 300px) 100vw, 300px\" \/><\/p>\n<p><strong>Label sizes and formats<br \/>\n<\/strong><\/p>\n<ul>\n<li>Big: <span class=\"ILfuVd\"><span class=\"hgKElc\">\u00d8<\/span><\/span> 32<span class=\"ILfuVd\"><span class=\"hgKElc\">mm<br \/>\n<\/span><\/span><\/li>\n<li>Medium: <span class=\"ILfuVd\"><span class=\"hgKElc\">\u00d8<\/span><\/span> 22mm<\/li>\n<li>Stars: 22 x 22mm<\/li>\n<\/ul>\n<p><strong>Materials:<\/strong><\/p>\n<ul>\n<li>White thermo-adhesive polyester taffeta.<\/li>\n<li>Thermoadhesive film with 80% renewable organic carbon.<\/li>\n<\/ul>\n<p><strong>Recommendations:<\/strong><\/p>\n<ul>\n<li>Store in a cool place, with a relative humidity of 50 - 60%.<\/li>\n<li>Avoid intense sources of heat.<\/li>\n<li>Iron between 5 and 10 seconds at 110-115 \u00baC (indicative).<\/li>\n<\/ul>\n\n\t\t<\/div>\n\t<\/div>\n<\/div><\/div><\/div><div class=\"wpb_column vc_column_container vc_col-sm-8\"><div class=\"vc_column-inner vc_custom_1485001934111\"><div class=\"wpb_wrapper\">\n\t<div  class=\"wpb_single_image wpb_content_element vc_align_left wpb_animate_when_almost_visible wpb_top-to-bottom top-to-bottom\">\n\t\t\n\t\t<figure class=\"wpb_wrapper vc_figure\">\n\t\t\t<div class=\"vc_single_image-wrapper   vc_box_border_grey\"><img loading=\"lazy\" decoding=\"async\" width=\"1075\" height=\"757\" src=\"https:\/\/minestamp2.webpstw.com\/wp-content\/uploads\/2021\/09\/render-contenido-etiquetas-01.png\" class=\"vc_single_image-img attachment-full\" alt=\"\" title=\"render-contenido-etiquetas-01\" srcset=\"https:\/\/minestamp2.webpstw.com\/wp-content\/uploads\/2021\/09\/render-contenido-etiquetas-01.png 1075w, https:\/\/minestamp2.webpstw.com\/wp-content\/uploads\/2021\/09\/render-contenido-etiquetas-01-300x211.png 300w, https:\/\/minestamp2.webpstw.com\/wp-content\/uploads\/2021\/09\/render-contenido-etiquetas-01-1024x721.png 1024w, https:\/\/minestamp2.webpstw.com\/wp-content\/uploads\/2021\/09\/render-contenido-etiquetas-01-768x541.png 768w\" sizes=\"auto, (max-width: 1075px) 100vw, 1075px\" \/><\/div>\n\t\t<\/figure>\n\t<\/div>\n<\/div><\/div><\/div><\/div>\n<\/div>","protected":false},"excerpt":{"rendered":"<h3>Personaliza tu pack de etiquetas textiles termoadhesivas pirata para marcar <span style=\"color: #84cfef;\">ropa y objetos textiles<\/span><\/h3>\n<p><img loading=\"lazy\" decoding=\"async\" class=\"alignnone wp-image-30901 size-large\" src=\"https:\/\/minestamp2.webpstw.com\/wp-content\/uploads\/2021\/06\/pasos-configurador-etiquetas-01-1-1024x496.png\" alt=\"\" width=\"1024\" height=\"496\" srcset=\"https:\/\/minestamp2.webpstw.com\/wp-content\/uploads\/2021\/06\/pasos-configurador-etiquetas-01-1-1024x496.png 1024w, https:\/\/minestamp2.webpstw.com\/wp-content\/uploads\/2021\/06\/pasos-configurador-etiquetas-01-1-300x145.png 300w, https:\/\/minestamp2.webpstw.com\/wp-content\/uploads\/2021\/06\/pasos-configurador-etiquetas-01-1-768x372.png 768w, https:\/\/minestamp2.webpstw.com\/wp-content\/uploads\/2021\/06\/pasos-configurador-etiquetas-01-1-1200x581.png 1200w, https:\/\/minestamp2.webpstw.com\/wp-content\/uploads\/2021\/06\/pasos-configurador-etiquetas-01-1.png 1251w\" sizes=\"auto, (max-width: 1024px) 100vw, 1024px\" \/><\/p>\n[fpd_module type=\"text-layers\" css=\"width: 100%; border: none;\"]\n<p>Si te gust\u00f3 nuestra <span style=\"color: #666699;\"><strong><a style=\"color: #666699;\" href=\"https:\/\/minestamp2.webpstw.com\/categoria\/sellos-ropa-objetos\/sellos-rectangulares\/\">colecci\u00f3n de sellos,<\/a><\/strong><\/span> \u00a1Nuestro fant\u00e1stico pack de etiquetas textiles termoadhesivas <span style=\"color: #84cfef;\"><strong>Pirata <\/strong><\/span>personalizadas te encantar\u00e1! Gracias a su composici\u00f3n de tela, podr\u00e1s marcar <strong>ropa, estuches, mochilas<\/strong> y todo objeto textil que imagines, ya que se adhieren de forma excelente sobre el tejido. No se rompen y no se desgastan con el roce, resistiendo al microondas y al agua. Puedes ver <span style=\"color: #666699;\"><strong><a style=\"color: #666699;\" href=\"https:\/\/minestamp2.webpstw.com\/categoria\/etiquetas-ropa-objetos\/nuestras-colecciones\/\"><span style=\"color: #666699;\">nuestras<\/span> colecciones de etiquetas aqu\u00ed.<\/a><\/strong><span style=\"color: #000000;\"> Elige la que m\u00e1s te guste, personal\u00edzalas con tu nombre, \u00a1Y a pegar!<\/span><\/span><\/p>\n<p>Nuestro estupendo <strong>pack de etiquetas textiles termoadhesivas<\/strong> cuenta con 56 etiquetas distribuidas en dos l\u00e1minas que incluyen:<\/p>\n<ul>\n<li><strong>12 etiquetas textiles termoadhesivas redondas grandes\u00a0<\/strong><\/li>\n<li><strong>16 etiquetas textiles termoadhesivas redondas medianas<\/strong><strong><br \/>\n<\/strong><\/li>\n<li><strong>28 etiquetas textiles termoadhesivas en forma de estrellita<\/strong><\/li>\n<li>\u00a1Una maravillosa <strong>funda<\/strong> para poder llevarlas donde quieras!<\/li>\n<\/ul>\n<p><img loading=\"lazy\" decoding=\"async\" class=\"alignnone wp-image-32645 size-large\" src=\"https:\/\/minestamp2.webpstw.com\/wp-content\/uploads\/2021\/04\/indicaciones-etiquetas-txt-01-1024x478.png\" alt=\"\" width=\"1024\" height=\"478\" srcset=\"https:\/\/minestamp2.webpstw.com\/wp-content\/uploads\/2021\/04\/indicaciones-etiquetas-txt-01-1024x478.png 1024w, https:\/\/minestamp2.webpstw.com\/wp-content\/uploads\/2021\/04\/indicaciones-etiquetas-txt-01-300x140.png 300w, https:\/\/minestamp2.webpstw.com\/wp-content\/uploads\/2021\/04\/indicaciones-etiquetas-txt-01-768x359.png 768w, https:\/\/minestamp2.webpstw.com\/wp-content\/uploads\/2021\/04\/indicaciones-etiquetas-txt-01-16x7.png 16w, https:\/\/minestamp2.webpstw.com\/wp-content\/uploads\/2021\/04\/indicaciones-etiquetas-txt-01-1200x560.png 1200w, https:\/\/minestamp2.webpstw.com\/wp-content\/uploads\/2021\/04\/indicaciones-etiquetas-txt-01.png 1251w\" sizes=\"auto, (max-width: 1024px) 100vw, 1024px\" \/><\/p>\n","protected":false},"featured_media":30696,"comment_status":"open","ping_status":"closed","template":"","meta":{"rs_blank_template":"","rs_page_bg_color":"","slide_template_v7":""},"product_brand":[],"product_cat":[184,186,212,202],"product_tag":[],"class_list":{"0":"post-30160","1":"product","2":"type-product","3":"status-publish","4":"has-post-thumbnail","6":"product_cat-etiquetas-ropa-objetos","7":"product_cat-etiquetas-termoadhesivas","8":"product_cat-pirata","9":"product_cat-textil-redondas-estrellas","11":"first","12":"instock","13":"taxable","14":"shipping-taxable","15":"purchasable","16":"product-type-variable","17":"has-default-attributes"},"yoast_head":"<!-- This site is optimized with the Yoast SEO plugin v27.3 - https:\/\/yoast.com\/product\/yoast-seo-wordpress\/ -->\n<title>Etiquetas textiles redondas profesiones PIRATA para ropa<\/title>\n<meta name=\"description\" content=\"Etiquetas textiles redondas Pirata personalizadas para marcar ropa y objetos. Incluye 56 etiquetas y una funda para llevarlas donde quieras.\" \/>\n<meta name=\"robots\" content=\"index, follow, max-snippet:-1, max-image-preview:large, max-video-preview:-1\" \/>\n<link rel=\"canonical\" href=\"https:\/\/minestamp2.webpstw.com\/en\/product\/etiquetas-textiles-termoadhesivas-redondas-y-estrellas-profesiones-pirata\/\" \/>\n<meta property=\"og:locale\" content=\"en_US\" \/>\n<meta property=\"og:type\" content=\"article\" \/>\n<meta property=\"og:title\" content=\"Etiquetas textiles redondas profesiones PIRATA para ropa\" \/>\n<meta property=\"og:description\" content=\"Etiquetas textiles redondas Pirata personalizadas para marcar ropa y objetos. Incluye 56 etiquetas y una funda para llevarlas donde quieras.\" \/>\n<meta property=\"og:url\" content=\"https:\/\/minestamp2.webpstw.com\/en\/product\/etiquetas-textiles-termoadhesivas-redondas-y-estrellas-profesiones-pirata\/\" \/>\n<meta property=\"og:site_name\" content=\"MINESTAMP\" \/>\n<meta property=\"article:modified_time\" content=\"2021-11-18T11:06:08+00:00\" \/>\n<meta property=\"og:image\" content=\"https:\/\/minestamp2.webpstw.com\/wp-content\/uploads\/2021\/04\/render-etiquetas-pirata-textil-2.jpg\" \/>\n\t<meta property=\"og:image:width\" content=\"1200\" \/>\n\t<meta property=\"og:image:height\" content=\"1200\" \/>\n\t<meta property=\"og:image:type\" content=\"image\/jpeg\" \/>\n<meta name=\"twitter:card\" content=\"summary_large_image\" \/>\n<meta name=\"twitter:label1\" content=\"Est. reading time\" \/>\n\t<meta name=\"twitter:data1\" content=\"1 minute\" \/>\n<script type=\"application\/ld+json\" class=\"yoast-schema-graph\">{\"@context\":\"https:\\\/\\\/schema.org\",\"@graph\":[{\"@type\":\"WebPage\",\"@id\":\"https:\\\/\\\/minestamp2.webpstw.com\\\/producto\\\/etiquetas-textiles-termoadhesivas-redondas-y-estrellas-profesiones-pirata\\\/\",\"url\":\"https:\\\/\\\/minestamp2.webpstw.com\\\/producto\\\/etiquetas-textiles-termoadhesivas-redondas-y-estrellas-profesiones-pirata\\\/\",\"name\":\"Etiquetas textiles redondas profesiones PIRATA para ropa\",\"isPartOf\":{\"@id\":\"https:\\\/\\\/minestamp2.webpstw.com\\\/#website\"},\"primaryImageOfPage\":{\"@id\":\"https:\\\/\\\/minestamp2.webpstw.com\\\/producto\\\/etiquetas-textiles-termoadhesivas-redondas-y-estrellas-profesiones-pirata\\\/#primaryimage\"},\"image\":{\"@id\":\"https:\\\/\\\/minestamp2.webpstw.com\\\/producto\\\/etiquetas-textiles-termoadhesivas-redondas-y-estrellas-profesiones-pirata\\\/#primaryimage\"},\"thumbnailUrl\":\"https:\\\/\\\/minestamp2.webpstw.com\\\/wp-content\\\/uploads\\\/2021\\\/04\\\/render-etiquetas-pirata-textil-2.jpg\",\"datePublished\":\"2021-04-12T13:43:26+00:00\",\"dateModified\":\"2021-11-18T11:06:08+00:00\",\"description\":\"Etiquetas textiles redondas Pirata personalizadas para marcar ropa y objetos. Incluye 56 etiquetas y una funda para llevarlas donde quieras.\",\"breadcrumb\":{\"@id\":\"https:\\\/\\\/minestamp2.webpstw.com\\\/producto\\\/etiquetas-textiles-termoadhesivas-redondas-y-estrellas-profesiones-pirata\\\/#breadcrumb\"},\"inLanguage\":\"en-US\",\"potentialAction\":[{\"@type\":\"ReadAction\",\"target\":[\"https:\\\/\\\/minestamp2.webpstw.com\\\/producto\\\/etiquetas-textiles-termoadhesivas-redondas-y-estrellas-profesiones-pirata\\\/\"]}]},{\"@type\":\"ImageObject\",\"inLanguage\":\"en-US\",\"@id\":\"https:\\\/\\\/minestamp2.webpstw.com\\\/producto\\\/etiquetas-textiles-termoadhesivas-redondas-y-estrellas-profesiones-pirata\\\/#primaryimage\",\"url\":\"https:\\\/\\\/minestamp2.webpstw.com\\\/wp-content\\\/uploads\\\/2021\\\/04\\\/render-etiquetas-pirata-textil-2.jpg\",\"contentUrl\":\"https:\\\/\\\/minestamp2.webpstw.com\\\/wp-content\\\/uploads\\\/2021\\\/04\\\/render-etiquetas-pirata-textil-2.jpg\",\"width\":1200,\"height\":1200},{\"@type\":\"BreadcrumbList\",\"@id\":\"https:\\\/\\\/minestamp2.webpstw.com\\\/producto\\\/etiquetas-textiles-termoadhesivas-redondas-y-estrellas-profesiones-pirata\\\/#breadcrumb\",\"itemListElement\":[{\"@type\":\"ListItem\",\"position\":1,\"name\":\"Portada\",\"item\":\"https:\\\/\\\/minestamp2.webpstw.com\\\/\"},{\"@type\":\"ListItem\",\"position\":2,\"name\":\"Tienda\",\"item\":\"https:\\\/\\\/minestamp2.webpstw.com\\\/tienda\\\/\"},{\"@type\":\"ListItem\",\"position\":3,\"name\":\"Etiquetas textiles termoadhesivas redondas y estrellas profesiones PIRATA\"}]},{\"@type\":\"WebSite\",\"@id\":\"https:\\\/\\\/minestamp2.webpstw.com\\\/#website\",\"url\":\"https:\\\/\\\/minestamp2.webpstw.com\\\/\",\"name\":\"MINESTAMP\",\"description\":\"La marca de sellos m\u00e1s vendida del mundo\",\"potentialAction\":[{\"@type\":\"SearchAction\",\"target\":{\"@type\":\"EntryPoint\",\"urlTemplate\":\"https:\\\/\\\/minestamp2.webpstw.com\\\/?s={search_term_string}\"},\"query-input\":{\"@type\":\"PropertyValueSpecification\",\"valueRequired\":true,\"valueName\":\"search_term_string\"}}],\"inLanguage\":\"en-US\"}]}<\/script>\n<!-- \/ Yoast SEO plugin. -->","yoast_head_json":{"title":"Etiquetas textiles redondas profesiones PIRATA para ropa","description":"Etiquetas textiles redondas Pirata personalizadas para marcar ropa y objetos. Incluye 56 etiquetas y una funda para llevarlas donde quieras.","robots":{"index":"index","follow":"follow","max-snippet":"max-snippet:-1","max-image-preview":"max-image-preview:large","max-video-preview":"max-video-preview:-1"},"canonical":"https:\/\/minestamp2.webpstw.com\/en\/product\/etiquetas-textiles-termoadhesivas-redondas-y-estrellas-profesiones-pirata\/","og_locale":"en_US","og_type":"article","og_title":"Etiquetas textiles redondas profesiones PIRATA para ropa","og_description":"Etiquetas textiles redondas Pirata personalizadas para marcar ropa y objetos. Incluye 56 etiquetas y una funda para llevarlas donde quieras.","og_url":"https:\/\/minestamp2.webpstw.com\/en\/product\/etiquetas-textiles-termoadhesivas-redondas-y-estrellas-profesiones-pirata\/","og_site_name":"MINESTAMP","article_modified_time":"2021-11-18T11:06:08+00:00","og_image":[{"width":1200,"height":1200,"url":"https:\/\/minestamp2.webpstw.com\/wp-content\/uploads\/2021\/04\/render-etiquetas-pirata-textil-2.jpg","type":"image\/jpeg"}],"twitter_card":"summary_large_image","twitter_misc":{"Est. reading time":"1 minute"},"schema":{"@context":"https:\/\/schema.org","@graph":[{"@type":"WebPage","@id":"https:\/\/minestamp2.webpstw.com\/producto\/etiquetas-textiles-termoadhesivas-redondas-y-estrellas-profesiones-pirata\/","url":"https:\/\/minestamp2.webpstw.com\/producto\/etiquetas-textiles-termoadhesivas-redondas-y-estrellas-profesiones-pirata\/","name":"Etiquetas textiles redondas profesiones PIRATA para ropa","isPartOf":{"@id":"https:\/\/minestamp2.webpstw.com\/#website"},"primaryImageOfPage":{"@id":"https:\/\/minestamp2.webpstw.com\/producto\/etiquetas-textiles-termoadhesivas-redondas-y-estrellas-profesiones-pirata\/#primaryimage"},"image":{"@id":"https:\/\/minestamp2.webpstw.com\/producto\/etiquetas-textiles-termoadhesivas-redondas-y-estrellas-profesiones-pirata\/#primaryimage"},"thumbnailUrl":"https:\/\/minestamp2.webpstw.com\/wp-content\/uploads\/2021\/04\/render-etiquetas-pirata-textil-2.jpg","datePublished":"2021-04-12T13:43:26+00:00","dateModified":"2021-11-18T11:06:08+00:00","description":"Etiquetas textiles redondas Pirata personalizadas para marcar ropa y objetos. Incluye 56 etiquetas y una funda para llevarlas donde quieras.","breadcrumb":{"@id":"https:\/\/minestamp2.webpstw.com\/producto\/etiquetas-textiles-termoadhesivas-redondas-y-estrellas-profesiones-pirata\/#breadcrumb"},"inLanguage":"en-US","potentialAction":[{"@type":"ReadAction","target":["https:\/\/minestamp2.webpstw.com\/producto\/etiquetas-textiles-termoadhesivas-redondas-y-estrellas-profesiones-pirata\/"]}]},{"@type":"ImageObject","inLanguage":"en-US","@id":"https:\/\/minestamp2.webpstw.com\/producto\/etiquetas-textiles-termoadhesivas-redondas-y-estrellas-profesiones-pirata\/#primaryimage","url":"https:\/\/minestamp2.webpstw.com\/wp-content\/uploads\/2021\/04\/render-etiquetas-pirata-textil-2.jpg","contentUrl":"https:\/\/minestamp2.webpstw.com\/wp-content\/uploads\/2021\/04\/render-etiquetas-pirata-textil-2.jpg","width":1200,"height":1200},{"@type":"BreadcrumbList","@id":"https:\/\/minestamp2.webpstw.com\/producto\/etiquetas-textiles-termoadhesivas-redondas-y-estrellas-profesiones-pirata\/#breadcrumb","itemListElement":[{"@type":"ListItem","position":1,"name":"Portada","item":"https:\/\/minestamp2.webpstw.com\/"},{"@type":"ListItem","position":2,"name":"Tienda","item":"https:\/\/minestamp2.webpstw.com\/tienda\/"},{"@type":"ListItem","position":3,"name":"Etiquetas textiles termoadhesivas redondas y estrellas profesiones PIRATA"}]},{"@type":"WebSite","@id":"https:\/\/minestamp2.webpstw.com\/#website","url":"https:\/\/minestamp2.webpstw.com\/","name":"MINESTAMP","description":"La marca de sellos m\u00e1s vendida del mundo","potentialAction":[{"@type":"SearchAction","target":{"@type":"EntryPoint","urlTemplate":"https:\/\/minestamp2.webpstw.com\/?s={search_term_string}"},"query-input":{"@type":"PropertyValueSpecification","valueRequired":true,"valueName":"search_term_string"}}],"inLanguage":"en-US"}]}},"_links":{"self":[{"href":"https:\/\/minestamp2.webpstw.com\/en\/wp-json\/wp\/v2\/product\/30160","targetHints":{"allow":["GET"]}}],"collection":[{"href":"https:\/\/minestamp2.webpstw.com\/en\/wp-json\/wp\/v2\/product"}],"about":[{"href":"https:\/\/minestamp2.webpstw.com\/en\/wp-json\/wp\/v2\/types\/product"}],"replies":[{"embeddable":true,"href":"https:\/\/minestamp2.webpstw.com\/en\/wp-json\/wp\/v2\/comments?post=30160"}],"wp:featuredmedia":[{"embeddable":true,"href":"https:\/\/minestamp2.webpstw.com\/en\/wp-json\/wp\/v2\/media\/30696"}],"wp:attachment":[{"href":"https:\/\/minestamp2.webpstw.com\/en\/wp-json\/wp\/v2\/media?parent=30160"}],"wp:term":[{"taxonomy":"product_brand","embeddable":true,"href":"https:\/\/minestamp2.webpstw.com\/en\/wp-json\/wp\/v2\/product_brand?post=30160"},{"taxonomy":"product_cat","embeddable":true,"href":"https:\/\/minestamp2.webpstw.com\/en\/wp-json\/wp\/v2\/product_cat?post=30160"},{"taxonomy":"product_tag","embeddable":true,"href":"https:\/\/minestamp2.webpstw.com\/en\/wp-json\/wp\/v2\/product_tag?post=30160"}],"curies":[{"name":"wp","href":"https:\/\/api.w.org\/{rel}","templated":true}]}}