{"id":26743,"date":"2020-07-08T13:43:02","date_gmt":"2020-07-08T11:43:02","guid":{"rendered":"https:\/\/minestamp.com\/?post_type=product&#038;p=26743"},"modified":"2022-10-12T20:45:43","modified_gmt":"2022-10-12T18:45:43","slug":"etiquetas-bordadas-para-ropa","status":"publish","type":"product","link":"https:\/\/minestamp2.webpstw.com\/en\/product\/etiquetas-bordadas-para-ropa\/","title":{"rendered":"Embroidered Labels for Clothes - 50 pcs."},"content":{"rendered":"<div class=\"wpb-content-wrapper\"><div class=\"vc_row wpb_row vc_row-fluid\"><div class=\"wpb_column vc_column_container vc_col-sm-12\"><div class=\"vc_column-inner\"><div class=\"wpb_wrapper\">\n\t<div class=\"wpb_text_column wpb_content_element\" >\n\t\t<div class=\"wpb_wrapper\">\n\t\t\t<p>Our embroidered labels to mark clothes are made to personalize all of your children's clothes, so that they can be easily identified at kindergarten, school or summer camps.<\/p>\n<p>They are easy to apply, with a beautiful and original design, which will also withstand endless washes. Embroidered labels can be sewn or ironed onto the garment itself.<\/p>\n<p>It will look great and all your clothes will go home with it!<\/p>\n<p>_________________________________________________________<\/p>\n<p><strong>Includes:<\/strong> 50 unidades.<\/p>\n<p><strong>Text measurments:<\/strong> 10 mm. width x 70 mm. long.<\/p>\n<p><strong>Manufacturing time:<\/strong> 7-10 business days.<\/p>\n<p><strong>Shipping Options:<\/strong> 24\/48h o 48\/72h.<\/p>\n\n\t\t<\/div>\n\t<\/div>\n<\/div><\/div><\/div><\/div>\n<\/div>","protected":false},"excerpt":{"rendered":"<p>Our embroidered labels to mark clothes are made to personalize all of your children's clothes, so that they can be easily identified at kindergarten, school or summer camps.<br \/>\nOrder them with thermoadhesive to iron them directly or folded at the ends, to sew them where you can think of.<br \/>\n__________________________________________________________<\/p>\n<p><strong>Includes:<\/strong> 50 labels.<br \/>\n<strong>Text measurments:<\/strong> 10 mm. width x 70 mm. long.<br \/>\n<span style=\"color: #00ccff;\"><strong>Manufacturing time:<\/strong> 7-10 business days.<\/span><\/p>\n<p>Customize yours with our pictograms and colors. It is very easy and fast.<\/p>","protected":false},"featured_media":19227,"comment_status":"open","ping_status":"closed","template":"","meta":{"rs_blank_template":"","rs_page_bg_color":"","slide_template_v7":""},"product_brand":[],"product_cat":[93,51,142],"product_tag":[],"class_list":{"0":"post-26743","1":"product","2":"type-product","3":"status-publish","4":"has-post-thumbnail","6":"product_cat-etiquetas-bordadas","7":"product_cat-etiquetas-para-ropa","8":"product_cat-sellos-ropa-objetos","10":"first","11":"outofstock","12":"taxable","13":"shipping-taxable","14":"purchasable","15":"product-type-variable"},"yoast_head":"<!-- This site is optimized with the Yoast SEO plugin v27.3 - https:\/\/yoast.com\/product\/yoast-seo-wordpress\/ -->\n<title>Etiquetas Bordadas para Ropa - 50 uds. - MINESTAMP<\/title>\n<meta name=\"description\" content=\"Las etiquetas bordadas para ropa son perfectas para marcar las prendas de tu ni\u00f1o, as\u00ed podr\u00e1 identificar todo lo que es suyo y olv\u00eddate de que pierda nada.\" \/>\n<meta name=\"robots\" content=\"index, follow, max-snippet:-1, max-image-preview:large, max-video-preview:-1\" \/>\n<link rel=\"canonical\" href=\"https:\/\/minestamp2.webpstw.com\/en\/product\/etiquetas-bordadas-para-ropa\/\" \/>\n<meta property=\"og:locale\" content=\"en_US\" \/>\n<meta property=\"og:type\" content=\"article\" \/>\n<meta property=\"og:title\" content=\"Etiquetas Bordadas para Ropa - 50 uds. - MINESTAMP\" \/>\n<meta property=\"og:description\" content=\"Las etiquetas bordadas para ropa son perfectas para marcar las prendas de tu ni\u00f1o, as\u00ed podr\u00e1 identificar todo lo que es suyo y olv\u00eddate de que pierda nada.\" \/>\n<meta property=\"og:url\" content=\"https:\/\/minestamp2.webpstw.com\/en\/product\/etiquetas-bordadas-para-ropa\/\" \/>\n<meta property=\"og:site_name\" content=\"MINESTAMP\" \/>\n<meta property=\"article:modified_time\" content=\"2022-10-12T18:45:43+00:00\" \/>\n<meta property=\"og:image\" content=\"https:\/\/minestamp2.webpstw.com\/wp-content\/uploads\/2020\/02\/etiquetas-bordadas-1.png\" \/>\n\t<meta property=\"og:image:width\" content=\"1024\" \/>\n\t<meta property=\"og:image:height\" content=\"1024\" \/>\n\t<meta property=\"og:image:type\" content=\"image\/png\" \/>\n<meta name=\"twitter:card\" content=\"summary_large_image\" \/>\n<meta name=\"twitter:label1\" content=\"Est. reading time\" \/>\n\t<meta name=\"twitter:data1\" content=\"1 minute\" \/>\n<script type=\"application\/ld+json\" class=\"yoast-schema-graph\">{\"@context\":\"https:\\\/\\\/schema.org\",\"@graph\":[{\"@type\":\"WebPage\",\"@id\":\"https:\\\/\\\/minestamp2.webpstw.com\\\/producto\\\/etiquetas-bordadas-para-ropa\\\/\",\"url\":\"https:\\\/\\\/minestamp2.webpstw.com\\\/producto\\\/etiquetas-bordadas-para-ropa\\\/\",\"name\":\"Etiquetas Bordadas para Ropa - 50 uds. - MINESTAMP\",\"isPartOf\":{\"@id\":\"https:\\\/\\\/minestamp2.webpstw.com\\\/#website\"},\"primaryImageOfPage\":{\"@id\":\"https:\\\/\\\/minestamp2.webpstw.com\\\/producto\\\/etiquetas-bordadas-para-ropa\\\/#primaryimage\"},\"image\":{\"@id\":\"https:\\\/\\\/minestamp2.webpstw.com\\\/producto\\\/etiquetas-bordadas-para-ropa\\\/#primaryimage\"},\"thumbnailUrl\":\"https:\\\/\\\/minestamp2.webpstw.com\\\/wp-content\\\/uploads\\\/2020\\\/02\\\/etiquetas-bordadas-1.png\",\"datePublished\":\"2020-07-08T11:43:02+00:00\",\"dateModified\":\"2022-10-12T18:45:43+00:00\",\"description\":\"Las etiquetas bordadas para ropa son perfectas para marcar las prendas de tu ni\u00f1o, as\u00ed podr\u00e1 identificar todo lo que es suyo y olv\u00eddate de que pierda nada.\",\"breadcrumb\":{\"@id\":\"https:\\\/\\\/minestamp2.webpstw.com\\\/producto\\\/etiquetas-bordadas-para-ropa\\\/#breadcrumb\"},\"inLanguage\":\"en-US\",\"potentialAction\":[{\"@type\":\"ReadAction\",\"target\":[\"https:\\\/\\\/minestamp2.webpstw.com\\\/producto\\\/etiquetas-bordadas-para-ropa\\\/\"]}]},{\"@type\":\"ImageObject\",\"inLanguage\":\"en-US\",\"@id\":\"https:\\\/\\\/minestamp2.webpstw.com\\\/producto\\\/etiquetas-bordadas-para-ropa\\\/#primaryimage\",\"url\":\"https:\\\/\\\/minestamp2.webpstw.com\\\/wp-content\\\/uploads\\\/2020\\\/02\\\/etiquetas-bordadas-1.png\",\"contentUrl\":\"https:\\\/\\\/minestamp2.webpstw.com\\\/wp-content\\\/uploads\\\/2020\\\/02\\\/etiquetas-bordadas-1.png\",\"width\":1024,\"height\":1024,\"caption\":\"Etiquetas Bordadas para Ropa - \u00a1Configura la tuya!\"},{\"@type\":\"BreadcrumbList\",\"@id\":\"https:\\\/\\\/minestamp2.webpstw.com\\\/producto\\\/etiquetas-bordadas-para-ropa\\\/#breadcrumb\",\"itemListElement\":[{\"@type\":\"ListItem\",\"position\":1,\"name\":\"Portada\",\"item\":\"https:\\\/\\\/minestamp2.webpstw.com\\\/\"},{\"@type\":\"ListItem\",\"position\":2,\"name\":\"Tienda\",\"item\":\"https:\\\/\\\/minestamp2.webpstw.com\\\/tienda\\\/\"},{\"@type\":\"ListItem\",\"position\":3,\"name\":\"Etiquetas Bordadas para Ropa &#8211; 50 uds.\"}]},{\"@type\":\"WebSite\",\"@id\":\"https:\\\/\\\/minestamp2.webpstw.com\\\/#website\",\"url\":\"https:\\\/\\\/minestamp2.webpstw.com\\\/\",\"name\":\"MINESTAMP\",\"description\":\"La marca de sellos m\u00e1s vendida del mundo\",\"potentialAction\":[{\"@type\":\"SearchAction\",\"target\":{\"@type\":\"EntryPoint\",\"urlTemplate\":\"https:\\\/\\\/minestamp2.webpstw.com\\\/?s={search_term_string}\"},\"query-input\":{\"@type\":\"PropertyValueSpecification\",\"valueRequired\":true,\"valueName\":\"search_term_string\"}}],\"inLanguage\":\"en-US\"}]}<\/script>\n<!-- \/ Yoast SEO plugin. -->","yoast_head_json":{"title":"Etiquetas Bordadas para Ropa - 50 uds. - MINESTAMP","description":"Las etiquetas bordadas para ropa son perfectas para marcar las prendas de tu ni\u00f1o, as\u00ed podr\u00e1 identificar todo lo que es suyo y olv\u00eddate de que pierda nada.","robots":{"index":"index","follow":"follow","max-snippet":"max-snippet:-1","max-image-preview":"max-image-preview:large","max-video-preview":"max-video-preview:-1"},"canonical":"https:\/\/minestamp2.webpstw.com\/en\/product\/etiquetas-bordadas-para-ropa\/","og_locale":"en_US","og_type":"article","og_title":"Etiquetas Bordadas para Ropa - 50 uds. - MINESTAMP","og_description":"Las etiquetas bordadas para ropa son perfectas para marcar las prendas de tu ni\u00f1o, as\u00ed podr\u00e1 identificar todo lo que es suyo y olv\u00eddate de que pierda nada.","og_url":"https:\/\/minestamp2.webpstw.com\/en\/product\/etiquetas-bordadas-para-ropa\/","og_site_name":"MINESTAMP","article_modified_time":"2022-10-12T18:45:43+00:00","og_image":[{"width":1024,"height":1024,"url":"https:\/\/minestamp2.webpstw.com\/wp-content\/uploads\/2020\/02\/etiquetas-bordadas-1.png","type":"image\/png"}],"twitter_card":"summary_large_image","twitter_misc":{"Est. reading time":"1 minute"},"schema":{"@context":"https:\/\/schema.org","@graph":[{"@type":"WebPage","@id":"https:\/\/minestamp2.webpstw.com\/producto\/etiquetas-bordadas-para-ropa\/","url":"https:\/\/minestamp2.webpstw.com\/producto\/etiquetas-bordadas-para-ropa\/","name":"Etiquetas Bordadas para Ropa - 50 uds. - MINESTAMP","isPartOf":{"@id":"https:\/\/minestamp2.webpstw.com\/#website"},"primaryImageOfPage":{"@id":"https:\/\/minestamp2.webpstw.com\/producto\/etiquetas-bordadas-para-ropa\/#primaryimage"},"image":{"@id":"https:\/\/minestamp2.webpstw.com\/producto\/etiquetas-bordadas-para-ropa\/#primaryimage"},"thumbnailUrl":"https:\/\/minestamp2.webpstw.com\/wp-content\/uploads\/2020\/02\/etiquetas-bordadas-1.png","datePublished":"2020-07-08T11:43:02+00:00","dateModified":"2022-10-12T18:45:43+00:00","description":"Las etiquetas bordadas para ropa son perfectas para marcar las prendas de tu ni\u00f1o, as\u00ed podr\u00e1 identificar todo lo que es suyo y olv\u00eddate de que pierda nada.","breadcrumb":{"@id":"https:\/\/minestamp2.webpstw.com\/producto\/etiquetas-bordadas-para-ropa\/#breadcrumb"},"inLanguage":"en-US","potentialAction":[{"@type":"ReadAction","target":["https:\/\/minestamp2.webpstw.com\/producto\/etiquetas-bordadas-para-ropa\/"]}]},{"@type":"ImageObject","inLanguage":"en-US","@id":"https:\/\/minestamp2.webpstw.com\/producto\/etiquetas-bordadas-para-ropa\/#primaryimage","url":"https:\/\/minestamp2.webpstw.com\/wp-content\/uploads\/2020\/02\/etiquetas-bordadas-1.png","contentUrl":"https:\/\/minestamp2.webpstw.com\/wp-content\/uploads\/2020\/02\/etiquetas-bordadas-1.png","width":1024,"height":1024,"caption":"Etiquetas Bordadas para Ropa - \u00a1Configura la tuya!"},{"@type":"BreadcrumbList","@id":"https:\/\/minestamp2.webpstw.com\/producto\/etiquetas-bordadas-para-ropa\/#breadcrumb","itemListElement":[{"@type":"ListItem","position":1,"name":"Portada","item":"https:\/\/minestamp2.webpstw.com\/"},{"@type":"ListItem","position":2,"name":"Tienda","item":"https:\/\/minestamp2.webpstw.com\/tienda\/"},{"@type":"ListItem","position":3,"name":"Etiquetas Bordadas para Ropa &#8211; 50 uds."}]},{"@type":"WebSite","@id":"https:\/\/minestamp2.webpstw.com\/#website","url":"https:\/\/minestamp2.webpstw.com\/","name":"MINESTAMP","description":"La marca de sellos m\u00e1s vendida del mundo","potentialAction":[{"@type":"SearchAction","target":{"@type":"EntryPoint","urlTemplate":"https:\/\/minestamp2.webpstw.com\/?s={search_term_string}"},"query-input":{"@type":"PropertyValueSpecification","valueRequired":true,"valueName":"search_term_string"}}],"inLanguage":"en-US"}]}},"_links":{"self":[{"href":"https:\/\/minestamp2.webpstw.com\/en\/wp-json\/wp\/v2\/product\/26743","targetHints":{"allow":["GET"]}}],"collection":[{"href":"https:\/\/minestamp2.webpstw.com\/en\/wp-json\/wp\/v2\/product"}],"about":[{"href":"https:\/\/minestamp2.webpstw.com\/en\/wp-json\/wp\/v2\/types\/product"}],"replies":[{"embeddable":true,"href":"https:\/\/minestamp2.webpstw.com\/en\/wp-json\/wp\/v2\/comments?post=26743"}],"wp:featuredmedia":[{"embeddable":true,"href":"https:\/\/minestamp2.webpstw.com\/en\/wp-json\/wp\/v2\/media\/19227"}],"wp:attachment":[{"href":"https:\/\/minestamp2.webpstw.com\/en\/wp-json\/wp\/v2\/media?parent=26743"}],"wp:term":[{"taxonomy":"product_brand","embeddable":true,"href":"https:\/\/minestamp2.webpstw.com\/en\/wp-json\/wp\/v2\/product_brand?post=26743"},{"taxonomy":"product_cat","embeddable":true,"href":"https:\/\/minestamp2.webpstw.com\/en\/wp-json\/wp\/v2\/product_cat?post=26743"},{"taxonomy":"product_tag","embeddable":true,"href":"https:\/\/minestamp2.webpstw.com\/en\/wp-json\/wp\/v2\/product_tag?post=26743"}],"curies":[{"name":"wp","href":"https:\/\/api.w.org\/{rel}","templated":true}]}}