{"id":26490,"date":"2020-07-07T08:36:29","date_gmt":"2020-07-07T08:36:29","guid":{"rendered":"https:\/\/minestamp.com\/?post_type=product&#038;p=26490"},"modified":"2026-04-20T12:29:41","modified_gmt":"2026-04-20T10:29:41","slug":"sello-con-tu-logo-manual","status":"publish","type":"product","link":"https:\/\/minestamp2.webpstw.com\/en\/product\/sello-con-tu-logo-manual\/","title":{"rendered":"Manual logo Stamp"},"content":{"rendered":"<div id=\"description\" class=\"tab-pane fade in active\">\n<div class=\"product-description\">\n<p>Now you can have <strong>your own personalized stamp with your design<\/strong>! With it you can make your business cards, mark your shipping boxes, the labels of your products, personalize envelopes ...<\/p>\n<p>This stamp with your design has the perfect measure to create <strong>hand-stamped business cards<\/strong>.<\/p>\n<p>Just attach the image of your logo in the field below, <strong>We will send you a digital preview of the design in about 24\/72 business hours<\/strong> to the email of your user account. If you do not receive any mail, check your spam tray and if you do not find anything, send us an email <a href=\"mailto:info@minestamp.com\">info@minestamp.com<\/a> attaching the number of your order.<\/p>\n<p><strong>LOGO FORMAT<\/strong><br \/>\nThe file has to be a\u00a0<strong>.JPG at 300dpi, or the original file (either Illustrator or pdf) and in black and white<\/strong> (not grayscale) and the minimum font size is 8 points. But don't worry, if the file you attach is not of sufficient quality or is not correct, we will notify you with an email once we have your order.<\/p>\n<p>The .PDF or the original Illustrator has to have the fonts traced, (they have to be like an image, not a text). You can contact us for any questions you have at <a href=\"mailto:info@minestamp.com\">info@minestamp.com<\/a>!<\/p>\n<\/div>\n<\/div>\n<p>&nbsp;<\/p>\n<hr \/>\n<p><strong>Includes:<\/strong>: Manual stamp with the sent design + INKIS ink to choose color.<\/p>\n<p><strong>Shipping Options:<\/strong> 24\/48h o 48\/72h.<\/p>\n<p>You will receive by email a preview of the stamp, once the purchase process is finished.<\/p>","protected":false},"excerpt":{"rendered":"<p>Now you can have\u00a0<strong>your own personalized stamp with your design<\/strong>! With it you can make your business cards, mark your shipping boxes, the labels of your products, personalize envelopes ...<\/p>\n<p>Just attach the image of your logo in the field below, <strong>We will send you a digital preview of the design in about 24\/72 business hours<\/strong> to the email of your user account. If you do not receive any mail, check your spam tray and if you do not find anything, send us an email <a href=\"mailto:info@minestamp.com\">info@minestamp.com<\/a> attaching the number of your order.<\/p>","protected":false},"featured_media":26918,"comment_status":"open","ping_status":"closed","template":"","meta":{"rs_blank_template":"","rs_page_bg_color":"","slide_template_v7":""},"product_brand":[],"product_cat":[154],"product_tag":[],"class_list":{"0":"post-26490","1":"product","2":"type-product","3":"status-publish","4":"has-post-thumbnail","6":"product_cat-tu-sello-personalizado","8":"first","9":"instock","10":"sale","11":"taxable","12":"shipping-taxable","13":"purchasable","14":"product-type-simple"},"yoast_head":"<!-- This site is optimized with the Yoast SEO plugin v27.3 - https:\/\/yoast.com\/product\/yoast-seo-wordpress\/ -->\n<title>Sello con tu logo (Manual) - MINESTAMP<\/title>\n<meta name=\"robots\" content=\"index, follow, max-snippet:-1, max-image-preview:large, max-video-preview:-1\" \/>\n<link rel=\"canonical\" href=\"https:\/\/minestamp2.webpstw.com\/en\/product\/sello-con-tu-logo-manual\/\" \/>\n<meta property=\"og:locale\" content=\"en_US\" \/>\n<meta property=\"og:type\" content=\"article\" \/>\n<meta property=\"og:title\" content=\"Sello con tu logo (Manual) - MINESTAMP\" \/>\n<meta property=\"og:description\" content=\"\u00a1Ahora ya puedes tener un\u00a0sello con tu logotipo o dise\u00f1o! Con \u00e9l podr\u00e1s hacerte tus tarjetas de visita, marcar tus cajas de env\u00edo, las etiquetas de tus productos, personalizar sobres...  Tan solo adjunta en el campo que aparece a continuaci\u00f3n la im\u00e1gen de tu logotipo, te enviaremos una previsualizaci\u00f3n digital del dise\u00f1o en unas 24\/72 horas laborables al correo electr\u00f3nico de tu cuenta de usuario. Si no recibes ning\u00fan mail, revisa tu bandeja de correo no deseado y si no encuentras nada, env\u00edanos un mail info@minestamp.com adjuntando el n\u00famero de tu pedido.\" \/>\n<meta property=\"og:url\" content=\"https:\/\/minestamp2.webpstw.com\/en\/product\/sello-con-tu-logo-manual\/\" \/>\n<meta property=\"og:site_name\" content=\"MINESTAMP\" \/>\n<meta property=\"article:modified_time\" content=\"2026-04-20T10:29:41+00:00\" \/>\n<meta property=\"og:image\" content=\"https:\/\/minestamp2.webpstw.com\/wp-content\/uploads\/2020\/07\/sello-textil-mine-redondo-manual-personalizado.jpg\" \/>\n\t<meta property=\"og:image:width\" content=\"1200\" \/>\n\t<meta property=\"og:image:height\" content=\"1200\" \/>\n\t<meta property=\"og:image:type\" content=\"image\/jpeg\" \/>\n<meta name=\"twitter:card\" content=\"summary_large_image\" \/>\n<meta name=\"twitter:label1\" content=\"Est. reading time\" \/>\n\t<meta name=\"twitter:data1\" content=\"1 minute\" \/>\n<script type=\"application\/ld+json\" class=\"yoast-schema-graph\">{\"@context\":\"https:\\\/\\\/schema.org\",\"@graph\":[{\"@type\":\"WebPage\",\"@id\":\"https:\\\/\\\/minestamp2.webpstw.com\\\/producto\\\/sello-con-tu-logo-manual\\\/\",\"url\":\"https:\\\/\\\/minestamp2.webpstw.com\\\/producto\\\/sello-con-tu-logo-manual\\\/\",\"name\":\"Sello con tu logo (Manual) - MINESTAMP\",\"isPartOf\":{\"@id\":\"https:\\\/\\\/minestamp2.webpstw.com\\\/#website\"},\"primaryImageOfPage\":{\"@id\":\"https:\\\/\\\/minestamp2.webpstw.com\\\/producto\\\/sello-con-tu-logo-manual\\\/#primaryimage\"},\"image\":{\"@id\":\"https:\\\/\\\/minestamp2.webpstw.com\\\/producto\\\/sello-con-tu-logo-manual\\\/#primaryimage\"},\"thumbnailUrl\":\"https:\\\/\\\/minestamp2.webpstw.com\\\/wp-content\\\/uploads\\\/2020\\\/07\\\/sello-textil-mine-redondo-manual-personalizado.jpg\",\"datePublished\":\"2020-07-07T08:36:29+00:00\",\"dateModified\":\"2026-04-20T10:29:41+00:00\",\"breadcrumb\":{\"@id\":\"https:\\\/\\\/minestamp2.webpstw.com\\\/producto\\\/sello-con-tu-logo-manual\\\/#breadcrumb\"},\"inLanguage\":\"en-US\",\"potentialAction\":[{\"@type\":\"ReadAction\",\"target\":[\"https:\\\/\\\/minestamp2.webpstw.com\\\/producto\\\/sello-con-tu-logo-manual\\\/\"]}]},{\"@type\":\"ImageObject\",\"inLanguage\":\"en-US\",\"@id\":\"https:\\\/\\\/minestamp2.webpstw.com\\\/producto\\\/sello-con-tu-logo-manual\\\/#primaryimage\",\"url\":\"https:\\\/\\\/minestamp2.webpstw.com\\\/wp-content\\\/uploads\\\/2020\\\/07\\\/sello-textil-mine-redondo-manual-personalizado.jpg\",\"contentUrl\":\"https:\\\/\\\/minestamp2.webpstw.com\\\/wp-content\\\/uploads\\\/2020\\\/07\\\/sello-textil-mine-redondo-manual-personalizado.jpg\",\"width\":1200,\"height\":1200},{\"@type\":\"BreadcrumbList\",\"@id\":\"https:\\\/\\\/minestamp2.webpstw.com\\\/producto\\\/sello-con-tu-logo-manual\\\/#breadcrumb\",\"itemListElement\":[{\"@type\":\"ListItem\",\"position\":1,\"name\":\"Portada\",\"item\":\"https:\\\/\\\/minestamp2.webpstw.com\\\/\"},{\"@type\":\"ListItem\",\"position\":2,\"name\":\"Tienda\",\"item\":\"https:\\\/\\\/minestamp2.webpstw.com\\\/tienda\\\/\"},{\"@type\":\"ListItem\",\"position\":3,\"name\":\"Sello con tu logo (Manual)\"}]},{\"@type\":\"WebSite\",\"@id\":\"https:\\\/\\\/minestamp2.webpstw.com\\\/#website\",\"url\":\"https:\\\/\\\/minestamp2.webpstw.com\\\/\",\"name\":\"MINESTAMP\",\"description\":\"La marca de sellos m\u00e1s vendida del mundo\",\"potentialAction\":[{\"@type\":\"SearchAction\",\"target\":{\"@type\":\"EntryPoint\",\"urlTemplate\":\"https:\\\/\\\/minestamp2.webpstw.com\\\/?s={search_term_string}\"},\"query-input\":{\"@type\":\"PropertyValueSpecification\",\"valueRequired\":true,\"valueName\":\"search_term_string\"}}],\"inLanguage\":\"en-US\"}]}<\/script>\n<!-- \/ Yoast SEO plugin. -->","yoast_head_json":{"title":"Sello con tu logo (Manual) - MINESTAMP","robots":{"index":"index","follow":"follow","max-snippet":"max-snippet:-1","max-image-preview":"max-image-preview:large","max-video-preview":"max-video-preview:-1"},"canonical":"https:\/\/minestamp2.webpstw.com\/en\/product\/sello-con-tu-logo-manual\/","og_locale":"en_US","og_type":"article","og_title":"Sello con tu logo (Manual) - MINESTAMP","og_description":"\u00a1Ahora ya puedes tener un\u00a0sello con tu logotipo o dise\u00f1o! Con \u00e9l podr\u00e1s hacerte tus tarjetas de visita, marcar tus cajas de env\u00edo, las etiquetas de tus productos, personalizar sobres...  Tan solo adjunta en el campo que aparece a continuaci\u00f3n la im\u00e1gen de tu logotipo, te enviaremos una previsualizaci\u00f3n digital del dise\u00f1o en unas 24\/72 horas laborables al correo electr\u00f3nico de tu cuenta de usuario. Si no recibes ning\u00fan mail, revisa tu bandeja de correo no deseado y si no encuentras nada, env\u00edanos un mail info@minestamp.com adjuntando el n\u00famero de tu pedido.","og_url":"https:\/\/minestamp2.webpstw.com\/en\/product\/sello-con-tu-logo-manual\/","og_site_name":"MINESTAMP","article_modified_time":"2026-04-20T10:29:41+00:00","og_image":[{"width":1200,"height":1200,"url":"https:\/\/minestamp2.webpstw.com\/wp-content\/uploads\/2020\/07\/sello-textil-mine-redondo-manual-personalizado.jpg","type":"image\/jpeg"}],"twitter_card":"summary_large_image","twitter_misc":{"Est. reading time":"1 minute"},"schema":{"@context":"https:\/\/schema.org","@graph":[{"@type":"WebPage","@id":"https:\/\/minestamp2.webpstw.com\/producto\/sello-con-tu-logo-manual\/","url":"https:\/\/minestamp2.webpstw.com\/producto\/sello-con-tu-logo-manual\/","name":"Sello con tu logo (Manual) - MINESTAMP","isPartOf":{"@id":"https:\/\/minestamp2.webpstw.com\/#website"},"primaryImageOfPage":{"@id":"https:\/\/minestamp2.webpstw.com\/producto\/sello-con-tu-logo-manual\/#primaryimage"},"image":{"@id":"https:\/\/minestamp2.webpstw.com\/producto\/sello-con-tu-logo-manual\/#primaryimage"},"thumbnailUrl":"https:\/\/minestamp2.webpstw.com\/wp-content\/uploads\/2020\/07\/sello-textil-mine-redondo-manual-personalizado.jpg","datePublished":"2020-07-07T08:36:29+00:00","dateModified":"2026-04-20T10:29:41+00:00","breadcrumb":{"@id":"https:\/\/minestamp2.webpstw.com\/producto\/sello-con-tu-logo-manual\/#breadcrumb"},"inLanguage":"en-US","potentialAction":[{"@type":"ReadAction","target":["https:\/\/minestamp2.webpstw.com\/producto\/sello-con-tu-logo-manual\/"]}]},{"@type":"ImageObject","inLanguage":"en-US","@id":"https:\/\/minestamp2.webpstw.com\/producto\/sello-con-tu-logo-manual\/#primaryimage","url":"https:\/\/minestamp2.webpstw.com\/wp-content\/uploads\/2020\/07\/sello-textil-mine-redondo-manual-personalizado.jpg","contentUrl":"https:\/\/minestamp2.webpstw.com\/wp-content\/uploads\/2020\/07\/sello-textil-mine-redondo-manual-personalizado.jpg","width":1200,"height":1200},{"@type":"BreadcrumbList","@id":"https:\/\/minestamp2.webpstw.com\/producto\/sello-con-tu-logo-manual\/#breadcrumb","itemListElement":[{"@type":"ListItem","position":1,"name":"Portada","item":"https:\/\/minestamp2.webpstw.com\/"},{"@type":"ListItem","position":2,"name":"Tienda","item":"https:\/\/minestamp2.webpstw.com\/tienda\/"},{"@type":"ListItem","position":3,"name":"Sello con tu logo (Manual)"}]},{"@type":"WebSite","@id":"https:\/\/minestamp2.webpstw.com\/#website","url":"https:\/\/minestamp2.webpstw.com\/","name":"MINESTAMP","description":"La marca de sellos m\u00e1s vendida del mundo","potentialAction":[{"@type":"SearchAction","target":{"@type":"EntryPoint","urlTemplate":"https:\/\/minestamp2.webpstw.com\/?s={search_term_string}"},"query-input":{"@type":"PropertyValueSpecification","valueRequired":true,"valueName":"search_term_string"}}],"inLanguage":"en-US"}]}},"_links":{"self":[{"href":"https:\/\/minestamp2.webpstw.com\/en\/wp-json\/wp\/v2\/product\/26490","targetHints":{"allow":["GET"]}}],"collection":[{"href":"https:\/\/minestamp2.webpstw.com\/en\/wp-json\/wp\/v2\/product"}],"about":[{"href":"https:\/\/minestamp2.webpstw.com\/en\/wp-json\/wp\/v2\/types\/product"}],"replies":[{"embeddable":true,"href":"https:\/\/minestamp2.webpstw.com\/en\/wp-json\/wp\/v2\/comments?post=26490"}],"wp:featuredmedia":[{"embeddable":true,"href":"https:\/\/minestamp2.webpstw.com\/en\/wp-json\/wp\/v2\/media\/26918"}],"wp:attachment":[{"href":"https:\/\/minestamp2.webpstw.com\/en\/wp-json\/wp\/v2\/media?parent=26490"}],"wp:term":[{"taxonomy":"product_brand","embeddable":true,"href":"https:\/\/minestamp2.webpstw.com\/en\/wp-json\/wp\/v2\/product_brand?post=26490"},{"taxonomy":"product_cat","embeddable":true,"href":"https:\/\/minestamp2.webpstw.com\/en\/wp-json\/wp\/v2\/product_cat?post=26490"},{"taxonomy":"product_tag","embeddable":true,"href":"https:\/\/minestamp2.webpstw.com\/en\/wp-json\/wp\/v2\/product_tag?post=26490"}],"curies":[{"name":"wp","href":"https:\/\/api.w.org\/{rel}","templated":true}]}}