{"id":24038,"date":"2020-06-10T16:07:55","date_gmt":"2020-06-10T14:07:55","guid":{"rendered":"https:\/\/minestamp.com\/?post_type=product&#038;p=24038"},"modified":"2026-04-20T12:30:43","modified_gmt":"2026-04-20T10:30:43","slug":"sello-protect-antivirus","status":"publish","type":"product","link":"https:\/\/minestamp2.webpstw.com\/en\/product\/sello-protect-antivirus\/","title":{"rendered":"Sello PROTECT Antivirus"},"content":{"rendered":"<div class=\"wpb-content-wrapper\"><div class=\"vc_row wpb_row vc_row-fluid\"><div class=\"wpb_column vc_column_container vc_col-sm-12\"><div class=\"vc_column-inner vc_custom_1485001929326\"><div class=\"wpb_wrapper\">\n\t<div class=\"wpb_text_column wpb_content_element\" >\n\t\t<div class=\"wpb_wrapper\">\n\t\t\t<p class=\"p1\"><span class=\"s1\">Con el <strong>sello Protect Antivirus<\/strong> es perfecto ense\u00f1ar y animar a los m\u00e1s peques a lavarse las manos m\u00e1s a menudo.<br \/>\n<\/span><\/p>\n<p class=\"p1\"><em><strong>\u00bfQu\u00e9 mejor manera de combatir al virus que convirtiendo el simple hecho de lavarse bien las manos en todo un juego para nuestros peques?<\/strong><\/em><\/p>\n<p class=\"p1\">Colop ha ideado esta sello con la intenci\u00f3n de ense\u00f1ar a los ni\u00f1os y ni\u00f1as la importancia de lavarse las manos varias veces al d\u00eda, no solo en situaciones excepcionales, y que el hecho de hacerlo se convierta en un h\u00e1bito divertido para ellos.<\/p>\n<hr \/>\n<p class=\"p1\"><span class=\"s1\"><strong>El pack i<\/strong><\/span><span class=\"s1\"><strong>ncluye:<\/strong> <\/span><\/p>\n<ul>\n<li class=\"p1\"><span class=\"s1\"><strong>Bl\u00edster<\/strong> s\u00faper transparente y antirrobo con perforaci\u00f3n Euro.<\/span><\/li>\n<li class=\"p1\"><span class=\"s1\"><strong>1 cartucho<\/strong> de tinta<br \/>\n<\/span><\/li>\n<li><strong>Instrucciones<\/strong> para el lavado de manos<\/li>\n<\/ul>\n<p><em>Nuestros sellos han sido manipulados siguiendo las m\u00e1s estrictas normas de higiene y prevenci\u00f3n.<\/em><br \/>\n<em>Las tintas utilizadas en este sello cumplen con la normativa europea 91\/155\/CEE, son biodegradables, no t\u00f3xicas y no producen irritaciones en contacto con la piel o los ojos.<\/em><\/p>\n<p>Se recomienda lavar con agua y jab\u00f3n de manos.<br \/>\nLas tintas de este sello siempre deben ser las originales que incluye \u00e9ste pack.<\/p>\n<p><img loading=\"lazy\" decoding=\"async\" class=\"alignnone wp-image-24843 size-medium\" src=\"https:\/\/minestamp2.webpstw.com\/wp-content\/uploads\/2020\/06\/pictos_sellos_mine-300x76.png\" alt=\"\" width=\"300\" height=\"76\" srcset=\"https:\/\/minestamp2.webpstw.com\/wp-content\/uploads\/2020\/06\/pictos_sellos_mine-300x76.png 300w, https:\/\/minestamp2.webpstw.com\/wp-content\/uploads\/2020\/06\/pictos_sellos_mine.png 450w\" sizes=\"auto, (max-width: 300px) 100vw, 300px\" \/><\/p>\n<p><strong>Shipping options<\/strong>: Gratuito en 24-48h para todos los pedidos que incluyan este sello.<\/p>\n\n\t\t<\/div>\n\t<\/div>\n<\/div><\/div><\/div><\/div>\n<\/div>","protected":false},"excerpt":{"rendered":"<p>Nuestro <strong>sello PROTECT antivirus<\/strong> es la iniciativa de Colop para conseguir que los ni\u00f1os y ni\u00f1as se laven m\u00e1s a menudo las manos y adem\u00e1s lo hagan encantados. Con este sello queremos promover la higiene de manos varias veces al d\u00eda para disminuir las infecciones y las enfermedades <strong>convirti\u00e9ndolo en un juego<\/strong> para ni\u00f1os y ni\u00f1as.<\/p>\n<p>Al levantarse por las ma\u00f1anas, pon el sello en la mano (o en ambas) de tus peque\u00f1os, ens\u00e9\u00f1ales c\u00f3mo lavarse correctamente las manos y ofrece un premio\/punto si ha conseguido eliminarlo del todo al terminar el d\u00eda.<\/p>\n<p>Puedes sellar las manos todas las veces que quieras con el fin de que se laven las manos, nuestro sello antivirus permanece en la piel sin irritarla hasta su completa disoluci\u00f3n con agua y jab\u00f3n.<\/p>\n<p><img loading=\"lazy\" decoding=\"async\" class=\"size-medium wp-image-15560 alignnone\" src=\"https:\/\/minestamp2.webpstw.com\/wp-content\/uploads\/2020\/06\/protect-3-fases-1.jpg\" alt=\"\" width=\"600\" height=\"311\" \/><\/p>","protected":false},"featured_media":28113,"comment_status":"open","ping_status":"closed","template":"","meta":{"rs_blank_template":"","rs_page_bg_color":"","slide_template_v7":""},"product_brand":[],"product_cat":[172],"product_tag":[],"class_list":{"0":"post-24038","1":"product","2":"type-product","3":"status-publish","4":"has-post-thumbnail","6":"product_cat-sello-antivirus","8":"first","9":"instock","10":"taxable","11":"shipping-taxable","12":"purchasable","13":"product-type-simple"},"yoast_head":"<!-- This site is optimized with the Yoast SEO plugin v27.3 - https:\/\/yoast.com\/product\/yoast-seo-wordpress\/ -->\n<title>Sello PROTECT Antivirus para Lavar las Manos - MINESTAMP<\/title>\n<meta name=\"description\" content=\"Sello Antivirus personalizado para marcar ropa y objetos. Incluye sello autom\u00e1tico personalizado, recarga de tinta, regla y cinta para sellar ropa oscura.\" \/>\n<meta name=\"robots\" content=\"index, follow, max-snippet:-1, max-image-preview:large, max-video-preview:-1\" \/>\n<link rel=\"canonical\" href=\"https:\/\/minestamp2.webpstw.com\/en\/product\/sello-protect-antivirus\/\" \/>\n<meta property=\"og:locale\" content=\"en_US\" \/>\n<meta property=\"og:type\" content=\"article\" \/>\n<meta property=\"og:title\" content=\"Sello PROTECT Antivirus para Lavar las Manos - MINESTAMP\" \/>\n<meta property=\"og:description\" content=\"Sello Antivirus personalizado para marcar ropa y objetos. Incluye sello autom\u00e1tico personalizado, recarga de tinta, regla y cinta para sellar ropa oscura.\" \/>\n<meta property=\"og:url\" content=\"https:\/\/minestamp2.webpstw.com\/en\/product\/sello-protect-antivirus\/\" \/>\n<meta property=\"og:site_name\" content=\"MINESTAMP\" \/>\n<meta property=\"article:modified_time\" content=\"2026-04-20T10:30:43+00:00\" \/>\n<meta property=\"og:image\" content=\"https:\/\/minestamp2.webpstw.com\/wp-content\/uploads\/2020\/06\/protect-sello-frontal-1.jpg\" \/>\n\t<meta property=\"og:image:width\" content=\"1200\" \/>\n\t<meta property=\"og:image:height\" content=\"1200\" \/>\n\t<meta property=\"og:image:type\" content=\"image\/jpeg\" \/>\n<meta name=\"twitter:card\" content=\"summary_large_image\" \/>\n<meta name=\"twitter:label1\" content=\"Est. reading time\" \/>\n\t<meta name=\"twitter:data1\" content=\"1 minute\" \/>\n<script type=\"application\/ld+json\" class=\"yoast-schema-graph\">{\"@context\":\"https:\\\/\\\/schema.org\",\"@graph\":[{\"@type\":\"WebPage\",\"@id\":\"https:\\\/\\\/minestamp2.webpstw.com\\\/producto\\\/sello-protect-antivirus\\\/\",\"url\":\"https:\\\/\\\/minestamp2.webpstw.com\\\/producto\\\/sello-protect-antivirus\\\/\",\"name\":\"Sello PROTECT Antivirus para Lavar las Manos - MINESTAMP\",\"isPartOf\":{\"@id\":\"https:\\\/\\\/minestamp2.webpstw.com\\\/#website\"},\"primaryImageOfPage\":{\"@id\":\"https:\\\/\\\/minestamp2.webpstw.com\\\/producto\\\/sello-protect-antivirus\\\/#primaryimage\"},\"image\":{\"@id\":\"https:\\\/\\\/minestamp2.webpstw.com\\\/producto\\\/sello-protect-antivirus\\\/#primaryimage\"},\"thumbnailUrl\":\"https:\\\/\\\/minestamp2.webpstw.com\\\/wp-content\\\/uploads\\\/2020\\\/06\\\/protect-sello-frontal-1.jpg\",\"datePublished\":\"2020-06-10T14:07:55+00:00\",\"dateModified\":\"2026-04-20T10:30:43+00:00\",\"description\":\"Sello Antivirus personalizado para marcar ropa y objetos. Incluye sello autom\u00e1tico personalizado, recarga de tinta, regla y cinta para sellar ropa oscura.\",\"breadcrumb\":{\"@id\":\"https:\\\/\\\/minestamp2.webpstw.com\\\/producto\\\/sello-protect-antivirus\\\/#breadcrumb\"},\"inLanguage\":\"en-US\",\"potentialAction\":[{\"@type\":\"ReadAction\",\"target\":[\"https:\\\/\\\/minestamp2.webpstw.com\\\/producto\\\/sello-protect-antivirus\\\/\"]}]},{\"@type\":\"ImageObject\",\"inLanguage\":\"en-US\",\"@id\":\"https:\\\/\\\/minestamp2.webpstw.com\\\/producto\\\/sello-protect-antivirus\\\/#primaryimage\",\"url\":\"https:\\\/\\\/minestamp2.webpstw.com\\\/wp-content\\\/uploads\\\/2020\\\/06\\\/protect-sello-frontal-1.jpg\",\"contentUrl\":\"https:\\\/\\\/minestamp2.webpstw.com\\\/wp-content\\\/uploads\\\/2020\\\/06\\\/protect-sello-frontal-1.jpg\",\"width\":1200,\"height\":1200},{\"@type\":\"BreadcrumbList\",\"@id\":\"https:\\\/\\\/minestamp2.webpstw.com\\\/producto\\\/sello-protect-antivirus\\\/#breadcrumb\",\"itemListElement\":[{\"@type\":\"ListItem\",\"position\":1,\"name\":\"Portada\",\"item\":\"https:\\\/\\\/minestamp2.webpstw.com\\\/\"},{\"@type\":\"ListItem\",\"position\":2,\"name\":\"Tienda\",\"item\":\"https:\\\/\\\/minestamp2.webpstw.com\\\/tienda\\\/\"},{\"@type\":\"ListItem\",\"position\":3,\"name\":\"Sello PROTECT Antivirus\"}]},{\"@type\":\"WebSite\",\"@id\":\"https:\\\/\\\/minestamp2.webpstw.com\\\/#website\",\"url\":\"https:\\\/\\\/minestamp2.webpstw.com\\\/\",\"name\":\"MINESTAMP\",\"description\":\"La marca de sellos m\u00e1s vendida del mundo\",\"potentialAction\":[{\"@type\":\"SearchAction\",\"target\":{\"@type\":\"EntryPoint\",\"urlTemplate\":\"https:\\\/\\\/minestamp2.webpstw.com\\\/?s={search_term_string}\"},\"query-input\":{\"@type\":\"PropertyValueSpecification\",\"valueRequired\":true,\"valueName\":\"search_term_string\"}}],\"inLanguage\":\"en-US\"}]}<\/script>\n<!-- \/ Yoast SEO plugin. -->","yoast_head_json":{"title":"Sello PROTECT Antivirus para Lavar las Manos - MINESTAMP","description":"Sello Antivirus personalizado para marcar ropa y objetos. Incluye sello autom\u00e1tico personalizado, recarga de tinta, regla y cinta para sellar ropa oscura.","robots":{"index":"index","follow":"follow","max-snippet":"max-snippet:-1","max-image-preview":"max-image-preview:large","max-video-preview":"max-video-preview:-1"},"canonical":"https:\/\/minestamp2.webpstw.com\/en\/product\/sello-protect-antivirus\/","og_locale":"en_US","og_type":"article","og_title":"Sello PROTECT Antivirus para Lavar las Manos - MINESTAMP","og_description":"Sello Antivirus personalizado para marcar ropa y objetos. Incluye sello autom\u00e1tico personalizado, recarga de tinta, regla y cinta para sellar ropa oscura.","og_url":"https:\/\/minestamp2.webpstw.com\/en\/product\/sello-protect-antivirus\/","og_site_name":"MINESTAMP","article_modified_time":"2026-04-20T10:30:43+00:00","og_image":[{"width":1200,"height":1200,"url":"https:\/\/minestamp2.webpstw.com\/wp-content\/uploads\/2020\/06\/protect-sello-frontal-1.jpg","type":"image\/jpeg"}],"twitter_card":"summary_large_image","twitter_misc":{"Est. reading time":"1 minute"},"schema":{"@context":"https:\/\/schema.org","@graph":[{"@type":"WebPage","@id":"https:\/\/minestamp2.webpstw.com\/producto\/sello-protect-antivirus\/","url":"https:\/\/minestamp2.webpstw.com\/producto\/sello-protect-antivirus\/","name":"Sello PROTECT Antivirus para Lavar las Manos - MINESTAMP","isPartOf":{"@id":"https:\/\/minestamp2.webpstw.com\/#website"},"primaryImageOfPage":{"@id":"https:\/\/minestamp2.webpstw.com\/producto\/sello-protect-antivirus\/#primaryimage"},"image":{"@id":"https:\/\/minestamp2.webpstw.com\/producto\/sello-protect-antivirus\/#primaryimage"},"thumbnailUrl":"https:\/\/minestamp2.webpstw.com\/wp-content\/uploads\/2020\/06\/protect-sello-frontal-1.jpg","datePublished":"2020-06-10T14:07:55+00:00","dateModified":"2026-04-20T10:30:43+00:00","description":"Sello Antivirus personalizado para marcar ropa y objetos. Incluye sello autom\u00e1tico personalizado, recarga de tinta, regla y cinta para sellar ropa oscura.","breadcrumb":{"@id":"https:\/\/minestamp2.webpstw.com\/producto\/sello-protect-antivirus\/#breadcrumb"},"inLanguage":"en-US","potentialAction":[{"@type":"ReadAction","target":["https:\/\/minestamp2.webpstw.com\/producto\/sello-protect-antivirus\/"]}]},{"@type":"ImageObject","inLanguage":"en-US","@id":"https:\/\/minestamp2.webpstw.com\/producto\/sello-protect-antivirus\/#primaryimage","url":"https:\/\/minestamp2.webpstw.com\/wp-content\/uploads\/2020\/06\/protect-sello-frontal-1.jpg","contentUrl":"https:\/\/minestamp2.webpstw.com\/wp-content\/uploads\/2020\/06\/protect-sello-frontal-1.jpg","width":1200,"height":1200},{"@type":"BreadcrumbList","@id":"https:\/\/minestamp2.webpstw.com\/producto\/sello-protect-antivirus\/#breadcrumb","itemListElement":[{"@type":"ListItem","position":1,"name":"Portada","item":"https:\/\/minestamp2.webpstw.com\/"},{"@type":"ListItem","position":2,"name":"Tienda","item":"https:\/\/minestamp2.webpstw.com\/tienda\/"},{"@type":"ListItem","position":3,"name":"Sello PROTECT Antivirus"}]},{"@type":"WebSite","@id":"https:\/\/minestamp2.webpstw.com\/#website","url":"https:\/\/minestamp2.webpstw.com\/","name":"MINESTAMP","description":"La marca de sellos m\u00e1s vendida del mundo","potentialAction":[{"@type":"SearchAction","target":{"@type":"EntryPoint","urlTemplate":"https:\/\/minestamp2.webpstw.com\/?s={search_term_string}"},"query-input":{"@type":"PropertyValueSpecification","valueRequired":true,"valueName":"search_term_string"}}],"inLanguage":"en-US"}]}},"_links":{"self":[{"href":"https:\/\/minestamp2.webpstw.com\/en\/wp-json\/wp\/v2\/product\/24038","targetHints":{"allow":["GET"]}}],"collection":[{"href":"https:\/\/minestamp2.webpstw.com\/en\/wp-json\/wp\/v2\/product"}],"about":[{"href":"https:\/\/minestamp2.webpstw.com\/en\/wp-json\/wp\/v2\/types\/product"}],"replies":[{"embeddable":true,"href":"https:\/\/minestamp2.webpstw.com\/en\/wp-json\/wp\/v2\/comments?post=24038"}],"wp:featuredmedia":[{"embeddable":true,"href":"https:\/\/minestamp2.webpstw.com\/en\/wp-json\/wp\/v2\/media\/28113"}],"wp:attachment":[{"href":"https:\/\/minestamp2.webpstw.com\/en\/wp-json\/wp\/v2\/media?parent=24038"}],"wp:term":[{"taxonomy":"product_brand","embeddable":true,"href":"https:\/\/minestamp2.webpstw.com\/en\/wp-json\/wp\/v2\/product_brand?post=24038"},{"taxonomy":"product_cat","embeddable":true,"href":"https:\/\/minestamp2.webpstw.com\/en\/wp-json\/wp\/v2\/product_cat?post=24038"},{"taxonomy":"product_tag","embeddable":true,"href":"https:\/\/minestamp2.webpstw.com\/en\/wp-json\/wp\/v2\/product_tag?post=24038"}],"curies":[{"name":"wp","href":"https:\/\/api.w.org\/{rel}","templated":true}]}}