{"id":21815,"date":"2019-09-04T12:42:28","date_gmt":"2019-09-04T10:42:28","guid":{"rendered":"https:\/\/minestamp.com\/?product=pulseras-identificativas-adultos"},"modified":"2026-04-20T12:16:44","modified_gmt":"2026-04-20T10:16:44","slug":"pulseras-identificativas-adultos","status":"publish","type":"product","link":"https:\/\/minestamp2.webpstw.com\/en\/product\/pulseras-identificativas-adultos\/","title":{"rendered":"Embroidered Bracelet for Adults - 6 pcs."},"content":{"rendered":"<div class=\"wpb-content-wrapper\"><div class=\"vc_row wpb_row vc_row-fluid\"><div class=\"wpb_column vc_column_container vc_col-sm-12\"><div class=\"vc_column-inner\"><div class=\"wpb_wrapper\">\n\t<div class=\"wpb_text_column wpb_content_element\" >\n\t\t<div class=\"wpb_wrapper\">\n\t\t\t<p><span style=\"font-weight: 400;\">Minestamp identification bracelets are made to personalize them with the personal data of any adult: you can include name, contact telephone number or address.<\/span><\/p>\n<p><span style=\"font-weight: 400;\">The bracelets for adults are perfect for medical alerts, such as allergies and diseases, for sports or for older people.<\/span><\/p>\n<p><span style=\"font-weight: 400;\">The identification bracelet is <strong>comfortable, adjustable to the size of the wrist and light<\/strong>. It's also <strong>water resistant<\/strong>. All details and data are embroidered on the fabric, so they are indelible.\u00a0<\/span><\/p>\n<p>__________________________________________________________<\/p>\n<p><strong>Includes:<\/strong> 6 bracelets for adults (15 mm. Width x 400 mm. Length).<br \/>\n<strong>Manufacturing time:<\/strong> 7-10 business days.<\/p>\n<p><strong>Shipping Options:<\/strong> 24\/48h o 48\/72h.<\/p>\n\n\t\t<\/div>\n\t<\/div>\n<\/div><\/div><\/div><\/div>\n<\/div>","protected":false},"excerpt":{"rendered":"<p><strong>The bracelet is comfortable, light and adjustable to the size of the wrist<\/strong>. All details and data are embroidered on the fabric, making them indelible.<br \/>\n__________________________________________________________<\/p>\n<p><strong>Includes:<\/strong> 6 bracelets for adults (15 mm. Width x 400 mm. Length).<br \/>\n<strong>Manufacturing time:<\/strong> 7-10 business days.<\/p>\n<p><strong><em>Customize your little ones bracelet with our pictograms and colors. It is very easy and fast.<\/em><\/strong><\/p>","protected":false},"featured_media":21816,"comment_status":"open","ping_status":"closed","template":"","meta":{"rs_blank_template":"","rs_page_bg_color":"","slide_template_v7":""},"product_brand":[],"product_cat":[121,143],"product_tag":[],"class_list":{"0":"post-21815","1":"product","2":"type-product","3":"status-publish","4":"has-post-thumbnail","6":"product_cat-pulseras-identificativas-adultos","7":"product_cat-pulseras","9":"first","10":"outofstock","11":"taxable","12":"shipping-taxable","13":"purchasable","14":"product-type-simple"},"yoast_head":"<!-- This site is optimized with the Yoast SEO plugin v27.3 - https:\/\/yoast.com\/product\/yoast-seo-wordpress\/ -->\n<title>Pulsera bordada para Adultos - 6 uds. - MINESTAMP<\/title>\n<meta name=\"description\" content=\"Las pulseras identificativas Minestamp est\u00e1n hechas para personalizarlas con los datos personales de cualquier adulto: nombre, tel\u00e9fono o direcci\u00f3n.\" \/>\n<meta name=\"robots\" content=\"index, follow, max-snippet:-1, max-image-preview:large, max-video-preview:-1\" \/>\n<link rel=\"canonical\" href=\"https:\/\/minestamp2.webpstw.com\/en\/product\/pulseras-identificativas-adultos\/\" \/>\n<meta property=\"og:locale\" content=\"en_US\" \/>\n<meta property=\"og:type\" content=\"article\" \/>\n<meta property=\"og:title\" content=\"Pulsera bordada para Adultos - 6 uds. - MINESTAMP\" \/>\n<meta property=\"og:description\" content=\"Las pulseras identificativas Minestamp est\u00e1n hechas para personalizarlas con los datos personales de cualquier adulto: nombre, tel\u00e9fono o direcci\u00f3n.\" \/>\n<meta property=\"og:url\" content=\"https:\/\/minestamp2.webpstw.com\/en\/product\/pulseras-identificativas-adultos\/\" \/>\n<meta property=\"og:site_name\" content=\"MINESTAMP\" \/>\n<meta property=\"article:modified_time\" content=\"2026-04-20T10:16:44+00:00\" \/>\n<meta property=\"og:image\" content=\"https:\/\/minestamp2.webpstw.com\/wp-content\/uploads\/2020\/02\/pulseras-identificativas-1.png\" \/>\n\t<meta property=\"og:image:width\" content=\"564\" \/>\n\t<meta property=\"og:image:height\" content=\"564\" \/>\n\t<meta property=\"og:image:type\" content=\"image\/png\" \/>\n<meta name=\"twitter:card\" content=\"summary_large_image\" \/>\n<meta name=\"twitter:label1\" content=\"Est. reading time\" \/>\n\t<meta name=\"twitter:data1\" content=\"1 minute\" \/>\n<script type=\"application\/ld+json\" class=\"yoast-schema-graph\">{\"@context\":\"https:\\\/\\\/schema.org\",\"@graph\":[{\"@type\":\"WebPage\",\"@id\":\"https:\\\/\\\/minestamp2.webpstw.com\\\/producto\\\/pulseras-identificativas-adultos\\\/\",\"url\":\"https:\\\/\\\/minestamp2.webpstw.com\\\/producto\\\/pulseras-identificativas-adultos\\\/\",\"name\":\"Pulsera bordada para Adultos - 6 uds. - MINESTAMP\",\"isPartOf\":{\"@id\":\"https:\\\/\\\/minestamp2.webpstw.com\\\/#website\"},\"primaryImageOfPage\":{\"@id\":\"https:\\\/\\\/minestamp2.webpstw.com\\\/producto\\\/pulseras-identificativas-adultos\\\/#primaryimage\"},\"image\":{\"@id\":\"https:\\\/\\\/minestamp2.webpstw.com\\\/producto\\\/pulseras-identificativas-adultos\\\/#primaryimage\"},\"thumbnailUrl\":\"https:\\\/\\\/minestamp2.webpstw.com\\\/wp-content\\\/uploads\\\/2020\\\/02\\\/pulseras-identificativas-1.png\",\"datePublished\":\"2019-09-04T10:42:28+00:00\",\"dateModified\":\"2026-04-20T10:16:44+00:00\",\"description\":\"Las pulseras identificativas Minestamp est\u00e1n hechas para personalizarlas con los datos personales de cualquier adulto: nombre, tel\u00e9fono o direcci\u00f3n.\",\"breadcrumb\":{\"@id\":\"https:\\\/\\\/minestamp2.webpstw.com\\\/producto\\\/pulseras-identificativas-adultos\\\/#breadcrumb\"},\"inLanguage\":\"en-US\",\"potentialAction\":[{\"@type\":\"ReadAction\",\"target\":[\"https:\\\/\\\/minestamp2.webpstw.com\\\/producto\\\/pulseras-identificativas-adultos\\\/\"]}]},{\"@type\":\"ImageObject\",\"inLanguage\":\"en-US\",\"@id\":\"https:\\\/\\\/minestamp2.webpstw.com\\\/producto\\\/pulseras-identificativas-adultos\\\/#primaryimage\",\"url\":\"https:\\\/\\\/minestamp2.webpstw.com\\\/wp-content\\\/uploads\\\/2020\\\/02\\\/pulseras-identificativas-1.png\",\"contentUrl\":\"https:\\\/\\\/minestamp2.webpstw.com\\\/wp-content\\\/uploads\\\/2020\\\/02\\\/pulseras-identificativas-1.png\",\"width\":564,\"height\":564,\"caption\":\"Pulseras Identificativas para Adultos - \u00a1Configura la tuya!\"},{\"@type\":\"BreadcrumbList\",\"@id\":\"https:\\\/\\\/minestamp2.webpstw.com\\\/producto\\\/pulseras-identificativas-adultos\\\/#breadcrumb\",\"itemListElement\":[{\"@type\":\"ListItem\",\"position\":1,\"name\":\"Portada\",\"item\":\"https:\\\/\\\/minestamp2.webpstw.com\\\/\"},{\"@type\":\"ListItem\",\"position\":2,\"name\":\"Tienda\",\"item\":\"https:\\\/\\\/minestamp2.webpstw.com\\\/tienda\\\/\"},{\"@type\":\"ListItem\",\"position\":3,\"name\":\"Pulsera bordada para Adultos &#8211; 6 uds.\"}]},{\"@type\":\"WebSite\",\"@id\":\"https:\\\/\\\/minestamp2.webpstw.com\\\/#website\",\"url\":\"https:\\\/\\\/minestamp2.webpstw.com\\\/\",\"name\":\"MINESTAMP\",\"description\":\"La marca de sellos m\u00e1s vendida del mundo\",\"potentialAction\":[{\"@type\":\"SearchAction\",\"target\":{\"@type\":\"EntryPoint\",\"urlTemplate\":\"https:\\\/\\\/minestamp2.webpstw.com\\\/?s={search_term_string}\"},\"query-input\":{\"@type\":\"PropertyValueSpecification\",\"valueRequired\":true,\"valueName\":\"search_term_string\"}}],\"inLanguage\":\"en-US\"}]}<\/script>\n<!-- \/ Yoast SEO plugin. -->","yoast_head_json":{"title":"Pulsera bordada para Adultos - 6 uds. - MINESTAMP","description":"Las pulseras identificativas Minestamp est\u00e1n hechas para personalizarlas con los datos personales de cualquier adulto: nombre, tel\u00e9fono o direcci\u00f3n.","robots":{"index":"index","follow":"follow","max-snippet":"max-snippet:-1","max-image-preview":"max-image-preview:large","max-video-preview":"max-video-preview:-1"},"canonical":"https:\/\/minestamp2.webpstw.com\/en\/product\/pulseras-identificativas-adultos\/","og_locale":"en_US","og_type":"article","og_title":"Pulsera bordada para Adultos - 6 uds. - MINESTAMP","og_description":"Las pulseras identificativas Minestamp est\u00e1n hechas para personalizarlas con los datos personales de cualquier adulto: nombre, tel\u00e9fono o direcci\u00f3n.","og_url":"https:\/\/minestamp2.webpstw.com\/en\/product\/pulseras-identificativas-adultos\/","og_site_name":"MINESTAMP","article_modified_time":"2026-04-20T10:16:44+00:00","og_image":[{"width":564,"height":564,"url":"https:\/\/minestamp2.webpstw.com\/wp-content\/uploads\/2020\/02\/pulseras-identificativas-1.png","type":"image\/png"}],"twitter_card":"summary_large_image","twitter_misc":{"Est. reading time":"1 minute"},"schema":{"@context":"https:\/\/schema.org","@graph":[{"@type":"WebPage","@id":"https:\/\/minestamp2.webpstw.com\/producto\/pulseras-identificativas-adultos\/","url":"https:\/\/minestamp2.webpstw.com\/producto\/pulseras-identificativas-adultos\/","name":"Pulsera bordada para Adultos - 6 uds. - MINESTAMP","isPartOf":{"@id":"https:\/\/minestamp2.webpstw.com\/#website"},"primaryImageOfPage":{"@id":"https:\/\/minestamp2.webpstw.com\/producto\/pulseras-identificativas-adultos\/#primaryimage"},"image":{"@id":"https:\/\/minestamp2.webpstw.com\/producto\/pulseras-identificativas-adultos\/#primaryimage"},"thumbnailUrl":"https:\/\/minestamp2.webpstw.com\/wp-content\/uploads\/2020\/02\/pulseras-identificativas-1.png","datePublished":"2019-09-04T10:42:28+00:00","dateModified":"2026-04-20T10:16:44+00:00","description":"Las pulseras identificativas Minestamp est\u00e1n hechas para personalizarlas con los datos personales de cualquier adulto: nombre, tel\u00e9fono o direcci\u00f3n.","breadcrumb":{"@id":"https:\/\/minestamp2.webpstw.com\/producto\/pulseras-identificativas-adultos\/#breadcrumb"},"inLanguage":"en-US","potentialAction":[{"@type":"ReadAction","target":["https:\/\/minestamp2.webpstw.com\/producto\/pulseras-identificativas-adultos\/"]}]},{"@type":"ImageObject","inLanguage":"en-US","@id":"https:\/\/minestamp2.webpstw.com\/producto\/pulseras-identificativas-adultos\/#primaryimage","url":"https:\/\/minestamp2.webpstw.com\/wp-content\/uploads\/2020\/02\/pulseras-identificativas-1.png","contentUrl":"https:\/\/minestamp2.webpstw.com\/wp-content\/uploads\/2020\/02\/pulseras-identificativas-1.png","width":564,"height":564,"caption":"Pulseras Identificativas para Adultos - \u00a1Configura la tuya!"},{"@type":"BreadcrumbList","@id":"https:\/\/minestamp2.webpstw.com\/producto\/pulseras-identificativas-adultos\/#breadcrumb","itemListElement":[{"@type":"ListItem","position":1,"name":"Portada","item":"https:\/\/minestamp2.webpstw.com\/"},{"@type":"ListItem","position":2,"name":"Tienda","item":"https:\/\/minestamp2.webpstw.com\/tienda\/"},{"@type":"ListItem","position":3,"name":"Pulsera bordada para Adultos &#8211; 6 uds."}]},{"@type":"WebSite","@id":"https:\/\/minestamp2.webpstw.com\/#website","url":"https:\/\/minestamp2.webpstw.com\/","name":"MINESTAMP","description":"La marca de sellos m\u00e1s vendida del mundo","potentialAction":[{"@type":"SearchAction","target":{"@type":"EntryPoint","urlTemplate":"https:\/\/minestamp2.webpstw.com\/?s={search_term_string}"},"query-input":{"@type":"PropertyValueSpecification","valueRequired":true,"valueName":"search_term_string"}}],"inLanguage":"en-US"}]}},"_links":{"self":[{"href":"https:\/\/minestamp2.webpstw.com\/en\/wp-json\/wp\/v2\/product\/21815","targetHints":{"allow":["GET"]}}],"collection":[{"href":"https:\/\/minestamp2.webpstw.com\/en\/wp-json\/wp\/v2\/product"}],"about":[{"href":"https:\/\/minestamp2.webpstw.com\/en\/wp-json\/wp\/v2\/types\/product"}],"replies":[{"embeddable":true,"href":"https:\/\/minestamp2.webpstw.com\/en\/wp-json\/wp\/v2\/comments?post=21815"}],"wp:featuredmedia":[{"embeddable":true,"href":"https:\/\/minestamp2.webpstw.com\/en\/wp-json\/wp\/v2\/media\/21816"}],"wp:attachment":[{"href":"https:\/\/minestamp2.webpstw.com\/en\/wp-json\/wp\/v2\/media?parent=21815"}],"wp:term":[{"taxonomy":"product_brand","embeddable":true,"href":"https:\/\/minestamp2.webpstw.com\/en\/wp-json\/wp\/v2\/product_brand?post=21815"},{"taxonomy":"product_cat","embeddable":true,"href":"https:\/\/minestamp2.webpstw.com\/en\/wp-json\/wp\/v2\/product_cat?post=21815"},{"taxonomy":"product_tag","embeddable":true,"href":"https:\/\/minestamp2.webpstw.com\/en\/wp-json\/wp\/v2\/product_tag?post=21815"}],"curies":[{"name":"wp","href":"https:\/\/api.w.org\/{rel}","templated":true}]}}