{"id":20871,"date":"2019-06-19T10:35:44","date_gmt":"2019-06-19T10:35:44","guid":{"rendered":"https:\/\/minestamp.com\/?product=sello-comunion-personalizado-angel"},"modified":"2024-12-29T06:20:36","modified_gmt":"2024-12-29T04:20:36","slug":"sello-comunion-personalizado-angel","status":"publish","type":"product","link":"https:\/\/minestamp2.webpstw.com\/en\/product\/sello-comunion-personalizado-angel\/","title":{"rendered":"Personalized communion stamps \u00abAngel\u00bb"},"content":{"rendered":"<p>\u00bfQuieres sorprender a tus invitados y personalizar hasta el m\u00e1s peque\u00f1o detalle de la comuni\u00f3n de tu hij@?<\/p>\n<p>La primera comuni\u00f3n es una celebraci\u00f3n inolvidable para toda la familia y amigos, d\u00f3nde tu hij@ ser\u00e1 el protagonista.<\/p>\n<p>Con nuestros sellos personalizados para comuni\u00f3n podr\u00e1s estampar de la forma m\u00e1s original todo lo que necesites para esta fecha: invitaciones, sobres, tarjetas, regalos, men\u00fas\u2026 Para que puedas crear recuerdos \u00fanicos de este d\u00eda tan especial.<\/p>\n<hr \/>\n<p><strong>Includes:<\/strong>: Sello para comuni\u00f3n personalizado con el nombre elegido + 1 Tinta INKIS a elegir color<\/p>\n<p><strong>Shipping options<\/strong>: 24\/48h o 48\/72h.<\/p>\n<p>You will receive a preview of the stamp by email once the purchase process is complete.<\/p>","protected":false},"excerpt":{"rendered":"<p>Sello transparente para comuni\u00f3n personalizado con ilustraci\u00f3n de \u00e1ngel. Ideal para marcar los detalles de su primera comuni\u00f3n de una forma muy original.<\/p>\n<p>Incluye sello + Tinta a elegir color<\/p>\n<p>Do you want to add more inks? Visit our <a href=\"https:\/\/minestamp2.webpstw.com\/en\/categoria\/manualidades\/\">inks section (link)<\/a><\/p>","protected":false},"featured_media":20872,"comment_status":"open","ping_status":"closed","template":"","meta":{"rs_blank_template":"","rs_page_bg_color":"","slide_template_v7":""},"product_brand":[],"product_cat":[125],"product_tag":[],"class_list":{"0":"post-20871","1":"product","2":"type-product","3":"status-publish","4":"has-post-thumbnail","6":"product_cat-sellos-primeras-comuniones","8":"first","9":"instock","10":"taxable","11":"shipping-taxable","12":"purchasable","13":"product-type-simple"},"yoast_head":"<!-- This site is optimized with the Yoast SEO plugin v27.3 - https:\/\/yoast.com\/product\/yoast-seo-wordpress\/ -->\n<title>Sello para Comuni\u00f3n Personalizado &quot;\u00c1ngel&quot; - MINESTAMP<\/title>\n<meta name=\"description\" content=\"Sello para Primera Comuni\u00f3n personalizado con motivo &quot;\u00c1ngel&quot;. Una idea original para personalizar todos los detalles de la fiesta tu ni\u00f1o o ni\u00f1a.\" \/>\n<meta name=\"robots\" content=\"index, follow, max-snippet:-1, max-image-preview:large, max-video-preview:-1\" \/>\n<link rel=\"canonical\" href=\"https:\/\/minestamp2.webpstw.com\/en\/product\/sello-comunion-personalizado-angel\/\" \/>\n<meta property=\"og:locale\" content=\"en_US\" \/>\n<meta property=\"og:type\" content=\"article\" \/>\n<meta property=\"og:title\" content=\"Sello para Comuni\u00f3n Personalizado &quot;\u00c1ngel&quot; - MINESTAMP\" \/>\n<meta property=\"og:description\" content=\"Sello para Primera Comuni\u00f3n personalizado con motivo &quot;\u00c1ngel&quot;. Una idea original para personalizar todos los detalles de la fiesta tu ni\u00f1o o ni\u00f1a.\" \/>\n<meta property=\"og:url\" content=\"https:\/\/minestamp2.webpstw.com\/en\/product\/sello-comunion-personalizado-angel\/\" \/>\n<meta property=\"og:site_name\" content=\"MINESTAMP\" \/>\n<meta property=\"article:modified_time\" content=\"2024-12-29T04:20:36+00:00\" \/>\n<meta property=\"og:image\" content=\"https:\/\/minestamp2.webpstw.com\/wp-content\/uploads\/2020\/02\/PrimeraComunion_5.png\" \/>\n\t<meta property=\"og:image:width\" content=\"1024\" \/>\n\t<meta property=\"og:image:height\" content=\"1024\" \/>\n\t<meta property=\"og:image:type\" content=\"image\/png\" \/>\n<meta name=\"twitter:card\" content=\"summary_large_image\" \/>\n<meta name=\"twitter:label1\" content=\"Est. reading time\" \/>\n\t<meta name=\"twitter:data1\" content=\"1 minute\" \/>\n<script type=\"application\/ld+json\" class=\"yoast-schema-graph\">{\"@context\":\"https:\\\/\\\/schema.org\",\"@graph\":[{\"@type\":\"WebPage\",\"@id\":\"https:\\\/\\\/minestamp2.webpstw.com\\\/producto\\\/sello-comunion-personalizado-angel\\\/\",\"url\":\"https:\\\/\\\/minestamp2.webpstw.com\\\/producto\\\/sello-comunion-personalizado-angel\\\/\",\"name\":\"Sello para Comuni\u00f3n Personalizado \\\"\u00c1ngel\\\" - MINESTAMP\",\"isPartOf\":{\"@id\":\"https:\\\/\\\/minestamp2.webpstw.com\\\/#website\"},\"primaryImageOfPage\":{\"@id\":\"https:\\\/\\\/minestamp2.webpstw.com\\\/producto\\\/sello-comunion-personalizado-angel\\\/#primaryimage\"},\"image\":{\"@id\":\"https:\\\/\\\/minestamp2.webpstw.com\\\/producto\\\/sello-comunion-personalizado-angel\\\/#primaryimage\"},\"thumbnailUrl\":\"https:\\\/\\\/minestamp2.webpstw.com\\\/wp-content\\\/uploads\\\/2020\\\/02\\\/PrimeraComunion_5.png\",\"datePublished\":\"2019-06-19T10:35:44+00:00\",\"dateModified\":\"2024-12-29T04:20:36+00:00\",\"description\":\"Sello para Primera Comuni\u00f3n personalizado con motivo \\\"\u00c1ngel\\\". Una idea original para personalizar todos los detalles de la fiesta tu ni\u00f1o o ni\u00f1a.\",\"breadcrumb\":{\"@id\":\"https:\\\/\\\/minestamp2.webpstw.com\\\/producto\\\/sello-comunion-personalizado-angel\\\/#breadcrumb\"},\"inLanguage\":\"en-US\",\"potentialAction\":[{\"@type\":\"ReadAction\",\"target\":[\"https:\\\/\\\/minestamp2.webpstw.com\\\/producto\\\/sello-comunion-personalizado-angel\\\/\"]}]},{\"@type\":\"ImageObject\",\"inLanguage\":\"en-US\",\"@id\":\"https:\\\/\\\/minestamp2.webpstw.com\\\/producto\\\/sello-comunion-personalizado-angel\\\/#primaryimage\",\"url\":\"https:\\\/\\\/minestamp2.webpstw.com\\\/wp-content\\\/uploads\\\/2020\\\/02\\\/PrimeraComunion_5.png\",\"contentUrl\":\"https:\\\/\\\/minestamp2.webpstw.com\\\/wp-content\\\/uploads\\\/2020\\\/02\\\/PrimeraComunion_5.png\",\"width\":1024,\"height\":1024,\"caption\":\"Sello para Comuni\u00f3n Personalizado \\\"\u00c1ngel\\\"\"},{\"@type\":\"BreadcrumbList\",\"@id\":\"https:\\\/\\\/minestamp2.webpstw.com\\\/producto\\\/sello-comunion-personalizado-angel\\\/#breadcrumb\",\"itemListElement\":[{\"@type\":\"ListItem\",\"position\":1,\"name\":\"Portada\",\"item\":\"https:\\\/\\\/minestamp2.webpstw.com\\\/\"},{\"@type\":\"ListItem\",\"position\":2,\"name\":\"Tienda\",\"item\":\"https:\\\/\\\/minestamp2.webpstw.com\\\/tienda\\\/\"},{\"@type\":\"ListItem\",\"position\":3,\"name\":\"Sello para Comuni\u00f3n Personalizado \u00ab\u00c1ngel\u00bb\"}]},{\"@type\":\"WebSite\",\"@id\":\"https:\\\/\\\/minestamp2.webpstw.com\\\/#website\",\"url\":\"https:\\\/\\\/minestamp2.webpstw.com\\\/\",\"name\":\"MINESTAMP\",\"description\":\"La marca de sellos m\u00e1s vendida del mundo\",\"potentialAction\":[{\"@type\":\"SearchAction\",\"target\":{\"@type\":\"EntryPoint\",\"urlTemplate\":\"https:\\\/\\\/minestamp2.webpstw.com\\\/?s={search_term_string}\"},\"query-input\":{\"@type\":\"PropertyValueSpecification\",\"valueRequired\":true,\"valueName\":\"search_term_string\"}}],\"inLanguage\":\"en-US\"}]}<\/script>\n<!-- \/ Yoast SEO plugin. -->","yoast_head_json":{"title":"Sello para Comuni\u00f3n Personalizado \"\u00c1ngel\" - MINESTAMP","description":"Sello para Primera Comuni\u00f3n personalizado con motivo \"\u00c1ngel\". Una idea original para personalizar todos los detalles de la fiesta tu ni\u00f1o o ni\u00f1a.","robots":{"index":"index","follow":"follow","max-snippet":"max-snippet:-1","max-image-preview":"max-image-preview:large","max-video-preview":"max-video-preview:-1"},"canonical":"https:\/\/minestamp2.webpstw.com\/en\/product\/sello-comunion-personalizado-angel\/","og_locale":"en_US","og_type":"article","og_title":"Sello para Comuni\u00f3n Personalizado \"\u00c1ngel\" - MINESTAMP","og_description":"Sello para Primera Comuni\u00f3n personalizado con motivo \"\u00c1ngel\". Una idea original para personalizar todos los detalles de la fiesta tu ni\u00f1o o ni\u00f1a.","og_url":"https:\/\/minestamp2.webpstw.com\/en\/product\/sello-comunion-personalizado-angel\/","og_site_name":"MINESTAMP","article_modified_time":"2024-12-29T04:20:36+00:00","og_image":[{"width":1024,"height":1024,"url":"https:\/\/minestamp2.webpstw.com\/wp-content\/uploads\/2020\/02\/PrimeraComunion_5.png","type":"image\/png"}],"twitter_card":"summary_large_image","twitter_misc":{"Est. reading time":"1 minute"},"schema":{"@context":"https:\/\/schema.org","@graph":[{"@type":"WebPage","@id":"https:\/\/minestamp2.webpstw.com\/producto\/sello-comunion-personalizado-angel\/","url":"https:\/\/minestamp2.webpstw.com\/producto\/sello-comunion-personalizado-angel\/","name":"Sello para Comuni\u00f3n Personalizado \"\u00c1ngel\" - MINESTAMP","isPartOf":{"@id":"https:\/\/minestamp2.webpstw.com\/#website"},"primaryImageOfPage":{"@id":"https:\/\/minestamp2.webpstw.com\/producto\/sello-comunion-personalizado-angel\/#primaryimage"},"image":{"@id":"https:\/\/minestamp2.webpstw.com\/producto\/sello-comunion-personalizado-angel\/#primaryimage"},"thumbnailUrl":"https:\/\/minestamp2.webpstw.com\/wp-content\/uploads\/2020\/02\/PrimeraComunion_5.png","datePublished":"2019-06-19T10:35:44+00:00","dateModified":"2024-12-29T04:20:36+00:00","description":"Sello para Primera Comuni\u00f3n personalizado con motivo \"\u00c1ngel\". Una idea original para personalizar todos los detalles de la fiesta tu ni\u00f1o o ni\u00f1a.","breadcrumb":{"@id":"https:\/\/minestamp2.webpstw.com\/producto\/sello-comunion-personalizado-angel\/#breadcrumb"},"inLanguage":"en-US","potentialAction":[{"@type":"ReadAction","target":["https:\/\/minestamp2.webpstw.com\/producto\/sello-comunion-personalizado-angel\/"]}]},{"@type":"ImageObject","inLanguage":"en-US","@id":"https:\/\/minestamp2.webpstw.com\/producto\/sello-comunion-personalizado-angel\/#primaryimage","url":"https:\/\/minestamp2.webpstw.com\/wp-content\/uploads\/2020\/02\/PrimeraComunion_5.png","contentUrl":"https:\/\/minestamp2.webpstw.com\/wp-content\/uploads\/2020\/02\/PrimeraComunion_5.png","width":1024,"height":1024,"caption":"Sello para Comuni\u00f3n Personalizado \"\u00c1ngel\""},{"@type":"BreadcrumbList","@id":"https:\/\/minestamp2.webpstw.com\/producto\/sello-comunion-personalizado-angel\/#breadcrumb","itemListElement":[{"@type":"ListItem","position":1,"name":"Portada","item":"https:\/\/minestamp2.webpstw.com\/"},{"@type":"ListItem","position":2,"name":"Tienda","item":"https:\/\/minestamp2.webpstw.com\/tienda\/"},{"@type":"ListItem","position":3,"name":"Sello para Comuni\u00f3n Personalizado \u00ab\u00c1ngel\u00bb"}]},{"@type":"WebSite","@id":"https:\/\/minestamp2.webpstw.com\/#website","url":"https:\/\/minestamp2.webpstw.com\/","name":"MINESTAMP","description":"La marca de sellos m\u00e1s vendida del mundo","potentialAction":[{"@type":"SearchAction","target":{"@type":"EntryPoint","urlTemplate":"https:\/\/minestamp2.webpstw.com\/?s={search_term_string}"},"query-input":{"@type":"PropertyValueSpecification","valueRequired":true,"valueName":"search_term_string"}}],"inLanguage":"en-US"}]}},"_links":{"self":[{"href":"https:\/\/minestamp2.webpstw.com\/en\/wp-json\/wp\/v2\/product\/20871","targetHints":{"allow":["GET"]}}],"collection":[{"href":"https:\/\/minestamp2.webpstw.com\/en\/wp-json\/wp\/v2\/product"}],"about":[{"href":"https:\/\/minestamp2.webpstw.com\/en\/wp-json\/wp\/v2\/types\/product"}],"replies":[{"embeddable":true,"href":"https:\/\/minestamp2.webpstw.com\/en\/wp-json\/wp\/v2\/comments?post=20871"}],"wp:featuredmedia":[{"embeddable":true,"href":"https:\/\/minestamp2.webpstw.com\/en\/wp-json\/wp\/v2\/media\/20872"}],"wp:attachment":[{"href":"https:\/\/minestamp2.webpstw.com\/en\/wp-json\/wp\/v2\/media?parent=20871"}],"wp:term":[{"taxonomy":"product_brand","embeddable":true,"href":"https:\/\/minestamp2.webpstw.com\/en\/wp-json\/wp\/v2\/product_brand?post=20871"},{"taxonomy":"product_cat","embeddable":true,"href":"https:\/\/minestamp2.webpstw.com\/en\/wp-json\/wp\/v2\/product_cat?post=20871"},{"taxonomy":"product_tag","embeddable":true,"href":"https:\/\/minestamp2.webpstw.com\/en\/wp-json\/wp\/v2\/product_tag?post=20871"}],"curies":[{"name":"wp","href":"https:\/\/api.w.org\/{rel}","templated":true}]}}