{"id":20846,"date":"2019-06-18T13:29:33","date_gmt":"2019-06-18T13:29:33","guid":{"rendered":"https:\/\/minestamp.com\/?product=sello-boda-personalizado-laurel"},"modified":"2020-07-16T15:47:41","modified_gmt":"2020-07-16T15:47:41","slug":"sello-boda-personalizado-laurel","status":"publish","type":"product","link":"https:\/\/minestamp2.webpstw.com\/en\/product\/sello-boda-personalizado-laurel\/","title":{"rendered":"Personalized wedding stamps \u00abLaurel\u00bb"},"content":{"rendered":"<p>\u00bfQuieres impresionar a todos tus invitados y personalizar hasta el m\u00e1s m\u00ednimo detalle de tu boda?<\/p>\n<p>Con nuestros sellos personalizados para bodas podr\u00e1s estampar de la forma m\u00e1s original todo el material que quieras: invitaciones, sobres, tarjetas, regalos, men\u00fas\u2026 Y lograr\u00e1s que todos los invitados se acuerden para siempre del d\u00eda de tu boda.<\/p>\n<p>Los sellos se pueden personalizar totalmente: elegid la fecha de la celebraci\u00f3n, poned vuestros nombres y \u00a1atreveros a conseguir el d\u00eda que siempre so\u00f1asteis!<\/p>\n<hr \/>\n<p><strong>Includes:<\/strong>: Sello para boda personalizado con el nombre elegido + 1 Tinta INKIS a elegir color<\/p>\n<p><strong>Shipping options<\/strong>: 24\/48h o 48\/72h.<\/p>\n<p>You will receive a preview of the stamp by email once the purchase process is complete.<\/p>","protected":false},"excerpt":{"rendered":"<p>Sello transparente para boda personalizado. Para reflejar vuestro amor en todos los detalles de la boda.<\/p>\n<p><strong>Includes:<\/strong>: Sello para boda personalizado con el nombre elegido + 1 Tinta INKIS a elegir color<\/p>\n<p>Do you want to add more inks? Visit our <a href=\"https:\/\/minestamp2.webpstw.com\/en\/categoria\/manualidades\/\">inks section (link)<\/a><\/p>","protected":false},"featured_media":20847,"comment_status":"open","ping_status":"closed","template":"","meta":{"rs_blank_template":"","rs_page_bg_color":"","slide_template_v7":""},"product_brand":[],"product_cat":[123],"product_tag":[],"class_list":{"0":"post-20846","1":"product","2":"type-product","3":"status-publish","4":"has-post-thumbnail","6":"product_cat-sellos-para-bodas","8":"first","9":"instock","10":"taxable","11":"shipping-taxable","12":"purchasable","13":"product-type-simple"},"yoast_head":"<!-- This site is optimized with the Yoast SEO plugin v27.3 - https:\/\/yoast.com\/product\/yoast-seo-wordpress\/ -->\n<title>Sello para Boda Personalizado &quot;Laurel&quot; - MINESTAMP<\/title>\n<meta name=\"description\" content=\"Sello para Boda personalizado modelo &quot;Laurel&quot;. Un detalle \u00fanico con el que estampar vuestros nombres y fechas con un toque muy personal. \u00a1Descubre m\u00e1s aqu\u00ed!\" \/>\n<meta name=\"robots\" content=\"index, follow, max-snippet:-1, max-image-preview:large, max-video-preview:-1\" \/>\n<link rel=\"canonical\" href=\"https:\/\/minestamp2.webpstw.com\/en\/product\/sello-boda-personalizado-laurel\/\" \/>\n<meta property=\"og:locale\" content=\"en_US\" \/>\n<meta property=\"og:type\" content=\"article\" \/>\n<meta property=\"og:title\" content=\"Sello para Boda Personalizado &quot;Laurel&quot; - MINESTAMP\" \/>\n<meta property=\"og:description\" content=\"Sello para Boda personalizado modelo &quot;Laurel&quot;. Un detalle \u00fanico con el que estampar vuestros nombres y fechas con un toque muy personal. \u00a1Descubre m\u00e1s aqu\u00ed!\" \/>\n<meta property=\"og:url\" content=\"https:\/\/minestamp2.webpstw.com\/en\/product\/sello-boda-personalizado-laurel\/\" \/>\n<meta property=\"og:site_name\" content=\"MINESTAMP\" \/>\n<meta property=\"article:modified_time\" content=\"2020-07-16T15:47:41+00:00\" \/>\n<meta property=\"og:image\" content=\"https:\/\/minestamp2.webpstw.com\/wp-content\/uploads\/2020\/02\/Matrimonio_4.png\" \/>\n\t<meta property=\"og:image:width\" content=\"1024\" \/>\n\t<meta property=\"og:image:height\" content=\"1024\" \/>\n\t<meta property=\"og:image:type\" content=\"image\/png\" \/>\n<meta name=\"twitter:card\" content=\"summary_large_image\" \/>\n<meta name=\"twitter:label1\" content=\"Est. reading time\" \/>\n\t<meta name=\"twitter:data1\" content=\"1 minute\" \/>\n<script type=\"application\/ld+json\" class=\"yoast-schema-graph\">{\"@context\":\"https:\\\/\\\/schema.org\",\"@graph\":[{\"@type\":\"WebPage\",\"@id\":\"https:\\\/\\\/minestamp2.webpstw.com\\\/producto\\\/sello-boda-personalizado-laurel\\\/\",\"url\":\"https:\\\/\\\/minestamp2.webpstw.com\\\/producto\\\/sello-boda-personalizado-laurel\\\/\",\"name\":\"Sello para Boda Personalizado \\\"Laurel\\\" - MINESTAMP\",\"isPartOf\":{\"@id\":\"https:\\\/\\\/minestamp2.webpstw.com\\\/#website\"},\"primaryImageOfPage\":{\"@id\":\"https:\\\/\\\/minestamp2.webpstw.com\\\/producto\\\/sello-boda-personalizado-laurel\\\/#primaryimage\"},\"image\":{\"@id\":\"https:\\\/\\\/minestamp2.webpstw.com\\\/producto\\\/sello-boda-personalizado-laurel\\\/#primaryimage\"},\"thumbnailUrl\":\"https:\\\/\\\/minestamp2.webpstw.com\\\/wp-content\\\/uploads\\\/2020\\\/02\\\/Matrimonio_4.png\",\"datePublished\":\"2019-06-18T13:29:33+00:00\",\"dateModified\":\"2020-07-16T15:47:41+00:00\",\"description\":\"Sello para Boda personalizado modelo \\\"Laurel\\\". Un detalle \u00fanico con el que estampar vuestros nombres y fechas con un toque muy personal. \u00a1Descubre m\u00e1s aqu\u00ed!\",\"breadcrumb\":{\"@id\":\"https:\\\/\\\/minestamp2.webpstw.com\\\/producto\\\/sello-boda-personalizado-laurel\\\/#breadcrumb\"},\"inLanguage\":\"en-US\",\"potentialAction\":[{\"@type\":\"ReadAction\",\"target\":[\"https:\\\/\\\/minestamp2.webpstw.com\\\/producto\\\/sello-boda-personalizado-laurel\\\/\"]}]},{\"@type\":\"ImageObject\",\"inLanguage\":\"en-US\",\"@id\":\"https:\\\/\\\/minestamp2.webpstw.com\\\/producto\\\/sello-boda-personalizado-laurel\\\/#primaryimage\",\"url\":\"https:\\\/\\\/minestamp2.webpstw.com\\\/wp-content\\\/uploads\\\/2020\\\/02\\\/Matrimonio_4.png\",\"contentUrl\":\"https:\\\/\\\/minestamp2.webpstw.com\\\/wp-content\\\/uploads\\\/2020\\\/02\\\/Matrimonio_4.png\",\"width\":1024,\"height\":1024,\"caption\":\"Sello para Boda Personalizado \\\"Laurel\\\"\"},{\"@type\":\"BreadcrumbList\",\"@id\":\"https:\\\/\\\/minestamp2.webpstw.com\\\/producto\\\/sello-boda-personalizado-laurel\\\/#breadcrumb\",\"itemListElement\":[{\"@type\":\"ListItem\",\"position\":1,\"name\":\"Portada\",\"item\":\"https:\\\/\\\/minestamp2.webpstw.com\\\/\"},{\"@type\":\"ListItem\",\"position\":2,\"name\":\"Tienda\",\"item\":\"https:\\\/\\\/minestamp2.webpstw.com\\\/tienda\\\/\"},{\"@type\":\"ListItem\",\"position\":3,\"name\":\"Sello para Boda Personalizado \u00abLaurel\u00bb\"}]},{\"@type\":\"WebSite\",\"@id\":\"https:\\\/\\\/minestamp2.webpstw.com\\\/#website\",\"url\":\"https:\\\/\\\/minestamp2.webpstw.com\\\/\",\"name\":\"MINESTAMP\",\"description\":\"La marca de sellos m\u00e1s vendida del mundo\",\"potentialAction\":[{\"@type\":\"SearchAction\",\"target\":{\"@type\":\"EntryPoint\",\"urlTemplate\":\"https:\\\/\\\/minestamp2.webpstw.com\\\/?s={search_term_string}\"},\"query-input\":{\"@type\":\"PropertyValueSpecification\",\"valueRequired\":true,\"valueName\":\"search_term_string\"}}],\"inLanguage\":\"en-US\"}]}<\/script>\n<!-- \/ Yoast SEO plugin. -->","yoast_head_json":{"title":"Sello para Boda Personalizado \"Laurel\" - MINESTAMP","description":"Sello para Boda personalizado modelo \"Laurel\". Un detalle \u00fanico con el que estampar vuestros nombres y fechas con un toque muy personal. \u00a1Descubre m\u00e1s aqu\u00ed!","robots":{"index":"index","follow":"follow","max-snippet":"max-snippet:-1","max-image-preview":"max-image-preview:large","max-video-preview":"max-video-preview:-1"},"canonical":"https:\/\/minestamp2.webpstw.com\/en\/product\/sello-boda-personalizado-laurel\/","og_locale":"en_US","og_type":"article","og_title":"Sello para Boda Personalizado \"Laurel\" - MINESTAMP","og_description":"Sello para Boda personalizado modelo \"Laurel\". Un detalle \u00fanico con el que estampar vuestros nombres y fechas con un toque muy personal. \u00a1Descubre m\u00e1s aqu\u00ed!","og_url":"https:\/\/minestamp2.webpstw.com\/en\/product\/sello-boda-personalizado-laurel\/","og_site_name":"MINESTAMP","article_modified_time":"2020-07-16T15:47:41+00:00","og_image":[{"width":1024,"height":1024,"url":"https:\/\/minestamp2.webpstw.com\/wp-content\/uploads\/2020\/02\/Matrimonio_4.png","type":"image\/png"}],"twitter_card":"summary_large_image","twitter_misc":{"Est. reading time":"1 minute"},"schema":{"@context":"https:\/\/schema.org","@graph":[{"@type":"WebPage","@id":"https:\/\/minestamp2.webpstw.com\/producto\/sello-boda-personalizado-laurel\/","url":"https:\/\/minestamp2.webpstw.com\/producto\/sello-boda-personalizado-laurel\/","name":"Sello para Boda Personalizado \"Laurel\" - MINESTAMP","isPartOf":{"@id":"https:\/\/minestamp2.webpstw.com\/#website"},"primaryImageOfPage":{"@id":"https:\/\/minestamp2.webpstw.com\/producto\/sello-boda-personalizado-laurel\/#primaryimage"},"image":{"@id":"https:\/\/minestamp2.webpstw.com\/producto\/sello-boda-personalizado-laurel\/#primaryimage"},"thumbnailUrl":"https:\/\/minestamp2.webpstw.com\/wp-content\/uploads\/2020\/02\/Matrimonio_4.png","datePublished":"2019-06-18T13:29:33+00:00","dateModified":"2020-07-16T15:47:41+00:00","description":"Sello para Boda personalizado modelo \"Laurel\". Un detalle \u00fanico con el que estampar vuestros nombres y fechas con un toque muy personal. \u00a1Descubre m\u00e1s aqu\u00ed!","breadcrumb":{"@id":"https:\/\/minestamp2.webpstw.com\/producto\/sello-boda-personalizado-laurel\/#breadcrumb"},"inLanguage":"en-US","potentialAction":[{"@type":"ReadAction","target":["https:\/\/minestamp2.webpstw.com\/producto\/sello-boda-personalizado-laurel\/"]}]},{"@type":"ImageObject","inLanguage":"en-US","@id":"https:\/\/minestamp2.webpstw.com\/producto\/sello-boda-personalizado-laurel\/#primaryimage","url":"https:\/\/minestamp2.webpstw.com\/wp-content\/uploads\/2020\/02\/Matrimonio_4.png","contentUrl":"https:\/\/minestamp2.webpstw.com\/wp-content\/uploads\/2020\/02\/Matrimonio_4.png","width":1024,"height":1024,"caption":"Sello para Boda Personalizado \"Laurel\""},{"@type":"BreadcrumbList","@id":"https:\/\/minestamp2.webpstw.com\/producto\/sello-boda-personalizado-laurel\/#breadcrumb","itemListElement":[{"@type":"ListItem","position":1,"name":"Portada","item":"https:\/\/minestamp2.webpstw.com\/"},{"@type":"ListItem","position":2,"name":"Tienda","item":"https:\/\/minestamp2.webpstw.com\/tienda\/"},{"@type":"ListItem","position":3,"name":"Sello para Boda Personalizado \u00abLaurel\u00bb"}]},{"@type":"WebSite","@id":"https:\/\/minestamp2.webpstw.com\/#website","url":"https:\/\/minestamp2.webpstw.com\/","name":"MINESTAMP","description":"La marca de sellos m\u00e1s vendida del mundo","potentialAction":[{"@type":"SearchAction","target":{"@type":"EntryPoint","urlTemplate":"https:\/\/minestamp2.webpstw.com\/?s={search_term_string}"},"query-input":{"@type":"PropertyValueSpecification","valueRequired":true,"valueName":"search_term_string"}}],"inLanguage":"en-US"}]}},"_links":{"self":[{"href":"https:\/\/minestamp2.webpstw.com\/en\/wp-json\/wp\/v2\/product\/20846","targetHints":{"allow":["GET"]}}],"collection":[{"href":"https:\/\/minestamp2.webpstw.com\/en\/wp-json\/wp\/v2\/product"}],"about":[{"href":"https:\/\/minestamp2.webpstw.com\/en\/wp-json\/wp\/v2\/types\/product"}],"replies":[{"embeddable":true,"href":"https:\/\/minestamp2.webpstw.com\/en\/wp-json\/wp\/v2\/comments?post=20846"}],"wp:featuredmedia":[{"embeddable":true,"href":"https:\/\/minestamp2.webpstw.com\/en\/wp-json\/wp\/v2\/media\/20847"}],"wp:attachment":[{"href":"https:\/\/minestamp2.webpstw.com\/en\/wp-json\/wp\/v2\/media?parent=20846"}],"wp:term":[{"taxonomy":"product_brand","embeddable":true,"href":"https:\/\/minestamp2.webpstw.com\/en\/wp-json\/wp\/v2\/product_brand?post=20846"},{"taxonomy":"product_cat","embeddable":true,"href":"https:\/\/minestamp2.webpstw.com\/en\/wp-json\/wp\/v2\/product_cat?post=20846"},{"taxonomy":"product_tag","embeddable":true,"href":"https:\/\/minestamp2.webpstw.com\/en\/wp-json\/wp\/v2\/product_tag?post=20846"}],"curies":[{"name":"wp","href":"https:\/\/api.w.org\/{rel}","templated":true}]}}