{"id":20833,"date":"2019-06-18T13:10:55","date_gmt":"2019-06-18T13:10:55","guid":{"rendered":"https:\/\/minestamp.com\/?product=sello-boda-personalizado-hojas"},"modified":"2020-07-16T15:47:23","modified_gmt":"2020-07-16T15:47:23","slug":"sello-boda-personalizado-hojas","status":"publish","type":"product","link":"https:\/\/minestamp2.webpstw.com\/en\/product\/sello-boda-personalizado-hojas\/","title":{"rendered":"Personalized wedding stamps \u00abLeafs\u00bb"},"content":{"rendered":"<p>\u00bfQuieres sorprender a todos tus invitados y personalizar hasta el m\u00e1s m\u00ednimo detalle de tu boda?<\/p>\n<p>Con nuestros sellos personalizados para bodas podr\u00e1s estampar de la forma m\u00e1s incre\u00edble todo el material que quieras: invitaciones, sobres, tarjetas, regalos, men\u00fas\u2026 Y conseguir\u00e1s que todos los invitados se acuerden para siempre del d\u00eda de tu boda.<\/p>\n<p>Los sellos son totalmente personalizables: elegid la fecha de la celebraci\u00f3n, poned vuestros nombres y \u00a1atreveros a conseguir el d\u00eda que siempre so\u00f1asteis!<\/p>\n<hr \/>\n<p><strong>Includes:<\/strong>: Sello para boda personalizado con el nombre elegido + 1 Tinta INKIS a elegir color<\/p>\n<p><strong>Shipping options<\/strong>: 24\/48h o 48\/72h.<\/p>\n<p>You will receive a preview of the stamp by email once the purchase process is complete.<\/p>","protected":false},"excerpt":{"rendered":"<p>Sello transparente para boda personalizado. Ideal para crear recuerdos \u00fanicos de vuestro gran d\u00eda.<\/p>\n<p><strong>Includes:<\/strong>: Sello para boda personalizado con el nombre elegido + 1 Tinta INKIS a elegir color<\/p>\n<p>Do you want to add more inks? Visit our <a href=\"https:\/\/minestamp2.webpstw.com\/en\/categoria\/manualidades\/\">inks section (link)<\/a><\/p>","protected":false},"featured_media":20834,"comment_status":"open","ping_status":"closed","template":"","meta":{"rs_blank_template":"","rs_page_bg_color":"","slide_template_v7":""},"product_brand":[],"product_cat":[123],"product_tag":[],"class_list":{"0":"post-20833","1":"product","2":"type-product","3":"status-publish","4":"has-post-thumbnail","6":"product_cat-sellos-para-bodas","8":"first","9":"instock","10":"taxable","11":"shipping-taxable","12":"purchasable","13":"product-type-simple"},"yoast_head":"<!-- This site is optimized with the Yoast SEO plugin v27.3 - https:\/\/yoast.com\/product\/yoast-seo-wordpress\/ -->\n<title>Sello para Boda Personalizado &quot;Hojas&quot; - MINESTAMP<\/title>\n<meta name=\"description\" content=\"T\u00fa sello para Boda personalizado modelo &quot;Hojas&quot;. El detalle m\u00e1s original y rom\u00e1ntico con el que dejar marcados vuestro nombres y fecha.\" \/>\n<meta name=\"robots\" content=\"index, follow, max-snippet:-1, max-image-preview:large, max-video-preview:-1\" \/>\n<link rel=\"canonical\" href=\"https:\/\/minestamp2.webpstw.com\/en\/product\/sello-boda-personalizado-hojas\/\" \/>\n<meta property=\"og:locale\" content=\"en_US\" \/>\n<meta property=\"og:type\" content=\"article\" \/>\n<meta property=\"og:title\" content=\"Sello para Boda Personalizado &quot;Hojas&quot; - MINESTAMP\" \/>\n<meta property=\"og:description\" content=\"T\u00fa sello para Boda personalizado modelo &quot;Hojas&quot;. El detalle m\u00e1s original y rom\u00e1ntico con el que dejar marcados vuestro nombres y fecha.\" \/>\n<meta property=\"og:url\" content=\"https:\/\/minestamp2.webpstw.com\/en\/product\/sello-boda-personalizado-hojas\/\" \/>\n<meta property=\"og:site_name\" content=\"MINESTAMP\" \/>\n<meta property=\"article:modified_time\" content=\"2020-07-16T15:47:23+00:00\" \/>\n<meta property=\"og:image\" content=\"https:\/\/minestamp2.webpstw.com\/wp-content\/uploads\/2020\/02\/Matrimonio_1.png\" \/>\n\t<meta property=\"og:image:width\" content=\"1024\" \/>\n\t<meta property=\"og:image:height\" content=\"1024\" \/>\n\t<meta property=\"og:image:type\" content=\"image\/png\" \/>\n<meta name=\"twitter:card\" content=\"summary_large_image\" \/>\n<meta name=\"twitter:label1\" content=\"Est. reading time\" \/>\n\t<meta name=\"twitter:data1\" content=\"1 minute\" \/>\n<script type=\"application\/ld+json\" class=\"yoast-schema-graph\">{\"@context\":\"https:\\\/\\\/schema.org\",\"@graph\":[{\"@type\":\"WebPage\",\"@id\":\"https:\\\/\\\/minestamp2.webpstw.com\\\/producto\\\/sello-boda-personalizado-hojas\\\/\",\"url\":\"https:\\\/\\\/minestamp2.webpstw.com\\\/producto\\\/sello-boda-personalizado-hojas\\\/\",\"name\":\"Sello para Boda Personalizado \\\"Hojas\\\" - MINESTAMP\",\"isPartOf\":{\"@id\":\"https:\\\/\\\/minestamp2.webpstw.com\\\/#website\"},\"primaryImageOfPage\":{\"@id\":\"https:\\\/\\\/minestamp2.webpstw.com\\\/producto\\\/sello-boda-personalizado-hojas\\\/#primaryimage\"},\"image\":{\"@id\":\"https:\\\/\\\/minestamp2.webpstw.com\\\/producto\\\/sello-boda-personalizado-hojas\\\/#primaryimage\"},\"thumbnailUrl\":\"https:\\\/\\\/minestamp2.webpstw.com\\\/wp-content\\\/uploads\\\/2020\\\/02\\\/Matrimonio_1.png\",\"datePublished\":\"2019-06-18T13:10:55+00:00\",\"dateModified\":\"2020-07-16T15:47:23+00:00\",\"description\":\"T\u00fa sello para Boda personalizado modelo \\\"Hojas\\\". El detalle m\u00e1s original y rom\u00e1ntico con el que dejar marcados vuestro nombres y fecha.\",\"breadcrumb\":{\"@id\":\"https:\\\/\\\/minestamp2.webpstw.com\\\/producto\\\/sello-boda-personalizado-hojas\\\/#breadcrumb\"},\"inLanguage\":\"en-US\",\"potentialAction\":[{\"@type\":\"ReadAction\",\"target\":[\"https:\\\/\\\/minestamp2.webpstw.com\\\/producto\\\/sello-boda-personalizado-hojas\\\/\"]}]},{\"@type\":\"ImageObject\",\"inLanguage\":\"en-US\",\"@id\":\"https:\\\/\\\/minestamp2.webpstw.com\\\/producto\\\/sello-boda-personalizado-hojas\\\/#primaryimage\",\"url\":\"https:\\\/\\\/minestamp2.webpstw.com\\\/wp-content\\\/uploads\\\/2020\\\/02\\\/Matrimonio_1.png\",\"contentUrl\":\"https:\\\/\\\/minestamp2.webpstw.com\\\/wp-content\\\/uploads\\\/2020\\\/02\\\/Matrimonio_1.png\",\"width\":1024,\"height\":1024,\"caption\":\"Sello para Boda Personalizado \\\"Hojas\\\"\"},{\"@type\":\"BreadcrumbList\",\"@id\":\"https:\\\/\\\/minestamp2.webpstw.com\\\/producto\\\/sello-boda-personalizado-hojas\\\/#breadcrumb\",\"itemListElement\":[{\"@type\":\"ListItem\",\"position\":1,\"name\":\"Portada\",\"item\":\"https:\\\/\\\/minestamp2.webpstw.com\\\/\"},{\"@type\":\"ListItem\",\"position\":2,\"name\":\"Tienda\",\"item\":\"https:\\\/\\\/minestamp2.webpstw.com\\\/tienda\\\/\"},{\"@type\":\"ListItem\",\"position\":3,\"name\":\"Sello para Boda Personalizado \u00abHojas\u00bb\"}]},{\"@type\":\"WebSite\",\"@id\":\"https:\\\/\\\/minestamp2.webpstw.com\\\/#website\",\"url\":\"https:\\\/\\\/minestamp2.webpstw.com\\\/\",\"name\":\"MINESTAMP\",\"description\":\"La marca de sellos m\u00e1s vendida del mundo\",\"potentialAction\":[{\"@type\":\"SearchAction\",\"target\":{\"@type\":\"EntryPoint\",\"urlTemplate\":\"https:\\\/\\\/minestamp2.webpstw.com\\\/?s={search_term_string}\"},\"query-input\":{\"@type\":\"PropertyValueSpecification\",\"valueRequired\":true,\"valueName\":\"search_term_string\"}}],\"inLanguage\":\"en-US\"}]}<\/script>\n<!-- \/ Yoast SEO plugin. -->","yoast_head_json":{"title":"Sello para Boda Personalizado \"Hojas\" - MINESTAMP","description":"T\u00fa sello para Boda personalizado modelo \"Hojas\". El detalle m\u00e1s original y rom\u00e1ntico con el que dejar marcados vuestro nombres y fecha.","robots":{"index":"index","follow":"follow","max-snippet":"max-snippet:-1","max-image-preview":"max-image-preview:large","max-video-preview":"max-video-preview:-1"},"canonical":"https:\/\/minestamp2.webpstw.com\/en\/product\/sello-boda-personalizado-hojas\/","og_locale":"en_US","og_type":"article","og_title":"Sello para Boda Personalizado \"Hojas\" - MINESTAMP","og_description":"T\u00fa sello para Boda personalizado modelo \"Hojas\". El detalle m\u00e1s original y rom\u00e1ntico con el que dejar marcados vuestro nombres y fecha.","og_url":"https:\/\/minestamp2.webpstw.com\/en\/product\/sello-boda-personalizado-hojas\/","og_site_name":"MINESTAMP","article_modified_time":"2020-07-16T15:47:23+00:00","og_image":[{"width":1024,"height":1024,"url":"https:\/\/minestamp2.webpstw.com\/wp-content\/uploads\/2020\/02\/Matrimonio_1.png","type":"image\/png"}],"twitter_card":"summary_large_image","twitter_misc":{"Est. reading time":"1 minute"},"schema":{"@context":"https:\/\/schema.org","@graph":[{"@type":"WebPage","@id":"https:\/\/minestamp2.webpstw.com\/producto\/sello-boda-personalizado-hojas\/","url":"https:\/\/minestamp2.webpstw.com\/producto\/sello-boda-personalizado-hojas\/","name":"Sello para Boda Personalizado \"Hojas\" - MINESTAMP","isPartOf":{"@id":"https:\/\/minestamp2.webpstw.com\/#website"},"primaryImageOfPage":{"@id":"https:\/\/minestamp2.webpstw.com\/producto\/sello-boda-personalizado-hojas\/#primaryimage"},"image":{"@id":"https:\/\/minestamp2.webpstw.com\/producto\/sello-boda-personalizado-hojas\/#primaryimage"},"thumbnailUrl":"https:\/\/minestamp2.webpstw.com\/wp-content\/uploads\/2020\/02\/Matrimonio_1.png","datePublished":"2019-06-18T13:10:55+00:00","dateModified":"2020-07-16T15:47:23+00:00","description":"T\u00fa sello para Boda personalizado modelo \"Hojas\". El detalle m\u00e1s original y rom\u00e1ntico con el que dejar marcados vuestro nombres y fecha.","breadcrumb":{"@id":"https:\/\/minestamp2.webpstw.com\/producto\/sello-boda-personalizado-hojas\/#breadcrumb"},"inLanguage":"en-US","potentialAction":[{"@type":"ReadAction","target":["https:\/\/minestamp2.webpstw.com\/producto\/sello-boda-personalizado-hojas\/"]}]},{"@type":"ImageObject","inLanguage":"en-US","@id":"https:\/\/minestamp2.webpstw.com\/producto\/sello-boda-personalizado-hojas\/#primaryimage","url":"https:\/\/minestamp2.webpstw.com\/wp-content\/uploads\/2020\/02\/Matrimonio_1.png","contentUrl":"https:\/\/minestamp2.webpstw.com\/wp-content\/uploads\/2020\/02\/Matrimonio_1.png","width":1024,"height":1024,"caption":"Sello para Boda Personalizado \"Hojas\""},{"@type":"BreadcrumbList","@id":"https:\/\/minestamp2.webpstw.com\/producto\/sello-boda-personalizado-hojas\/#breadcrumb","itemListElement":[{"@type":"ListItem","position":1,"name":"Portada","item":"https:\/\/minestamp2.webpstw.com\/"},{"@type":"ListItem","position":2,"name":"Tienda","item":"https:\/\/minestamp2.webpstw.com\/tienda\/"},{"@type":"ListItem","position":3,"name":"Sello para Boda Personalizado \u00abHojas\u00bb"}]},{"@type":"WebSite","@id":"https:\/\/minestamp2.webpstw.com\/#website","url":"https:\/\/minestamp2.webpstw.com\/","name":"MINESTAMP","description":"La marca de sellos m\u00e1s vendida del mundo","potentialAction":[{"@type":"SearchAction","target":{"@type":"EntryPoint","urlTemplate":"https:\/\/minestamp2.webpstw.com\/?s={search_term_string}"},"query-input":{"@type":"PropertyValueSpecification","valueRequired":true,"valueName":"search_term_string"}}],"inLanguage":"en-US"}]}},"_links":{"self":[{"href":"https:\/\/minestamp2.webpstw.com\/en\/wp-json\/wp\/v2\/product\/20833","targetHints":{"allow":["GET"]}}],"collection":[{"href":"https:\/\/minestamp2.webpstw.com\/en\/wp-json\/wp\/v2\/product"}],"about":[{"href":"https:\/\/minestamp2.webpstw.com\/en\/wp-json\/wp\/v2\/types\/product"}],"replies":[{"embeddable":true,"href":"https:\/\/minestamp2.webpstw.com\/en\/wp-json\/wp\/v2\/comments?post=20833"}],"wp:featuredmedia":[{"embeddable":true,"href":"https:\/\/minestamp2.webpstw.com\/en\/wp-json\/wp\/v2\/media\/20834"}],"wp:attachment":[{"href":"https:\/\/minestamp2.webpstw.com\/en\/wp-json\/wp\/v2\/media?parent=20833"}],"wp:term":[{"taxonomy":"product_brand","embeddable":true,"href":"https:\/\/minestamp2.webpstw.com\/en\/wp-json\/wp\/v2\/product_brand?post=20833"},{"taxonomy":"product_cat","embeddable":true,"href":"https:\/\/minestamp2.webpstw.com\/en\/wp-json\/wp\/v2\/product_cat?post=20833"},{"taxonomy":"product_tag","embeddable":true,"href":"https:\/\/minestamp2.webpstw.com\/en\/wp-json\/wp\/v2\/product_tag?post=20833"}],"curies":[{"name":"wp","href":"https:\/\/api.w.org\/{rel}","templated":true}]}}