{"id":20820,"date":"2019-06-18T12:45:14","date_gmt":"2019-06-18T12:45:14","guid":{"rendered":"https:\/\/minestamp.com\/?product=sello-bautizo-personalizado-olivo"},"modified":"2020-07-16T15:45:20","modified_gmt":"2020-07-16T15:45:20","slug":"sello-bautizo-personalizado-olivo","status":"publish","type":"product","link":"https:\/\/minestamp2.webpstw.com\/en\/product\/sello-bautizo-personalizado-olivo\/","title":{"rendered":"Personalized christening stamps \u00abOlive\u00bb"},"content":{"rendered":"<p>\u00bfQuieres sorprender a tus invitados y personalizar todos los detalles del bautizo de tu beb\u00e9?<\/p>\n<p>El bautizo es una fecha inolvidable en la vida de tu beb\u00e9, y tambi\u00e9n de toda la familia, siendo un acontecimiento lleno de ilusi\u00f3n y alegr\u00eda.<\/p>\n<p>Con nuestros sellos personalizados para bautizo podr\u00e1s estampar de la forma m\u00e1s original todo el material que quieras: invitaciones, sobres, tarjetas, regalos, men\u00fas\u2026 \u00a1Tambi\u00e9n conseguir\u00e1s sacar una sonrisa a todos tus invitados!<\/p>\n<hr \/>\n<p><strong>Includes:<\/strong>: Sello para bautizo personalizado con el nombre + 1 Tinta INKIS a elegir color<\/p>\n<p><strong>Shipping Options:<\/strong> 24\/48h o 48\/72h.<\/p>\n<p>You will receive a preview of the stamp by email once the purchase process is complete.<\/p>","protected":false},"excerpt":{"rendered":"<p>Sello para bautizo transparente personalizado con nombre y motivo de olivo. Porque los peque\u00f1os detalles son los que marcan la diferencia.<\/p>\n<p><strong>Includes:<\/strong>: Sello para bautizo personalizado con el nombre elegidos + 1 Tinta INKIS a elegir color<\/p>\n<p>Do you want to add more inks? Visit our <a href=\"https:\/\/minestamp2.webpstw.com\/en\/categoria\/manualidades\/\">inks section (link)<\/a><\/p>","protected":false},"featured_media":20821,"comment_status":"open","ping_status":"closed","template":"","meta":{"rs_blank_template":"","rs_page_bg_color":"","slide_template_v7":""},"product_brand":[],"product_cat":[126],"product_tag":[],"class_list":{"0":"post-20820","1":"product","2":"type-product","3":"status-publish","4":"has-post-thumbnail","6":"product_cat-sellos-bautizos","8":"first","9":"instock","10":"taxable","11":"shipping-taxable","12":"purchasable","13":"product-type-simple"},"yoast_head":"<!-- This site is optimized with the Yoast SEO plugin v27.3 - https:\/\/yoast.com\/product\/yoast-seo-wordpress\/ -->\n<title>Sello para Bautizo Personalizado &quot;Olivo&quot; - MINESTAMP<\/title>\n<meta name=\"description\" content=\"El sello para Bautizo personalizado hecho a tu gusto. Modelo &quot;Olivo&quot; para enamorar a todos vuestros invitados y que guarden un recuerdo para siempre.\" \/>\n<meta name=\"robots\" content=\"index, follow, max-snippet:-1, max-image-preview:large, max-video-preview:-1\" \/>\n<link rel=\"canonical\" href=\"https:\/\/minestamp2.webpstw.com\/en\/product\/sello-bautizo-personalizado-olivo\/\" \/>\n<meta property=\"og:locale\" content=\"en_US\" \/>\n<meta property=\"og:type\" content=\"article\" \/>\n<meta property=\"og:title\" content=\"Sello para Bautizo Personalizado &quot;Olivo&quot; - MINESTAMP\" \/>\n<meta property=\"og:description\" content=\"El sello para Bautizo personalizado hecho a tu gusto. Modelo &quot;Olivo&quot; para enamorar a todos vuestros invitados y que guarden un recuerdo para siempre.\" \/>\n<meta property=\"og:url\" content=\"https:\/\/minestamp2.webpstw.com\/en\/product\/sello-bautizo-personalizado-olivo\/\" \/>\n<meta property=\"og:site_name\" content=\"MINESTAMP\" \/>\n<meta property=\"article:modified_time\" content=\"2020-07-16T15:45:20+00:00\" \/>\n<meta property=\"og:image\" content=\"https:\/\/minestamp2.webpstw.com\/wp-content\/uploads\/2020\/02\/Bautizo_4.png\" \/>\n\t<meta property=\"og:image:width\" content=\"1024\" \/>\n\t<meta property=\"og:image:height\" content=\"1024\" \/>\n\t<meta property=\"og:image:type\" content=\"image\/png\" \/>\n<meta name=\"twitter:card\" content=\"summary_large_image\" \/>\n<meta name=\"twitter:label1\" content=\"Est. reading time\" \/>\n\t<meta name=\"twitter:data1\" content=\"1 minute\" \/>\n<script type=\"application\/ld+json\" class=\"yoast-schema-graph\">{\"@context\":\"https:\\\/\\\/schema.org\",\"@graph\":[{\"@type\":\"WebPage\",\"@id\":\"https:\\\/\\\/minestamp2.webpstw.com\\\/producto\\\/sello-bautizo-personalizado-olivo\\\/\",\"url\":\"https:\\\/\\\/minestamp2.webpstw.com\\\/producto\\\/sello-bautizo-personalizado-olivo\\\/\",\"name\":\"Sello para Bautizo Personalizado \\\"Olivo\\\" - MINESTAMP\",\"isPartOf\":{\"@id\":\"https:\\\/\\\/minestamp2.webpstw.com\\\/#website\"},\"primaryImageOfPage\":{\"@id\":\"https:\\\/\\\/minestamp2.webpstw.com\\\/producto\\\/sello-bautizo-personalizado-olivo\\\/#primaryimage\"},\"image\":{\"@id\":\"https:\\\/\\\/minestamp2.webpstw.com\\\/producto\\\/sello-bautizo-personalizado-olivo\\\/#primaryimage\"},\"thumbnailUrl\":\"https:\\\/\\\/minestamp2.webpstw.com\\\/wp-content\\\/uploads\\\/2020\\\/02\\\/Bautizo_4.png\",\"datePublished\":\"2019-06-18T12:45:14+00:00\",\"dateModified\":\"2020-07-16T15:45:20+00:00\",\"description\":\"El sello para Bautizo personalizado hecho a tu gusto. Modelo \\\"Olivo\\\" para enamorar a todos vuestros invitados y que guarden un recuerdo para siempre.\",\"breadcrumb\":{\"@id\":\"https:\\\/\\\/minestamp2.webpstw.com\\\/producto\\\/sello-bautizo-personalizado-olivo\\\/#breadcrumb\"},\"inLanguage\":\"en-US\",\"potentialAction\":[{\"@type\":\"ReadAction\",\"target\":[\"https:\\\/\\\/minestamp2.webpstw.com\\\/producto\\\/sello-bautizo-personalizado-olivo\\\/\"]}]},{\"@type\":\"ImageObject\",\"inLanguage\":\"en-US\",\"@id\":\"https:\\\/\\\/minestamp2.webpstw.com\\\/producto\\\/sello-bautizo-personalizado-olivo\\\/#primaryimage\",\"url\":\"https:\\\/\\\/minestamp2.webpstw.com\\\/wp-content\\\/uploads\\\/2020\\\/02\\\/Bautizo_4.png\",\"contentUrl\":\"https:\\\/\\\/minestamp2.webpstw.com\\\/wp-content\\\/uploads\\\/2020\\\/02\\\/Bautizo_4.png\",\"width\":1024,\"height\":1024,\"caption\":\"Sello para Bautizo Personalizado \\\"Olivo\\\"\"},{\"@type\":\"BreadcrumbList\",\"@id\":\"https:\\\/\\\/minestamp2.webpstw.com\\\/producto\\\/sello-bautizo-personalizado-olivo\\\/#breadcrumb\",\"itemListElement\":[{\"@type\":\"ListItem\",\"position\":1,\"name\":\"Portada\",\"item\":\"https:\\\/\\\/minestamp2.webpstw.com\\\/\"},{\"@type\":\"ListItem\",\"position\":2,\"name\":\"Tienda\",\"item\":\"https:\\\/\\\/minestamp2.webpstw.com\\\/tienda\\\/\"},{\"@type\":\"ListItem\",\"position\":3,\"name\":\"Sello para Bautizo Personalizado \u00abOlivo\u00bb\"}]},{\"@type\":\"WebSite\",\"@id\":\"https:\\\/\\\/minestamp2.webpstw.com\\\/#website\",\"url\":\"https:\\\/\\\/minestamp2.webpstw.com\\\/\",\"name\":\"MINESTAMP\",\"description\":\"La marca de sellos m\u00e1s vendida del mundo\",\"potentialAction\":[{\"@type\":\"SearchAction\",\"target\":{\"@type\":\"EntryPoint\",\"urlTemplate\":\"https:\\\/\\\/minestamp2.webpstw.com\\\/?s={search_term_string}\"},\"query-input\":{\"@type\":\"PropertyValueSpecification\",\"valueRequired\":true,\"valueName\":\"search_term_string\"}}],\"inLanguage\":\"en-US\"}]}<\/script>\n<!-- \/ Yoast SEO plugin. -->","yoast_head_json":{"title":"Sello para Bautizo Personalizado \"Olivo\" - MINESTAMP","description":"El sello para Bautizo personalizado hecho a tu gusto. Modelo \"Olivo\" para enamorar a todos vuestros invitados y que guarden un recuerdo para siempre.","robots":{"index":"index","follow":"follow","max-snippet":"max-snippet:-1","max-image-preview":"max-image-preview:large","max-video-preview":"max-video-preview:-1"},"canonical":"https:\/\/minestamp2.webpstw.com\/en\/product\/sello-bautizo-personalizado-olivo\/","og_locale":"en_US","og_type":"article","og_title":"Sello para Bautizo Personalizado \"Olivo\" - MINESTAMP","og_description":"El sello para Bautizo personalizado hecho a tu gusto. Modelo \"Olivo\" para enamorar a todos vuestros invitados y que guarden un recuerdo para siempre.","og_url":"https:\/\/minestamp2.webpstw.com\/en\/product\/sello-bautizo-personalizado-olivo\/","og_site_name":"MINESTAMP","article_modified_time":"2020-07-16T15:45:20+00:00","og_image":[{"width":1024,"height":1024,"url":"https:\/\/minestamp2.webpstw.com\/wp-content\/uploads\/2020\/02\/Bautizo_4.png","type":"image\/png"}],"twitter_card":"summary_large_image","twitter_misc":{"Est. reading time":"1 minute"},"schema":{"@context":"https:\/\/schema.org","@graph":[{"@type":"WebPage","@id":"https:\/\/minestamp2.webpstw.com\/producto\/sello-bautizo-personalizado-olivo\/","url":"https:\/\/minestamp2.webpstw.com\/producto\/sello-bautizo-personalizado-olivo\/","name":"Sello para Bautizo Personalizado \"Olivo\" - MINESTAMP","isPartOf":{"@id":"https:\/\/minestamp2.webpstw.com\/#website"},"primaryImageOfPage":{"@id":"https:\/\/minestamp2.webpstw.com\/producto\/sello-bautizo-personalizado-olivo\/#primaryimage"},"image":{"@id":"https:\/\/minestamp2.webpstw.com\/producto\/sello-bautizo-personalizado-olivo\/#primaryimage"},"thumbnailUrl":"https:\/\/minestamp2.webpstw.com\/wp-content\/uploads\/2020\/02\/Bautizo_4.png","datePublished":"2019-06-18T12:45:14+00:00","dateModified":"2020-07-16T15:45:20+00:00","description":"El sello para Bautizo personalizado hecho a tu gusto. Modelo \"Olivo\" para enamorar a todos vuestros invitados y que guarden un recuerdo para siempre.","breadcrumb":{"@id":"https:\/\/minestamp2.webpstw.com\/producto\/sello-bautizo-personalizado-olivo\/#breadcrumb"},"inLanguage":"en-US","potentialAction":[{"@type":"ReadAction","target":["https:\/\/minestamp2.webpstw.com\/producto\/sello-bautizo-personalizado-olivo\/"]}]},{"@type":"ImageObject","inLanguage":"en-US","@id":"https:\/\/minestamp2.webpstw.com\/producto\/sello-bautizo-personalizado-olivo\/#primaryimage","url":"https:\/\/minestamp2.webpstw.com\/wp-content\/uploads\/2020\/02\/Bautizo_4.png","contentUrl":"https:\/\/minestamp2.webpstw.com\/wp-content\/uploads\/2020\/02\/Bautizo_4.png","width":1024,"height":1024,"caption":"Sello para Bautizo Personalizado \"Olivo\""},{"@type":"BreadcrumbList","@id":"https:\/\/minestamp2.webpstw.com\/producto\/sello-bautizo-personalizado-olivo\/#breadcrumb","itemListElement":[{"@type":"ListItem","position":1,"name":"Portada","item":"https:\/\/minestamp2.webpstw.com\/"},{"@type":"ListItem","position":2,"name":"Tienda","item":"https:\/\/minestamp2.webpstw.com\/tienda\/"},{"@type":"ListItem","position":3,"name":"Sello para Bautizo Personalizado \u00abOlivo\u00bb"}]},{"@type":"WebSite","@id":"https:\/\/minestamp2.webpstw.com\/#website","url":"https:\/\/minestamp2.webpstw.com\/","name":"MINESTAMP","description":"La marca de sellos m\u00e1s vendida del mundo","potentialAction":[{"@type":"SearchAction","target":{"@type":"EntryPoint","urlTemplate":"https:\/\/minestamp2.webpstw.com\/?s={search_term_string}"},"query-input":{"@type":"PropertyValueSpecification","valueRequired":true,"valueName":"search_term_string"}}],"inLanguage":"en-US"}]}},"_links":{"self":[{"href":"https:\/\/minestamp2.webpstw.com\/en\/wp-json\/wp\/v2\/product\/20820","targetHints":{"allow":["GET"]}}],"collection":[{"href":"https:\/\/minestamp2.webpstw.com\/en\/wp-json\/wp\/v2\/product"}],"about":[{"href":"https:\/\/minestamp2.webpstw.com\/en\/wp-json\/wp\/v2\/types\/product"}],"replies":[{"embeddable":true,"href":"https:\/\/minestamp2.webpstw.com\/en\/wp-json\/wp\/v2\/comments?post=20820"}],"wp:featuredmedia":[{"embeddable":true,"href":"https:\/\/minestamp2.webpstw.com\/en\/wp-json\/wp\/v2\/media\/20821"}],"wp:attachment":[{"href":"https:\/\/minestamp2.webpstw.com\/en\/wp-json\/wp\/v2\/media?parent=20820"}],"wp:term":[{"taxonomy":"product_brand","embeddable":true,"href":"https:\/\/minestamp2.webpstw.com\/en\/wp-json\/wp\/v2\/product_brand?post=20820"},{"taxonomy":"product_cat","embeddable":true,"href":"https:\/\/minestamp2.webpstw.com\/en\/wp-json\/wp\/v2\/product_cat?post=20820"},{"taxonomy":"product_tag","embeddable":true,"href":"https:\/\/minestamp2.webpstw.com\/en\/wp-json\/wp\/v2\/product_tag?post=20820"}],"curies":[{"name":"wp","href":"https:\/\/api.w.org\/{rel}","templated":true}]}}