{"id":16348,"date":"2017-07-18T16:11:12","date_gmt":"2017-07-18T16:11:12","guid":{"rendered":"https:\/\/minestamp.com\/?product=etiquetas-adhesivas-resistentes"},"modified":"2026-04-20T12:26:04","modified_gmt":"2026-04-20T10:26:04","slug":"etiquetas-adhesivas-resistentes","status":"publish","type":"product","link":"https:\/\/minestamp2.webpstw.com\/en\/product\/etiquetas-adhesivas-resistentes\/","title":{"rendered":"Etiquetas Adhesivas laminadas para Marcar todo tipo de Objetos"},"content":{"rendered":"<div class=\"wpb-content-wrapper\"><div class=\"vc_row wpb_row vc_row-fluid\"><div class=\"wpb_column vc_column_container vc_col-sm-12\"><div class=\"vc_column-inner\"><div class=\"wpb_wrapper\">\n\t<div class=\"wpb_text_column wpb_content_element\" >\n\t\t<div class=\"wpb_wrapper\">\n\t\t\t<p>Etiquetas adhesivas laminadas muy resistentes. Son ideales para tupper, estanter\u00edas, equipamiento deportivo\u2026 Se adhieren de forma permanente sobre pl\u00e1stico, madera, metal, caucho, papel, cer\u00e1mica y vidrio. No se rompen y no se desgastan con el roce, resistiendo al microondas, al agua y al lavavajillas.<\/p>\n<p><strong>\u00bfC\u00f3mo se usan?<\/strong> S\u00f3lo tienes que levantar el laminado transparente, escribir en la superf\u00edcie que hay debajo, retirar el papel protector de respaldo del laminado y presionarlo firmemente sobre la etiqueta.<\/p>\n<hr \/>\n<p><strong>Includes:<\/strong>2 l\u00e1minas con 18 blisters en cada una.<\/p>\n<p><strong>Shipping options<\/strong>: Gratuito (5-8 d\u00edas) o express 2,95\u20ac (24\/48h). Si adquieres las etiquetas junto a un sello, el precio de envio pasar\u00e1 a ser el del sello.<\/p>\n\n\t\t<\/div>\n\t<\/div>\n<\/div><\/div><\/div><\/div>\n<\/div>","protected":false},"excerpt":{"rendered":"<p>Etiquetas laminadas adhesivas s\u00faper resistentes, no se desgastan con el roce. Son resistentes al agua.<\/p>","protected":false},"featured_media":16349,"comment_status":"open","ping_status":"closed","template":"","meta":{"rs_blank_template":"","rs_page_bg_color":"","slide_template_v7":""},"product_brand":[],"product_cat":[147],"product_tag":[],"class_list":{"0":"post-16348","1":"product","2":"type-product","3":"status-publish","4":"has-post-thumbnail","6":"product_cat-etiquetas-para-objetos","8":"first","9":"instock","10":"taxable","11":"shipping-taxable","12":"purchasable","13":"product-type-simple"},"yoast_head":"<!-- This site is optimized with the Yoast SEO plugin v27.3 - https:\/\/yoast.com\/product\/yoast-seo-wordpress\/ -->\n<title>Etiquetas Adhesivas ultra resistentes para Objetos - MINESTAMP<\/title>\n<meta name=\"description\" content=\"Etiquetas adhesivas muy resistentes. No se rompen, no se desgastan con el roce y son de f\u00e1cil aplicaci\u00f3n. Compra ahora con Env\u00edo Express 24\/48 horas.\" \/>\n<meta name=\"robots\" content=\"index, follow, max-snippet:-1, max-image-preview:large, max-video-preview:-1\" \/>\n<link rel=\"canonical\" href=\"https:\/\/minestamp2.webpstw.com\/en\/product\/etiquetas-adhesivas-resistentes\/\" \/>\n<meta property=\"og:locale\" content=\"en_US\" \/>\n<meta property=\"og:type\" content=\"article\" \/>\n<meta property=\"og:title\" content=\"Etiquetas Adhesivas ultra resistentes para Objetos - MINESTAMP\" \/>\n<meta property=\"og:description\" content=\"Etiquetas adhesivas muy resistentes. No se rompen, no se desgastan con el roce y son de f\u00e1cil aplicaci\u00f3n. Compra ahora con Env\u00edo Express 24\/48 horas.\" \/>\n<meta property=\"og:url\" content=\"https:\/\/minestamp2.webpstw.com\/en\/product\/etiquetas-adhesivas-resistentes\/\" \/>\n<meta property=\"og:site_name\" content=\"MINESTAMP\" \/>\n<meta property=\"article:modified_time\" content=\"2026-04-20T10:26:04+00:00\" \/>\n<meta property=\"og:image\" content=\"https:\/\/minestamp2.webpstw.com\/wp-content\/uploads\/2020\/02\/ETIQUETAS_MINE_bodegon.png\" \/>\n\t<meta property=\"og:image:width\" content=\"1024\" \/>\n\t<meta property=\"og:image:height\" content=\"1024\" \/>\n\t<meta property=\"og:image:type\" content=\"image\/png\" \/>\n<meta name=\"twitter:card\" content=\"summary_large_image\" \/>\n<meta name=\"twitter:label1\" content=\"Est. reading time\" \/>\n\t<meta name=\"twitter:data1\" content=\"1 minute\" \/>\n<script type=\"application\/ld+json\" class=\"yoast-schema-graph\">{\"@context\":\"https:\\\/\\\/schema.org\",\"@graph\":[{\"@type\":\"WebPage\",\"@id\":\"https:\\\/\\\/minestamp2.webpstw.com\\\/en\\\/product\\\/etiquetas-adhesivas-resistentes\\\/\",\"url\":\"https:\\\/\\\/minestamp2.webpstw.com\\\/en\\\/product\\\/etiquetas-adhesivas-resistentes\\\/\",\"name\":\"Etiquetas Adhesivas ultra resistentes para Objetos - MINESTAMP\",\"isPartOf\":{\"@id\":\"https:\\\/\\\/minestamp2.webpstw.com\\\/#website\"},\"primaryImageOfPage\":{\"@id\":\"https:\\\/\\\/minestamp2.webpstw.com\\\/en\\\/product\\\/etiquetas-adhesivas-resistentes\\\/#primaryimage\"},\"image\":{\"@id\":\"https:\\\/\\\/minestamp2.webpstw.com\\\/en\\\/product\\\/etiquetas-adhesivas-resistentes\\\/#primaryimage\"},\"thumbnailUrl\":\"https:\\\/\\\/minestamp2.webpstw.com\\\/wp-content\\\/uploads\\\/2020\\\/02\\\/ETIQUETAS_MINE_bodegon.png\",\"datePublished\":\"2017-07-18T16:11:12+00:00\",\"dateModified\":\"2026-04-20T10:26:04+00:00\",\"description\":\"Etiquetas adhesivas muy resistentes. No se rompen, no se desgastan con el roce y son de f\u00e1cil aplicaci\u00f3n. Compra ahora con Env\u00edo Express 24\\\/48 horas.\",\"breadcrumb\":{\"@id\":\"https:\\\/\\\/minestamp2.webpstw.com\\\/en\\\/product\\\/etiquetas-adhesivas-resistentes\\\/#breadcrumb\"},\"inLanguage\":\"en-US\",\"potentialAction\":[{\"@type\":\"ReadAction\",\"target\":[\"https:\\\/\\\/minestamp2.webpstw.com\\\/en\\\/product\\\/etiquetas-adhesivas-resistentes\\\/\"]}]},{\"@type\":\"ImageObject\",\"inLanguage\":\"en-US\",\"@id\":\"https:\\\/\\\/minestamp2.webpstw.com\\\/en\\\/product\\\/etiquetas-adhesivas-resistentes\\\/#primaryimage\",\"url\":\"https:\\\/\\\/minestamp2.webpstw.com\\\/wp-content\\\/uploads\\\/2020\\\/02\\\/ETIQUETAS_MINE_bodegon.png\",\"contentUrl\":\"https:\\\/\\\/minestamp2.webpstw.com\\\/wp-content\\\/uploads\\\/2020\\\/02\\\/ETIQUETAS_MINE_bodegon.png\",\"width\":1024,\"height\":1024,\"caption\":\"Etiquetas Adhesivas laminadas para Marcar todo tipo de Objetos\"},{\"@type\":\"BreadcrumbList\",\"@id\":\"https:\\\/\\\/minestamp2.webpstw.com\\\/en\\\/product\\\/etiquetas-adhesivas-resistentes\\\/#breadcrumb\",\"itemListElement\":[{\"@type\":\"ListItem\",\"position\":1,\"name\":\"Portada\",\"item\":\"https:\\\/\\\/minestamp2.webpstw.com\\\/\"},{\"@type\":\"ListItem\",\"position\":2,\"name\":\"Tienda\",\"item\":\"https:\\\/\\\/minestamp2.webpstw.com\\\/tienda\\\/\"},{\"@type\":\"ListItem\",\"position\":3,\"name\":\"Etiquetas Adhesivas laminadas para Marcar todo tipo de Objetos\"}]},{\"@type\":\"WebSite\",\"@id\":\"https:\\\/\\\/minestamp2.webpstw.com\\\/#website\",\"url\":\"https:\\\/\\\/minestamp2.webpstw.com\\\/\",\"name\":\"MINESTAMP\",\"description\":\"La marca de sellos m\u00e1s vendida del mundo\",\"potentialAction\":[{\"@type\":\"SearchAction\",\"target\":{\"@type\":\"EntryPoint\",\"urlTemplate\":\"https:\\\/\\\/minestamp2.webpstw.com\\\/?s={search_term_string}\"},\"query-input\":{\"@type\":\"PropertyValueSpecification\",\"valueRequired\":true,\"valueName\":\"search_term_string\"}}],\"inLanguage\":\"en-US\"}]}<\/script>\n<!-- \/ Yoast SEO plugin. -->","yoast_head_json":{"title":"Etiquetas Adhesivas ultra resistentes para Objetos - MINESTAMP","description":"Etiquetas adhesivas muy resistentes. No se rompen, no se desgastan con el roce y son de f\u00e1cil aplicaci\u00f3n. Compra ahora con Env\u00edo Express 24\/48 horas.","robots":{"index":"index","follow":"follow","max-snippet":"max-snippet:-1","max-image-preview":"max-image-preview:large","max-video-preview":"max-video-preview:-1"},"canonical":"https:\/\/minestamp2.webpstw.com\/en\/product\/etiquetas-adhesivas-resistentes\/","og_locale":"en_US","og_type":"article","og_title":"Etiquetas Adhesivas ultra resistentes para Objetos - MINESTAMP","og_description":"Etiquetas adhesivas muy resistentes. No se rompen, no se desgastan con el roce y son de f\u00e1cil aplicaci\u00f3n. Compra ahora con Env\u00edo Express 24\/48 horas.","og_url":"https:\/\/minestamp2.webpstw.com\/en\/product\/etiquetas-adhesivas-resistentes\/","og_site_name":"MINESTAMP","article_modified_time":"2026-04-20T10:26:04+00:00","og_image":[{"width":1024,"height":1024,"url":"https:\/\/minestamp2.webpstw.com\/wp-content\/uploads\/2020\/02\/ETIQUETAS_MINE_bodegon.png","type":"image\/png"}],"twitter_card":"summary_large_image","twitter_misc":{"Est. reading time":"1 minute"},"schema":{"@context":"https:\/\/schema.org","@graph":[{"@type":"WebPage","@id":"https:\/\/minestamp2.webpstw.com\/en\/product\/etiquetas-adhesivas-resistentes\/","url":"https:\/\/minestamp2.webpstw.com\/en\/product\/etiquetas-adhesivas-resistentes\/","name":"Etiquetas Adhesivas ultra resistentes para Objetos - MINESTAMP","isPartOf":{"@id":"https:\/\/minestamp2.webpstw.com\/#website"},"primaryImageOfPage":{"@id":"https:\/\/minestamp2.webpstw.com\/en\/product\/etiquetas-adhesivas-resistentes\/#primaryimage"},"image":{"@id":"https:\/\/minestamp2.webpstw.com\/en\/product\/etiquetas-adhesivas-resistentes\/#primaryimage"},"thumbnailUrl":"https:\/\/minestamp2.webpstw.com\/wp-content\/uploads\/2020\/02\/ETIQUETAS_MINE_bodegon.png","datePublished":"2017-07-18T16:11:12+00:00","dateModified":"2026-04-20T10:26:04+00:00","description":"Etiquetas adhesivas muy resistentes. No se rompen, no se desgastan con el roce y son de f\u00e1cil aplicaci\u00f3n. Compra ahora con Env\u00edo Express 24\/48 horas.","breadcrumb":{"@id":"https:\/\/minestamp2.webpstw.com\/en\/product\/etiquetas-adhesivas-resistentes\/#breadcrumb"},"inLanguage":"en-US","potentialAction":[{"@type":"ReadAction","target":["https:\/\/minestamp2.webpstw.com\/en\/product\/etiquetas-adhesivas-resistentes\/"]}]},{"@type":"ImageObject","inLanguage":"en-US","@id":"https:\/\/minestamp2.webpstw.com\/en\/product\/etiquetas-adhesivas-resistentes\/#primaryimage","url":"https:\/\/minestamp2.webpstw.com\/wp-content\/uploads\/2020\/02\/ETIQUETAS_MINE_bodegon.png","contentUrl":"https:\/\/minestamp2.webpstw.com\/wp-content\/uploads\/2020\/02\/ETIQUETAS_MINE_bodegon.png","width":1024,"height":1024,"caption":"Etiquetas Adhesivas laminadas para Marcar todo tipo de Objetos"},{"@type":"BreadcrumbList","@id":"https:\/\/minestamp2.webpstw.com\/en\/product\/etiquetas-adhesivas-resistentes\/#breadcrumb","itemListElement":[{"@type":"ListItem","position":1,"name":"Portada","item":"https:\/\/minestamp2.webpstw.com\/"},{"@type":"ListItem","position":2,"name":"Tienda","item":"https:\/\/minestamp2.webpstw.com\/tienda\/"},{"@type":"ListItem","position":3,"name":"Etiquetas Adhesivas laminadas para Marcar todo tipo de Objetos"}]},{"@type":"WebSite","@id":"https:\/\/minestamp2.webpstw.com\/#website","url":"https:\/\/minestamp2.webpstw.com\/","name":"MINESTAMP","description":"La marca de sellos m\u00e1s vendida del mundo","potentialAction":[{"@type":"SearchAction","target":{"@type":"EntryPoint","urlTemplate":"https:\/\/minestamp2.webpstw.com\/?s={search_term_string}"},"query-input":{"@type":"PropertyValueSpecification","valueRequired":true,"valueName":"search_term_string"}}],"inLanguage":"en-US"}]}},"_links":{"self":[{"href":"https:\/\/minestamp2.webpstw.com\/en\/wp-json\/wp\/v2\/product\/16348","targetHints":{"allow":["GET"]}}],"collection":[{"href":"https:\/\/minestamp2.webpstw.com\/en\/wp-json\/wp\/v2\/product"}],"about":[{"href":"https:\/\/minestamp2.webpstw.com\/en\/wp-json\/wp\/v2\/types\/product"}],"replies":[{"embeddable":true,"href":"https:\/\/minestamp2.webpstw.com\/en\/wp-json\/wp\/v2\/comments?post=16348"}],"wp:featuredmedia":[{"embeddable":true,"href":"https:\/\/minestamp2.webpstw.com\/en\/wp-json\/wp\/v2\/media\/16349"}],"wp:attachment":[{"href":"https:\/\/minestamp2.webpstw.com\/en\/wp-json\/wp\/v2\/media?parent=16348"}],"wp:term":[{"taxonomy":"product_brand","embeddable":true,"href":"https:\/\/minestamp2.webpstw.com\/en\/wp-json\/wp\/v2\/product_brand?post=16348"},{"taxonomy":"product_cat","embeddable":true,"href":"https:\/\/minestamp2.webpstw.com\/en\/wp-json\/wp\/v2\/product_cat?post=16348"},{"taxonomy":"product_tag","embeddable":true,"href":"https:\/\/minestamp2.webpstw.com\/en\/wp-json\/wp\/v2\/product_tag?post=16348"}],"curies":[{"name":"wp","href":"https:\/\/api.w.org\/{rel}","templated":true}]}}