{"id":813,"date":"2017-02-09T12:07:12","date_gmt":"2017-02-09T12:07:12","guid":{"rendered":"http:\/\/dummy.xtemos.com\/basel\/vers\/?page_id=813"},"modified":"2022-11-03T19:32:53","modified_gmt":"2022-11-03T17:32:53","slug":"contacto","status":"publish","type":"page","link":"https:\/\/minestamp2.webpstw.com\/en\/contacto\/","title":{"rendered":"Contact"},"content":{"rendered":"<div class=\"wpb-content-wrapper\"><section class=\"vc_section vc_custom_1589384041103\"><div class=\"vc_row wpb_row vc_row-fluid vc_custom_1592223019484\"><div class=\"wpb_column vc_column_container vc_col-sm-12\"><div class=\"vc_column-inner\"><div class=\"wpb_wrapper\">\n\t\t\t\t<p class=\"rs-p-wp-fix\"><\/p>\n\t\t\t\t<sr7-module data-alias=\"bakery2-1\" data-id=\"56\" id=\"SR7_56_1\" data-version=\"7.0.7.1\">\n\t\t\t\t\t<sr7-adjuster><\/sr7-adjuster>\n\t\t\t\t\t<sr7-content>\n\t\t\t\t\t\t<sr7-slide id=\"SR7_56_1-114\" data-key=\"114\">\n\t\t\t\t\t\t\t<sr7-bg id=\"SR7_56_1-114-5\" class=\"sr7-layer\"><noscript><img decoding=\"async\" src=\"http:\/\/minestamp.com\/\/wp-content\/uploads\/2020\/06\/MINE-100-slider-1.jpg\" alt=\"\" title=\"MINE-100-slider-1\"><\/noscript><\/sr7-bg>\n\t\t\t\t\t\t\t<sr7-txt id=\"SR7_56_1-114-3\" class=\"sr7-layer\"><strong>Contacta con nosotros<\/strong><\/sr7-txt>\n\t\t\t\t\t\t\t<sr7-txt id=\"SR7_56_1-114-4\" class=\"sr7-layer\">Descubre el mundo Mine Stamp \u00a1Nunca ha sido tan f\u00e1cil personalizarlo todo!<\/sr7-txt>\n\t\t\t\t\t\t<\/sr7-slide>\n\t\t\t\t\t\t<sr7-slide id=\"SR7_56_1-150\" data-key=\"150\">\n\t\t\t\t\t\t<\/sr7-slide>\n\t\t\t\t\t<\/sr7-content>\n\t\t\t\t\t<image_lists style=\"display:none\">\n\t\t\t\t\t\t<img data-src=\"\/\/minestamp.com\/\/wp-content\/uploads\/2020\/06\/MINE-100-slider-1.jpg\" data-libid=\"23956\" data-lib=\"medialibrary\" title=\"MINE-100-slider-1\" width=\"0\" height=\"0\" data-dbsrc=\"Ly9taW5lc3RhbXAuY29tLy93cC1jb250ZW50L3VwbG9hZHMvMjAyMC8wNi9NSU5FLTEwMC1zbGlkZXItMS5qcGc=\"\/>\n\t\t\t\t\t<\/image_lists>\n\t\t\t\t<\/sr7-module>\n\t\t\t\t<script data-jetpack-boost=\"ignore\">\n\t\t\t\t\twindow.SR7??={}; SR7.PMH ??={}; SR7.PMH[\"SR7_56_1\"] = {cn:100,state:false,fn: function() { if (window._tpt!==undefined && window._tpt.prepareModuleHeight !== undefined) {  _tpt.prepareModuleHeight({id:\"SR7_56_1\",el:[400,400,768,560,400],type:'standard',gh:[400,400,768,560,400],gw:[1240,1240,1024,778,480],vpt:['-100px&#039;,&#039;-100px&#039;,&#039;-100px&#039;,&#039;-100px&#039;,&#039;-100px'],size:{fullWidth:true, fullHeight:false},mh:'0',onh:0,onw:0,bg:{color:'{\"orig\":\"transparent\",\"type\":\"solid\",\"string\":\"transparent\"}'},plType:'0',plColor:'#FFFFFF'});   SR7.PMH[\"SR7_56_1\"].state=true;} else if(SR7.PMH[\"SR7_56_1\"].cn-->0)\tsetTimeout( SR7.PMH[\"SR7_56_1\"].fn,19);}};SR7.PMH[\"SR7_56_1\" ].fn();\n\t\t\t\t<\/script>\n<\/div><\/div><\/div><\/div><div class=\"vc_row wpb_row vc_row-fluid\"><div class=\"wpb_column vc_column_container vc_col-sm-12\"><div class=\"vc_column-inner\"><div class=\"wpb_wrapper\"><div class=\"vc_empty_space\"   style=\"height: 32px\"><span class=\"vc_empty_space_inner\"><\/span><\/div><\/div><\/div><\/div><\/div><\/section><div data-vc-full-width=\"true\" data-vc-full-width-temp=\"true\" data-vc-full-width-init=\"false\" class=\"vc_row wpb_row vc_row-fluid vc_custom_1451151413064 vc_row-has-fill\"><div class=\"wpb_column vc_column_container vc_col-sm-6\"><div class=\"vc_column-inner vc_custom_1438787474201\"><div class=\"wpb_wrapper\"><div class=\"title-wrapper  basel-title-color-default basel-title-style-simple basel-title-size-default text-left vc_custom_1592322741904\"><div class=\"liner-continer\"> <span class=\"left-line\"><\/span> <h3 class=\"title\" ><strong>\u00bfC\u00d3MO PODEMOS AYUDARTE?<\/strong><span class=\"title-separator\"><span><\/span><\/span><\/h3> <span class=\"right-line\"><\/span> <\/div><\/div><\/div><\/div><\/div><div class=\"wpb_column vc_column_container vc_col-sm-6\"><div class=\"vc_column-inner vc_custom_1438787483391\"><div class=\"wpb_wrapper\"><div class=\"title-wrapper  basel-title-color-default basel-title-style-simple basel-title-size-default text-left vc_custom_1592322731616\"><div class=\"liner-continer\"> <span class=\"left-line\"><\/span> <h3 class=\"title\" ><strong>\u00bfQUIERES DISTRIBUIR NUESTROS PRODUCTOS?<\/strong><span class=\"title-separator\"><span><\/span><\/span><\/h3> <span class=\"right-line\"><\/span> <\/div><\/div>\n\t<div class=\"wpb_text_column wpb_content_element vc_custom_1589378995905\" >\n\t\t<div class=\"wpb_wrapper\">\n\t\t\t<p>Si quieres distribuir o vender nuestros sellos Mine en tu tienda, te lo ponemos muy f\u00e1cil. Dale al bot\u00f3n que encontrar\u00e1s aqu\u00ed debajo para rellenar el formulario.<\/p>\n\n\t\t<\/div>\n\t<\/div>\n<div class=\"basel-button-wrapper text-left\"><a href=\"http:\/\/minestamp.com\/\/hazte-distribuidor\/\" title=\"\u00bfQuieres ser distribuidor?\" class=\"btn btn-color-primary btn-style-default btn-size-default\">QUIERO SABER M\u00c1S<\/a><\/div><div class=\"vc_empty_space\"   style=\"height: 80px\"><span class=\"vc_empty_space_inner\"><\/span><\/div><div class=\"title-wrapper  basel-title-color-default basel-title-style-simple basel-title-size-default text-left \"><div class=\"liner-continer\"> <span class=\"left-line\"><\/span> <h3 class=\"title\" ><strong>CONTACTO<\/strong><span class=\"title-separator\"><span><\/span><\/span><\/h3> <span class=\"right-line\"><\/span> <\/div><\/div>\t\t\t<div class=\" basel-info-box text-left icon-alignment-left box-style-base color-scheme-dark  with-animation \" onclick=\"\">\n\t\t\t\t\t\t\t\t\t<div class=\"box-icon-wrapper\">\n\t\t\t\t\t\t<div class=\"info-box-icon\">\n\t\t\t\t\t\t\t\t\t\t\t\t\t\t\t\t\t\t\t\t\t\t\t\t\t\t\t\t\t\t\t\t\t\t\t\t\t\t<script type=\"text\/javascript\">\n\t\t\t\t\t\t\t\t\t\t\t\t\tjQuery(document).ready(function($) {\n\t\t\t\t\t\t\t\t\t\t\t\t\t\tnew Vivus('svg-6013', {\n\t\t\t\t\t\t\t\t\t\t\t\t\t\t    type: 'delayed',\n\t\t\t\t\t\t\t\t\t\t\t\t\t\t    duration: 200,\n\t\t\t\t\t\t\t\t\t\t\t\t\t\t    start: 'inViewport',\n\t\t\t\t\t\t\t\t\t\t\t\t\t\t    animTimingFunction: Vivus.EASE_OUT\n\t\t\t\t\t\t\t\t\t\t\t\t\t\t});\n\t\t\t\t\t\t\t\t\t\t\t\t\t});\n\t\t\t\t\t\t\t\t\t\t\t\t<\/script>\n\t\t\t\t\t\t\t\t\t\t\t\t<div class=\"info-svg-wrapper\" style=\"width: 40px;height: 40px;\"><svg version=\"1.1\" id=\"svg-6013\" xmlns=\"http:\/\/www.w3.org\/2000\/svg\" xmlns:xlink=\"http:\/\/www.w3.org\/1999\/xlink\" x=\"0px\" y=\"0px\"\r\n\t width=\"64px\" height=\"64px\" viewBox=\"0 0 64 64\" enable-background=\"new 0 0 64 64\" xml:space=\"preserve\">\r\n<polygon fill=\"none\" stroke=\"#000000\" stroke-width=\"2\" stroke-linejoin=\"bevel\" stroke-miterlimit=\"10\" points=\"1,30 63,1 23,41 \r\n\t\"\/>\r\n<polygon fill=\"none\" stroke=\"#000000\" stroke-width=\"2\" stroke-linejoin=\"bevel\" stroke-miterlimit=\"10\" points=\"34,63 63,1 23,41 \r\n\t\"\/>\r\n<\/svg>\r\n<\/div>\t\t\t\t\t\t\t\t\t\t\t\t\t\t<\/div>\n\t\t\t\t\t<\/div>\n\t\t\t\t\t\t\t\t<div class=\"info-box-content\">\n\t\t\t\t\t<div class=\"info-box-inner\">\n\t\t\t\t\t\t<\/p>\n<p style=\"text-align: left;\">Tel: 935-06-75-06<br \/>\nC\/ Dels Cirerers s\/n 08940 Cornell\u00e1 de Llobregat<\/p>\n<p>\n\t\t\t\t\t<\/div>\n\t\t\t\t<\/div>\n\t\t\t<\/div>\n\t\t\t\t\t<div class=\" basel-info-box text-left icon-alignment-left box-style-base color-scheme-dark  with-animation \" onclick=\"\">\n\t\t\t\t\t\t\t\t\t<div class=\"box-icon-wrapper\">\n\t\t\t\t\t\t<div class=\"info-box-icon\">\n\t\t\t\t\t\t\t\t\t\t\t\t\t\t\t\t\t\t\t\t\t\t\t\t\t\t\t\t\t\t\t\t\t\t\t\t\t\t<script type=\"text\/javascript\">\n\t\t\t\t\t\t\t\t\t\t\t\t\tjQuery(document).ready(function($) {\n\t\t\t\t\t\t\t\t\t\t\t\t\t\tnew Vivus('svg-4816', {\n\t\t\t\t\t\t\t\t\t\t\t\t\t\t    type: 'delayed',\n\t\t\t\t\t\t\t\t\t\t\t\t\t\t    duration: 200,\n\t\t\t\t\t\t\t\t\t\t\t\t\t\t    start: 'inViewport',\n\t\t\t\t\t\t\t\t\t\t\t\t\t\t    animTimingFunction: Vivus.EASE_OUT\n\t\t\t\t\t\t\t\t\t\t\t\t\t\t});\n\t\t\t\t\t\t\t\t\t\t\t\t\t});\n\t\t\t\t\t\t\t\t\t\t\t\t<\/script>\n\t\t\t\t\t\t\t\t\t\t\t\t<div class=\"info-svg-wrapper\" style=\"width: 40px;height: 40px;\"><svg version=\"1.1\" id=\"svg-4816\" xmlns=\"http:\/\/www.w3.org\/2000\/svg\" xmlns:xlink=\"http:\/\/www.w3.org\/1999\/xlink\" x=\"0px\" y=\"0px\"\r\n\t width=\"64px\" height=\"64px\" viewBox=\"0 0 64 64\" enable-background=\"new 0 0 64 64\" xml:space=\"preserve\">\r\n<polygon fill=\"none\" stroke=\"#000000\" stroke-width=\"2\" stroke-linejoin=\"bevel\" stroke-miterlimit=\"10\" points=\"1,30 63,1 23,41 \r\n\t\"\/>\r\n<polygon fill=\"none\" stroke=\"#000000\" stroke-width=\"2\" stroke-linejoin=\"bevel\" stroke-miterlimit=\"10\" points=\"34,63 63,1 23,41 \r\n\t\"\/>\r\n<\/svg>\r\n<\/div>\t\t\t\t\t\t\t\t\t\t\t\t\t\t<\/div>\n\t\t\t\t\t<\/div>\n\t\t\t\t\t\t\t\t<div class=\"info-box-content\">\n\t\t\t\t\t<div class=\"info-box-inner\">\n\t\t\t\t\t\t<\/p>\n<p style=\"text-align: left;\"><a href=\"mailto:info@minestamp.com\">contacto@minestamp.com<\/a><\/p>\n<p>\n\t\t\t\t\t<\/div>\n\t\t\t\t<\/div>\n\t\t\t<\/div>\n\t\t<div class=\"vc_empty_space\"   style=\"height: 30px\"><span class=\"vc_empty_space_inner\"><\/span><\/div>\n\t\t\t<ul class=\"social-icons text-left icons-design-circle icons-size-default social-share \">\n\t\t\t\t\t\t\t\t\t<li class=\"social-facebook\"><a rel=\"nofollow\" href=\"https:\/\/www.facebook.com\/sharer\/sharer.php?u=https:\/\/minestamp2.webpstw.com\/en\/contacto\/\" target=\"_blank\" class=\"\"><i class=\"fa fa-facebook\"><\/i><span class=\"basel-social-icon-name\">Facebook<\/span><\/a><\/li>\n\t\t\t\t\n\t\t\t\t\t\t\t\t\t<li class=\"social-twitter\"><a rel=\"nofollow\" href=\"https:\/\/twitter.com\/share?url=https:\/\/minestamp2.webpstw.com\/en\/contacto\/\" target=\"_blank\" class=\"\"><i class=\"fa fa-twitter\"><\/i><span class=\"basel-social-icon-name\">Twitter<\/span><\/a><\/li>\n\t\t\t\t\n\t\t\t\t\n\t\t\t\t\n\t\t\t\t\n\t\t\t\t\t\t\t\t\t<li class=\"social-pinterest\"><a rel=\"nofollow\" href=\"https:\/\/pinterest.com\/pin\/create\/button\/?url=https:\/\/minestamp2.webpstw.com\/en\/contacto\/&media=https:\/\/minestamp2.webpstw.com\/wp-includes\/images\/media\/default.svg\" target=\"_blank\" class=\"\"><i class=\"fa fa-pinterest\"><\/i><span class=\"basel-social-icon-name\">Pinterest<\/span><\/a><\/li>\n\t\t\t\t\n\t\t\t\t\n\t\t\t\t\t\t\t\t\t<li class=\"social-linkedin\"><a rel=\"nofollow\" href=\"https:\/\/www.linkedin.com\/shareArticle?mini=true&url=https:\/\/minestamp2.webpstw.com\/en\/contacto\/\" target=\"_blank\" class=\"\"><i class=\"fa fa-linkedin\"><\/i><span class=\"basel-social-icon-name\">LinkedIn<\/span><\/a><\/li>\n\t\t\t\t\n\t\t\t\t\n\t\t\t\t\n\t\t\t\t\n\t\t\t\t\n\t\t\t\t\n\t\t\t\t\n\t\t\t\t\n\t\t\t\t\n\t\t\t\t\t\t\t\t\n\t\t\t\t\n\t\t\t\t\n\t\t\t\t\t\t\t\t\t<li class=\"social-tg\"><a rel=\"nofollow\" href=\"https:\/\/telegram.me\/share\/url?url=https:\/\/minestamp2.webpstw.com\/en\/contacto\/\" target=\"_blank\" class=\"\"><i class=\"fa fa-telegram\"><\/i><span class=\"basel-social-icon-name\">Telegram<\/span><\/a><\/li>\n\t\t\t\t\n\t\t\t<\/ul>\n\n\t\t<\/div><\/div><\/div><\/div><div class=\"vc_row-full-width vc_clearfix\"><\/div><div class=\"vc_row wpb_row vc_row-fluid\"><div class=\"wpb_column vc_column_container vc_col-sm-12\"><div class=\"vc_column-inner\"><div class=\"wpb_wrapper\"><\/div><\/div><\/div><\/div>\n<\/div>","protected":false},"excerpt":{"rendered":"Contacta con nosotros Descubre el mundo Mine Stamp \u00a1Nunca ha sido tan f\u00e1cil personalizarlo todo! \u00bfC\u00d3MO PODEMOS AYUDARTE? \u00bfQUIERES DISTRIBUIR","protected":false},"author":1,"featured_media":0,"parent":0,"menu_order":0,"comment_status":"closed","ping_status":"closed","template":"","meta":{"rs_blank_template":"","rs_page_bg_color":"#ffffff","slide_template_v7":"","footnotes":""},"class_list":["post-813","page","type-page","status-publish","hentry"],"yoast_head":"<!-- This site is optimized with the Yoast SEO plugin v27.3 - https:\/\/yoast.com\/product\/yoast-seo-wordpress\/ -->\n<title>Etiquetas y marcadores textiles - Contacto | Minestamp<\/title>\n<meta name=\"description\" content=\"Si tambi\u00e9n necesitas marcar la ropa o los objetos de tus hijos para no perderlos de vista, las etiquetas y marcadores textiles Minestamp son la mejor soluci\u00f3n.\" \/>\n<meta name=\"robots\" content=\"index, follow, max-snippet:-1, max-image-preview:large, max-video-preview:-1\" \/>\n<link rel=\"canonical\" href=\"https:\/\/minestamp2.webpstw.com\/en\/contacto\/\" \/>\n<meta property=\"og:locale\" content=\"en_US\" \/>\n<meta property=\"og:type\" content=\"article\" \/>\n<meta property=\"og:title\" content=\"Etiquetas y marcadores textiles - Contacto | Minestamp\" \/>\n<meta property=\"og:description\" content=\"Si tambi\u00e9n necesitas marcar la ropa o los objetos de tus hijos para no perderlos de vista, las etiquetas y marcadores textiles Minestamp son la mejor soluci\u00f3n.\" \/>\n<meta property=\"og:url\" content=\"https:\/\/minestamp2.webpstw.com\/en\/contacto\/\" \/>\n<meta property=\"og:site_name\" content=\"MINESTAMP\" \/>\n<meta property=\"article:modified_time\" content=\"2022-11-03T17:32:53+00:00\" \/>\n<meta name=\"twitter:card\" content=\"summary_large_image\" \/>\n<meta name=\"twitter:label1\" content=\"Est. reading time\" \/>\n\t<meta name=\"twitter:data1\" content=\"1 minute\" \/>\n<script type=\"application\/ld+json\" class=\"yoast-schema-graph\">{\"@context\":\"https:\\\/\\\/schema.org\",\"@graph\":[{\"@type\":\"WebPage\",\"@id\":\"https:\\\/\\\/minestamp2.webpstw.com\\\/contacto\\\/\",\"url\":\"https:\\\/\\\/minestamp2.webpstw.com\\\/contacto\\\/\",\"name\":\"Etiquetas y marcadores textiles - Contacto | Minestamp\",\"isPartOf\":{\"@id\":\"https:\\\/\\\/minestamp2.webpstw.com\\\/#website\"},\"datePublished\":\"2017-02-09T12:07:12+00:00\",\"dateModified\":\"2022-11-03T17:32:53+00:00\",\"description\":\"Si tambi\u00e9n necesitas marcar la ropa o los objetos de tus hijos para no perderlos de vista, las etiquetas y marcadores textiles Minestamp son la mejor soluci\u00f3n.\",\"breadcrumb\":{\"@id\":\"https:\\\/\\\/minestamp2.webpstw.com\\\/contacto\\\/#breadcrumb\"},\"inLanguage\":\"en-US\",\"potentialAction\":[{\"@type\":\"ReadAction\",\"target\":[\"https:\\\/\\\/minestamp2.webpstw.com\\\/contacto\\\/\"]}]},{\"@type\":\"BreadcrumbList\",\"@id\":\"https:\\\/\\\/minestamp2.webpstw.com\\\/contacto\\\/#breadcrumb\",\"itemListElement\":[{\"@type\":\"ListItem\",\"position\":1,\"name\":\"Portada\",\"item\":\"https:\\\/\\\/minestamp2.webpstw.com\\\/\"},{\"@type\":\"ListItem\",\"position\":2,\"name\":\"Contacto\"}]},{\"@type\":\"WebSite\",\"@id\":\"https:\\\/\\\/minestamp2.webpstw.com\\\/#website\",\"url\":\"https:\\\/\\\/minestamp2.webpstw.com\\\/\",\"name\":\"MINESTAMP\",\"description\":\"La marca de sellos m\u00e1s vendida del mundo\",\"potentialAction\":[{\"@type\":\"SearchAction\",\"target\":{\"@type\":\"EntryPoint\",\"urlTemplate\":\"https:\\\/\\\/minestamp2.webpstw.com\\\/?s={search_term_string}\"},\"query-input\":{\"@type\":\"PropertyValueSpecification\",\"valueRequired\":true,\"valueName\":\"search_term_string\"}}],\"inLanguage\":\"en-US\"}]}<\/script>\n<!-- \/ Yoast SEO plugin. -->","yoast_head_json":{"title":"Etiquetas y marcadores textiles - Contacto | Minestamp","description":"Si tambi\u00e9n necesitas marcar la ropa o los objetos de tus hijos para no perderlos de vista, las etiquetas y marcadores textiles Minestamp son la mejor soluci\u00f3n.","robots":{"index":"index","follow":"follow","max-snippet":"max-snippet:-1","max-image-preview":"max-image-preview:large","max-video-preview":"max-video-preview:-1"},"canonical":"https:\/\/minestamp2.webpstw.com\/en\/contacto\/","og_locale":"en_US","og_type":"article","og_title":"Etiquetas y marcadores textiles - Contacto | Minestamp","og_description":"Si tambi\u00e9n necesitas marcar la ropa o los objetos de tus hijos para no perderlos de vista, las etiquetas y marcadores textiles Minestamp son la mejor soluci\u00f3n.","og_url":"https:\/\/minestamp2.webpstw.com\/en\/contacto\/","og_site_name":"MINESTAMP","article_modified_time":"2022-11-03T17:32:53+00:00","twitter_card":"summary_large_image","twitter_misc":{"Est. reading time":"1 minute"},"schema":{"@context":"https:\/\/schema.org","@graph":[{"@type":"WebPage","@id":"https:\/\/minestamp2.webpstw.com\/contacto\/","url":"https:\/\/minestamp2.webpstw.com\/contacto\/","name":"Etiquetas y marcadores textiles - Contacto | Minestamp","isPartOf":{"@id":"https:\/\/minestamp2.webpstw.com\/#website"},"datePublished":"2017-02-09T12:07:12+00:00","dateModified":"2022-11-03T17:32:53+00:00","description":"Si tambi\u00e9n necesitas marcar la ropa o los objetos de tus hijos para no perderlos de vista, las etiquetas y marcadores textiles Minestamp son la mejor soluci\u00f3n.","breadcrumb":{"@id":"https:\/\/minestamp2.webpstw.com\/contacto\/#breadcrumb"},"inLanguage":"en-US","potentialAction":[{"@type":"ReadAction","target":["https:\/\/minestamp2.webpstw.com\/contacto\/"]}]},{"@type":"BreadcrumbList","@id":"https:\/\/minestamp2.webpstw.com\/contacto\/#breadcrumb","itemListElement":[{"@type":"ListItem","position":1,"name":"Portada","item":"https:\/\/minestamp2.webpstw.com\/"},{"@type":"ListItem","position":2,"name":"Contacto"}]},{"@type":"WebSite","@id":"https:\/\/minestamp2.webpstw.com\/#website","url":"https:\/\/minestamp2.webpstw.com\/","name":"MINESTAMP","description":"La marca de sellos m\u00e1s vendida del mundo","potentialAction":[{"@type":"SearchAction","target":{"@type":"EntryPoint","urlTemplate":"https:\/\/minestamp2.webpstw.com\/?s={search_term_string}"},"query-input":{"@type":"PropertyValueSpecification","valueRequired":true,"valueName":"search_term_string"}}],"inLanguage":"en-US"}]}},"_links":{"self":[{"href":"https:\/\/minestamp2.webpstw.com\/en\/wp-json\/wp\/v2\/pages\/813","targetHints":{"allow":["GET"]}}],"collection":[{"href":"https:\/\/minestamp2.webpstw.com\/en\/wp-json\/wp\/v2\/pages"}],"about":[{"href":"https:\/\/minestamp2.webpstw.com\/en\/wp-json\/wp\/v2\/types\/page"}],"author":[{"embeddable":true,"href":"https:\/\/minestamp2.webpstw.com\/en\/wp-json\/wp\/v2\/users\/1"}],"replies":[{"embeddable":true,"href":"https:\/\/minestamp2.webpstw.com\/en\/wp-json\/wp\/v2\/comments?post=813"}],"version-history":[{"count":71,"href":"https:\/\/minestamp2.webpstw.com\/en\/wp-json\/wp\/v2\/pages\/813\/revisions"}],"predecessor-version":[{"id":35041,"href":"https:\/\/minestamp2.webpstw.com\/en\/wp-json\/wp\/v2\/pages\/813\/revisions\/35041"}],"wp:attachment":[{"href":"https:\/\/minestamp2.webpstw.com\/en\/wp-json\/wp\/v2\/media?parent=813"}],"curies":[{"name":"wp","href":"https:\/\/api.w.org\/{rel}","templated":true}]}}