{"id":781,"date":"2017-02-09T08:45:13","date_gmt":"2017-02-09T08:45:13","guid":{"rendered":"http:\/\/dummy.xtemos.com\/basel\/vers\/?page_id=781"},"modified":"2025-12-01T16:05:55","modified_gmt":"2025-12-01T14:05:55","slug":"nuestra-historia","status":"publish","type":"page","link":"https:\/\/minestamp2.webpstw.com\/en\/nuestra-historia\/","title":{"rendered":"Nuestra historia"},"content":{"rendered":"<div class=\"wpb-content-wrapper\"><div class=\"vc_row wpb_row vc_row-fluid vc_custom_1592236815855\"><div class=\"wpb_column vc_column_container vc_col-sm-12\"><div class=\"vc_column-inner\"><div class=\"wpb_wrapper\">\n\t\t\t\t<p class=\"rs-p-wp-fix\"><\/p>\n\t\t\t\t<sr7-module data-alias=\"bakery2-1-1-1\" data-id=\"58\" id=\"SR7_58_1\" data-version=\"7.0.7.1\">\n\t\t\t\t\t<sr7-adjuster><\/sr7-adjuster>\n\t\t\t\t\t<sr7-content>\n\t\t\t\t\t\t<sr7-slide id=\"SR7_58_1-116\" data-key=\"116\">\n\t\t\t\t\t\t\t<sr7-bg id=\"SR7_58_1-116-4\" class=\"sr7-layer\"><noscript><img decoding=\"async\" src=\"http:\/\/minestamp.com\/\/wp-content\/uploads\/2020\/06\/MINE-100-slider-1.jpg\" alt=\"\" title=\"MINE-100-slider-1\"><\/noscript><\/sr7-bg>\n\t\t\t\t\t\t\t<sr7-txt id=\"SR7_58_1-116-3\" class=\"sr7-layer\"><strong>Nuestra historia<\/strong><\/sr7-txt>\n\t\t\t\t\t\t<\/sr7-slide>\n\t\t\t\t\t\t<sr7-slide id=\"SR7_58_1-152\" data-key=\"152\">\n\t\t\t\t\t\t<\/sr7-slide>\n\t\t\t\t\t<\/sr7-content>\n\t\t\t\t\t<image_lists style=\"display:none\">\n\t\t\t\t\t\t<img data-src=\"\/\/minestamp.com\/\/wp-content\/uploads\/2020\/06\/MINE-100-slider-1.jpg\" data-libid=\"23956\" data-lib=\"medialibrary\" title=\"MINE-100-slider-1\" width=\"0\" height=\"0\" data-dbsrc=\"Ly9taW5lc3RhbXAuY29tLy93cC1jb250ZW50L3VwbG9hZHMvMjAyMC8wNi9NSU5FLTEwMC1zbGlkZXItMS5qcGc=\"\/>\n\t\t\t\t\t<\/image_lists>\n\t\t\t\t<\/sr7-module>\n\t\t\t\t<script data-jetpack-boost=\"ignore\">\n\t\t\t\t\twindow.SR7??={}; SR7.PMH ??={}; SR7.PMH[\"SR7_58_1\"] = {cn:100,state:false,fn: function() { if (window._tpt!==undefined && window._tpt.prepareModuleHeight !== undefined) {  _tpt.prepareModuleHeight({id:\"SR7_58_1\",el:[400,400,768,560,400],type:'standard',gh:[400,400,768,560,400],gw:[1240,1240,1024,778,480],vpt:['-100px&#039;,&#039;-100px&#039;,&#039;-100px&#039;,&#039;-100px&#039;,&#039;-100px'],size:{fullWidth:true, fullHeight:false},mh:'0',onh:0,onw:0,bg:{color:'{\"orig\":\"transparent\",\"type\":\"solid\",\"string\":\"transparent\"}'},plType:'0',plColor:'#FFFFFF'});   SR7.PMH[\"SR7_58_1\"].state=true;} else if(SR7.PMH[\"SR7_58_1\"].cn-->0)\tsetTimeout( SR7.PMH[\"SR7_58_1\"].fn,19);}};SR7.PMH[\"SR7_58_1\" ].fn();\n\t\t\t\t<\/script>\n<div class=\"vc_empty_space\"   style=\"height: 32px\"><span class=\"vc_empty_space_inner\"><\/span><\/div><div class=\"title-wrapper  basel-title-color-default basel-title-style-simple basel-title-size-large text-center \"><div class=\"liner-continer\"> <span class=\"left-line\"><\/span> <h2 class=\"title\" ><strong>\u00a1Hola!<\/strong><span class=\"title-separator\"><span><\/span><\/span><\/h2> <span class=\"right-line\"><\/span> <\/div><\/div><div class=\"vc_empty_space\"   style=\"height: 32px\"><span class=\"vc_empty_space_inner\"><\/span><\/div>\n\t<div class=\"wpb_text_column wpb_content_element\" >\n\t\t<div class=\"wpb_wrapper\">\n\t\t\t<h3 style=\"text-align: center;\"><em>Xavier Mar\u00edn y Paco Narv\u00e1ez pusieron en marcha hace unos a\u00f1os <a href=\"https:\/\/minestamp2.webpstw.com\" target=\"_blank\" rel=\"noopener noreferrer\">MineStamp<\/a>,<br \/>\nuna compa\u00f1\u00eda especializada en la fabricaci\u00f3n de marcadores textiles.<br \/>\n<\/em><\/h3>\n\n\t\t<\/div>\n\t<\/div>\n<\/div><\/div><\/div><\/div><div class=\"vc_row wpb_row vc_row-fluid\"><div class=\"wpb_column vc_column_container vc_col-sm-6\"><div class=\"vc_column-inner\"><div class=\"wpb_wrapper\">\n\t<div class=\"wpb_text_column wpb_content_element vc_custom_1649774663299\" >\n\t\t<div class=\"wpb_wrapper\">\n\t\t\t<div class=\"vc_column-inner\">\n<div class=\"wpb_wrapper\">\n<div class=\"field field-name-field-text\">\n<h4><strong>\u00bfCu\u00e1les fueron los or\u00edgenes de <a href=\"https:\/\/minestamp2.webpstw.com\" target=\"_blank\" rel=\"noopener noreferrer\">MineStamp<\/a>?<\/strong><\/h4>\n<p>La idea de crear sellos para marcar la ropa surgi\u00f3 de una necesidad propia que tienen todas las familias: identificar las prendas de sus hijos para que en el colegio, al irse de colonias o en cualquier otra situaci\u00f3n sepan que son suyas. El concepto hereda parte de la tecnolog\u00eda de los marcadores de papel, pero tuvimos que darle una vuelta hasta encontrar el producto perfecto.<\/p>\n<h4><strong>\u00bfA qu\u00e9 se refiere?<\/strong><\/h4>\n<p>A que para marcar una prenda de ropa se necesita una tinta que sea permanente y resista la acci\u00f3n de todos los lavados a los que se somete. Y las tintas que hab\u00eda en el mercado no lo eran.<\/p>\n<h4><strong>\u00bfCu\u00e1l fue la soluci\u00f3n?<\/strong><\/h4>\n<p>Los sellos <a href=\"https:\/\/minestamp2.webpstw.com\" target=\"_blank\" rel=\"noopener noreferrer\">MineStamp <\/a>constan de dos partes muy claras: el marcador en s\u00ed y la tinta. De la fabricaci\u00f3n del primero se ocupa la empresa austr\u00edaca Colop, de cuya filial en Espa\u00f1a Xavier y yo tenemos el 40% de la propiedad. La tinta se desarroll\u00f3 en colaboraci\u00f3n con una compa\u00f1\u00eda alemana y finalmente conseguimos una que resistiera como necesit\u00e1bamos y que, adem\u00e1s, no se secara con facilidad en la almohadilla del sello, aumentando as\u00ed su durabilidad.<\/p>\n<h4><strong>Realizan dos tipos de marcadores\u2026<\/strong><\/h4>\n<p>As\u00ed es. El primer gran tipo es el marcador en formato imprentilla, que consiste en la estructura del sello, la almohadilla de tinta y un alfabeto que, acompa\u00f1ado de una serie de pictogramas, permiten al usuario confeccionar el sello con la leyenda que se busca, generalmente el nombre del ni\u00f1o y alg\u00fan dibujo alusivo a sus aficiones. Se trata del primer producto de este tipo que sali\u00f3 al mercado y que ha tenido una gran acogida entre el p\u00fablico.<\/p>\n<h4><strong>\u00bfA trav\u00e9s de qu\u00e9 canales se comercializa?<\/strong><\/h4>\n<p>Una vez tuvimos terminado el primer modelo acudimos a El Corte Ingl\u00e9s para hacer una prueba piloto en dos centros de Madrid y Barcelona. El \u00e9xito fue tan grande que los sellos <a href=\"https:\/\/minestamp2.webpstw.com\" target=\"_blank\" rel=\"noopener noreferrer\">MineStamp<\/a> se extendieron por el resto de establecimientos del grupo. Hoy en d\u00eda estamos presentes en las principales cadenas de gran distribuci\u00f3n del pa\u00eds: El Corte Ingl\u00e9s, Alcampo, Eroski, Carrefour, Imaginarium\u2026 Uno de nuestros principales clientes es tutete.com, pero pr\u00e1cticamente cualquier canal que haga campa\u00f1as de \u2018vuelta al cole\u2019 tiene nuestros productos.<\/p>\n<h4><strong>\u00bfQu\u00e9 diferencia a <a href=\"https:\/\/minestamp2.webpstw.com\" target=\"_blank\" rel=\"noopener noreferrer\">MineStamp<\/a> de sus competidores?<\/strong><\/h4>\n<p>Tenemos una patente de utilidad para un sello textil desde el a\u00f1o 2011 que nos hace \u00fanicos. De todos modos, cuando un producto funciona es normal que aparezcan imitaciones o plagios contra los que nuestros abogados ya trabajan. En cualquier caso, nuestros sellos son de pl\u00e1stico ABS que en caso de rotura impide que los ni\u00f1os se hagan da\u00f1o y la tinta es \u00fanica. Para que se haga una idea, en estos a\u00f1os en el mercado no hemos recibido ni una sola devoluci\u00f3n de producto porque el cliente estuviera descontento.<\/p>\n<h4><strong>El segundo sello es el personalizado.<\/strong><\/h4>\n<p>S\u00ed. En este caso, lo que hacemos es proponer al usuario final que dise\u00f1e su sello a trav\u00e9s de nuestra tienda online o de las aplicaciones que ofrecemos a nuestros clientes. De un modo muy sencillo, el cliente elige la leyenda, el pictograma que quiere, la tipograf\u00eda y en un plazo muy breve (entre 24 y 72 horas) recibe en su domicilio un producto totalmente personalizado en un pack con un dise\u00f1o muy cuidado que es un fant\u00e1stico regalo.<\/p>\n<h4><strong>El concepto ha hecho fortuna en todo el mundo\u2026<\/strong><\/h4>\n<p>Lo cierto es que s\u00ed. Estamos vendiendo en toda Europa, en Australia, en China, en Oriente Medio, en diversos pa\u00edses de Latinoam\u00e9rica y en Estados Unidos, donde nuestros productos entraron en Walmart hace algunos a\u00f1os y donde contamos con una oficina propia en Miami. Los sellos de <a href=\"https:\/\/minestamp2.webpstw.com\" target=\"_blank\" rel=\"noopener noreferrer\">MineStamp<\/a> pueden comprarse en las Galeries Lafayette de Par\u00eds, en Marks &amp; Spencer de Londres y en muchos de los establecimientos m\u00e1s prestigiosos del mundo de la distribuci\u00f3n de cada pa\u00eds.<\/p>\n<h4><strong>\u00bfEn qu\u00e9 est\u00e1n trabajando actualmente desde <a href=\"https:\/\/minestamp2.webpstw.com\" target=\"_blank\" rel=\"noopener noreferrer\">MineStamp<\/a>?<\/strong><\/h4>\n<p>Tenemos varios planes en marcha, siempre relacionados con el marcado de prendas o de otro tipo de objetos y con los sellos. Recientemente hemos llegado a un acuerdo de colaboraci\u00f3n con Eticlip, una empresa de Manresa con una larga tradici\u00f3n en la fabricaci\u00f3n de etiquetas para el marcado de diversos tipos de objetos. Tambi\u00e9n hemos lanzado una gama dirigida al mundo del scrapbooking, en este caso bajo la marca Inkis. Se trata de una serie de sellos de silicona intercambiables que se colocan en un soporte de madera y de una gama de tinta de 20 colores con base agua para los amantes de este tipo de manualidad.\n<\/p><\/div>\n<\/div>\n<\/div>\n\n\t\t<\/div>\n\t<\/div>\n\n\t<div class=\"wpb_video_widget wpb_content_element vc_clearfix vc_video-aspect-ratio-169 vc_video-el-width-100 vc_video-align-left\" >\n\t\t<div class=\"wpb_wrapper\">\n\t\t\t\n\t\t\t<div class=\"wpb_video_wrapper\"><iframe loading=\"lazy\" title=\"Sello Personalizado \/ Personalized Stamp - Minestamp\" width=\"500\" height=\"281\" src=\"https:\/\/www.youtube.com\/embed\/-BqzBi-0FoY?feature=oembed\" frameborder=\"0\" allow=\"accelerometer; autoplay; clipboard-write; encrypted-media; gyroscope; picture-in-picture; web-share\" referrerpolicy=\"strict-origin-when-cross-origin\" allowfullscreen><\/iframe><\/div>\n\t\t<\/div>\n\t<\/div>\n<\/div><\/div><\/div><div class=\"wpb_column vc_column_container vc_col-sm-6\"><div class=\"vc_column-inner vc_custom_1592236939230\"><div class=\"wpb_wrapper\">\n\t<div  class=\"wpb_single_image wpb_content_element vc_align_center vc_custom_1594979179463\">\n\t\t\n\t\t<figure class=\"wpb_wrapper vc_figure\">\n\t\t\t<div class=\"vc_single_image-wrapper   vc_box_border_grey\"><img loading=\"lazy\" decoding=\"async\" width=\"973\" height=\"581\" src=\"https:\/\/minestamp2.webpstw.com\/wp-content\/uploads\/2020\/07\/nuestra-historia-mine.jpg\" class=\"vc_single_image-img attachment-full\" alt=\"\" title=\"nuestra-historia-mine\" srcset=\"https:\/\/minestamp2.webpstw.com\/wp-content\/uploads\/2020\/07\/nuestra-historia-mine.jpg 973w, https:\/\/minestamp2.webpstw.com\/wp-content\/uploads\/2020\/07\/nuestra-historia-mine-300x179.jpg 300w, https:\/\/minestamp2.webpstw.com\/wp-content\/uploads\/2020\/07\/nuestra-historia-mine-768x459.jpg 768w\" sizes=\"auto, (max-width: 973px) 100vw, 973px\" \/><\/div>\n\t\t<\/figure>\n\t<\/div>\n<\/div><\/div><\/div><\/div><div class=\"vc_row wpb_row vc_row-fluid\"><div class=\"wpb_column vc_column_container vc_col-sm-12\"><div class=\"vc_column-inner\"><div class=\"wpb_wrapper\">\n\t\t\t<ul class=\"social-icons text-center icons-design-circle icons-size-default social-share \">\n\t\t\t\t\t\t\t\t\t<li class=\"social-facebook\"><a rel=\"nofollow\" href=\"https:\/\/www.facebook.com\/sharer\/sharer.php?u=https:\/\/minestamp2.webpstw.com\/en\/nuestra-historia\/\" target=\"_blank\" class=\"\"><i class=\"fa fa-facebook\"><\/i><span class=\"basel-social-icon-name\">Facebook<\/span><\/a><\/li>\n\t\t\t\t\n\t\t\t\t\t\t\t\t\t<li class=\"social-twitter\"><a rel=\"nofollow\" href=\"https:\/\/twitter.com\/share?url=https:\/\/minestamp2.webpstw.com\/en\/nuestra-historia\/\" target=\"_blank\" class=\"\"><i class=\"fa fa-twitter\"><\/i><span class=\"basel-social-icon-name\">Twitter<\/span><\/a><\/li>\n\t\t\t\t\n\t\t\t\t\n\t\t\t\t\n\t\t\t\t\n\t\t\t\t\t\t\t\t\t<li class=\"social-pinterest\"><a rel=\"nofollow\" href=\"https:\/\/pinterest.com\/pin\/create\/button\/?url=https:\/\/minestamp2.webpstw.com\/en\/nuestra-historia\/&media=https:\/\/minestamp2.webpstw.com\/wp-includes\/images\/media\/default.svg\" target=\"_blank\" class=\"\"><i class=\"fa fa-pinterest\"><\/i><span class=\"basel-social-icon-name\">Pinterest<\/span><\/a><\/li>\n\t\t\t\t\n\t\t\t\t\n\t\t\t\t\t\t\t\t\t<li class=\"social-linkedin\"><a rel=\"nofollow\" href=\"https:\/\/www.linkedin.com\/shareArticle?mini=true&url=https:\/\/minestamp2.webpstw.com\/en\/nuestra-historia\/\" target=\"_blank\" class=\"\"><i class=\"fa fa-linkedin\"><\/i><span class=\"basel-social-icon-name\">LinkedIn<\/span><\/a><\/li>\n\t\t\t\t\n\t\t\t\t\n\t\t\t\t\n\t\t\t\t\n\t\t\t\t\n\t\t\t\t\n\t\t\t\t\n\t\t\t\t\n\t\t\t\t\n\t\t\t\t\t\t\t\t\n\t\t\t\t\n\t\t\t\t\n\t\t\t\t\t\t\t\t\t<li class=\"social-tg\"><a rel=\"nofollow\" href=\"https:\/\/telegram.me\/share\/url?url=https:\/\/minestamp2.webpstw.com\/en\/nuestra-historia\/\" target=\"_blank\" class=\"\"><i class=\"fa fa-telegram\"><\/i><span class=\"basel-social-icon-name\">Telegram<\/span><\/a><\/li>\n\t\t\t\t\n\t\t\t<\/ul>\n\n\t\t<\/div><\/div><\/div><\/div><div class=\"vc_row wpb_row vc_row-fluid\"><div class=\"wpb_column vc_column_container vc_col-sm-12\"><div class=\"vc_column-inner\"><div class=\"wpb_wrapper\"><div class=\"vc_empty_space\"   style=\"height: 32px\"><span class=\"vc_empty_space_inner\"><\/span><\/div><\/div><\/div><\/div><\/div>\n<\/div>","protected":false},"excerpt":{"rendered":"Nuestra historia \u00a1Hola! Xavier Mar\u00edn y Paco Narv\u00e1ez pusieron en marcha hace unos a\u00f1os MineStamp, una compa\u00f1\u00eda especializada en la","protected":false},"author":1,"featured_media":0,"parent":0,"menu_order":0,"comment_status":"closed","ping_status":"closed","template":"","meta":{"rs_blank_template":"","rs_page_bg_color":"#ffffff","slide_template_v7":"","footnotes":""},"class_list":["post-781","page","type-page","status-publish","hentry"],"yoast_head":"<!-- This site is optimized with the Yoast SEO plugin v27.3 - https:\/\/yoast.com\/product\/yoast-seo-wordpress\/ -->\n<title>Sellos Minestamp - Nuestra historia | Minestamp<\/title>\n<meta name=\"description\" content=\"Los sellos Minestamp nacen de la necesidad de todas las familias para identificar las prendas de sus hijos en cualquier situaci\u00f3n. \u00a1Descubre toda la colecci\u00f3n!\" \/>\n<meta name=\"robots\" content=\"index, follow, max-snippet:-1, max-image-preview:large, max-video-preview:-1\" \/>\n<link rel=\"canonical\" href=\"https:\/\/minestamp2.webpstw.com\/en\/nuestra-historia\/\" \/>\n<meta property=\"og:locale\" content=\"en_US\" \/>\n<meta property=\"og:type\" content=\"article\" \/>\n<meta property=\"og:title\" content=\"Sellos Minestamp - Nuestra historia | Minestamp\" \/>\n<meta property=\"og:description\" content=\"Los sellos Minestamp nacen de la necesidad de todas las familias para identificar las prendas de sus hijos en cualquier situaci\u00f3n. \u00a1Descubre toda la colecci\u00f3n!\" \/>\n<meta property=\"og:url\" content=\"https:\/\/minestamp2.webpstw.com\/en\/nuestra-historia\/\" \/>\n<meta property=\"og:site_name\" content=\"MINESTAMP\" \/>\n<meta property=\"article:modified_time\" content=\"2025-12-01T14:05:55+00:00\" \/>\n<meta name=\"twitter:card\" content=\"summary_large_image\" \/>\n<meta name=\"twitter:label1\" content=\"Est. reading time\" \/>\n\t<meta name=\"twitter:data1\" content=\"4 minutes\" \/>\n<script type=\"application\/ld+json\" class=\"yoast-schema-graph\">{\"@context\":\"https:\\\/\\\/schema.org\",\"@graph\":[{\"@type\":\"WebPage\",\"@id\":\"https:\\\/\\\/minestamp2.webpstw.com\\\/nuestra-historia\\\/\",\"url\":\"https:\\\/\\\/minestamp2.webpstw.com\\\/nuestra-historia\\\/\",\"name\":\"Sellos Minestamp - Nuestra historia | Minestamp\",\"isPartOf\":{\"@id\":\"https:\\\/\\\/minestamp2.webpstw.com\\\/#website\"},\"datePublished\":\"2017-02-09T08:45:13+00:00\",\"dateModified\":\"2025-12-01T14:05:55+00:00\",\"description\":\"Los sellos Minestamp nacen de la necesidad de todas las familias para identificar las prendas de sus hijos en cualquier situaci\u00f3n. \u00a1Descubre toda la colecci\u00f3n!\",\"breadcrumb\":{\"@id\":\"https:\\\/\\\/minestamp2.webpstw.com\\\/nuestra-historia\\\/#breadcrumb\"},\"inLanguage\":\"en-US\",\"potentialAction\":[{\"@type\":\"ReadAction\",\"target\":[\"https:\\\/\\\/minestamp2.webpstw.com\\\/nuestra-historia\\\/\"]}]},{\"@type\":\"BreadcrumbList\",\"@id\":\"https:\\\/\\\/minestamp2.webpstw.com\\\/nuestra-historia\\\/#breadcrumb\",\"itemListElement\":[{\"@type\":\"ListItem\",\"position\":1,\"name\":\"Portada\",\"item\":\"https:\\\/\\\/minestamp2.webpstw.com\\\/\"},{\"@type\":\"ListItem\",\"position\":2,\"name\":\"Nuestra historia\"}]},{\"@type\":\"WebSite\",\"@id\":\"https:\\\/\\\/minestamp2.webpstw.com\\\/#website\",\"url\":\"https:\\\/\\\/minestamp2.webpstw.com\\\/\",\"name\":\"MINESTAMP\",\"description\":\"La marca de sellos m\u00e1s vendida del mundo\",\"potentialAction\":[{\"@type\":\"SearchAction\",\"target\":{\"@type\":\"EntryPoint\",\"urlTemplate\":\"https:\\\/\\\/minestamp2.webpstw.com\\\/?s={search_term_string}\"},\"query-input\":{\"@type\":\"PropertyValueSpecification\",\"valueRequired\":true,\"valueName\":\"search_term_string\"}}],\"inLanguage\":\"en-US\"}]}<\/script>\n<!-- \/ Yoast SEO plugin. -->","yoast_head_json":{"title":"Sellos Minestamp - Nuestra historia | Minestamp","description":"Los sellos Minestamp nacen de la necesidad de todas las familias para identificar las prendas de sus hijos en cualquier situaci\u00f3n. \u00a1Descubre toda la colecci\u00f3n!","robots":{"index":"index","follow":"follow","max-snippet":"max-snippet:-1","max-image-preview":"max-image-preview:large","max-video-preview":"max-video-preview:-1"},"canonical":"https:\/\/minestamp2.webpstw.com\/en\/nuestra-historia\/","og_locale":"en_US","og_type":"article","og_title":"Sellos Minestamp - Nuestra historia | Minestamp","og_description":"Los sellos Minestamp nacen de la necesidad de todas las familias para identificar las prendas de sus hijos en cualquier situaci\u00f3n. \u00a1Descubre toda la colecci\u00f3n!","og_url":"https:\/\/minestamp2.webpstw.com\/en\/nuestra-historia\/","og_site_name":"MINESTAMP","article_modified_time":"2025-12-01T14:05:55+00:00","twitter_card":"summary_large_image","twitter_misc":{"Est. reading time":"4 minutes"},"schema":{"@context":"https:\/\/schema.org","@graph":[{"@type":"WebPage","@id":"https:\/\/minestamp2.webpstw.com\/nuestra-historia\/","url":"https:\/\/minestamp2.webpstw.com\/nuestra-historia\/","name":"Sellos Minestamp - Nuestra historia | Minestamp","isPartOf":{"@id":"https:\/\/minestamp2.webpstw.com\/#website"},"datePublished":"2017-02-09T08:45:13+00:00","dateModified":"2025-12-01T14:05:55+00:00","description":"Los sellos Minestamp nacen de la necesidad de todas las familias para identificar las prendas de sus hijos en cualquier situaci\u00f3n. \u00a1Descubre toda la colecci\u00f3n!","breadcrumb":{"@id":"https:\/\/minestamp2.webpstw.com\/nuestra-historia\/#breadcrumb"},"inLanguage":"en-US","potentialAction":[{"@type":"ReadAction","target":["https:\/\/minestamp2.webpstw.com\/nuestra-historia\/"]}]},{"@type":"BreadcrumbList","@id":"https:\/\/minestamp2.webpstw.com\/nuestra-historia\/#breadcrumb","itemListElement":[{"@type":"ListItem","position":1,"name":"Portada","item":"https:\/\/minestamp2.webpstw.com\/"},{"@type":"ListItem","position":2,"name":"Nuestra historia"}]},{"@type":"WebSite","@id":"https:\/\/minestamp2.webpstw.com\/#website","url":"https:\/\/minestamp2.webpstw.com\/","name":"MINESTAMP","description":"La marca de sellos m\u00e1s vendida del mundo","potentialAction":[{"@type":"SearchAction","target":{"@type":"EntryPoint","urlTemplate":"https:\/\/minestamp2.webpstw.com\/?s={search_term_string}"},"query-input":{"@type":"PropertyValueSpecification","valueRequired":true,"valueName":"search_term_string"}}],"inLanguage":"en-US"}]}},"_links":{"self":[{"href":"https:\/\/minestamp2.webpstw.com\/en\/wp-json\/wp\/v2\/pages\/781","targetHints":{"allow":["GET"]}}],"collection":[{"href":"https:\/\/minestamp2.webpstw.com\/en\/wp-json\/wp\/v2\/pages"}],"about":[{"href":"https:\/\/minestamp2.webpstw.com\/en\/wp-json\/wp\/v2\/types\/page"}],"author":[{"embeddable":true,"href":"https:\/\/minestamp2.webpstw.com\/en\/wp-json\/wp\/v2\/users\/1"}],"replies":[{"embeddable":true,"href":"https:\/\/minestamp2.webpstw.com\/en\/wp-json\/wp\/v2\/comments?post=781"}],"version-history":[{"count":49,"href":"https:\/\/minestamp2.webpstw.com\/en\/wp-json\/wp\/v2\/pages\/781\/revisions"}],"predecessor-version":[{"id":37054,"href":"https:\/\/minestamp2.webpstw.com\/en\/wp-json\/wp\/v2\/pages\/781\/revisions\/37054"}],"wp:attachment":[{"href":"https:\/\/minestamp2.webpstw.com\/en\/wp-json\/wp\/v2\/media?parent=781"}],"curies":[{"name":"wp","href":"https:\/\/api.w.org\/{rel}","templated":true}]}}