{"id":24932,"date":"2020-06-19T09:27:24","date_gmt":"2020-06-19T09:27:24","guid":{"rendered":"https:\/\/minestamp.com\/?page_id=24932"},"modified":"2022-01-13T17:28:22","modified_gmt":"2022-01-13T15:28:22","slug":"condiciones-de-uso","status":"publish","type":"page","link":"https:\/\/minestamp2.webpstw.com\/en\/condiciones-de-uso\/","title":{"rendered":"Terms of use"},"content":{"rendered":"<div class=\"wpb-content-wrapper\"><div class=\"vc_row wpb_row vc_row-fluid\"><div class=\"wpb_column vc_column_container vc_col-sm-12\"><div class=\"vc_column-inner\"><div class=\"wpb_wrapper\">\n\t<div class=\"wpb_text_column wpb_content_element\" >\n\t\t<div class=\"wpb_wrapper\">\n\t\t\t<h1><span style=\"color: #84cfef;\">CONDICIONES DE USO<br \/>\n<\/span><\/h1>\n\n\t\t<\/div>\n\t<\/div>\n<\/div><\/div><\/div><\/div><div class=\"vc_row wpb_row vc_row-fluid\"><div class=\"wpb_column vc_column_container vc_col-sm-12\"><div class=\"vc_column-inner\"><div class=\"wpb_wrapper\"><div class=\"vc_separator wpb_content_element vc_separator_align_left vc_sep_width_100 vc_sep_pos_align_center vc_sep_color_grey vc_separator-has-text\" ><span class=\"vc_sep_holder vc_sep_holder_l\"><span class=\"vc_sep_line\"><\/span><\/span><h4><strong>DATOS DEL PROPIETARIO<\/strong><\/h4><span class=\"vc_sep_holder vc_sep_holder_r\"><span class=\"vc_sep_line\"><\/span><\/span>\n<\/div>\n\t<div class=\"wpb_text_column wpb_content_element\" >\n\t\t<div class=\"wpb_wrapper\">\n\t\t\t<p>Conforme a lo establecido en la ley de Servicios de la Sociedad de la Informaci\u00f3n (LSSI), se informa a los usuarios de www.minestamp.com que estos son los datos del propietario de este sitio web:<\/p>\n<ul>\n<li>Nombre:\u00a0<strong>Minestamp (Sellos Mine, S.L.)<\/strong><\/li>\n<li>Direcci\u00f3n: <strong>C\/ Mandri 58 Pral 1\u00ba, 08022, ES<\/strong><\/li>\n<li>CIF: <strong>B65194946<\/strong><\/li>\n<li>Tel\u00e9fono de contacto: <strong>+34 93 506 75 06<\/strong><\/li>\n<li>Fax: <strong>+34 93 506 75 07<\/strong><\/li>\n<li>E-mail de contacto: <strong><a href=\"mailto:info@minestamp.com\"><span style=\"color: #84cfef;\">contacto@minestamp.com<\/span><\/a><\/strong><\/li>\n<\/ul>\n\n\t\t<\/div>\n\t<\/div>\n<\/div><\/div><\/div><\/div><div class=\"vc_row wpb_row vc_row-fluid\"><div class=\"wpb_column vc_column_container vc_col-sm-12\"><div class=\"vc_column-inner\"><div class=\"wpb_wrapper\"><div class=\"vc_separator wpb_content_element vc_separator_align_left vc_sep_width_100 vc_sep_pos_align_center vc_sep_color_grey vc_separator-has-text\" ><span class=\"vc_sep_holder vc_sep_holder_l\"><span class=\"vc_sep_line\"><\/span><\/span><h4><strong>CONDICIONES GENERALES DE VENTA<\/strong><\/h4><span class=\"vc_sep_holder vc_sep_holder_r\"><span class=\"vc_sep_line\"><\/span><\/span>\n<\/div>\n\t<div class=\"wpb_text_column wpb_content_element\" >\n\t\t<div class=\"wpb_wrapper\">\n\t\t\t<ul>\n<li>Todo pedido de un Producto ofrecido a la venta en la Web www.minestamp.com, supone la consulta y la aceptaci\u00f3n expresa de las presentes condiciones generales de venta, sin que por ello, esta aceptaci\u00f3n est\u00e9 condicionada por la firma manuscrita por parte del Usuario.<\/li>\n<li>De conformidad con lo dispuesto en la Ley 59\/2003 de 19 de diciembre sobre la firma electr\u00f3nica, se recuerda que la validaci\u00f3n de un albar\u00e1n de pedido tal y como se precisa en el art 4.3 que figura a continuaci\u00f3n descrito, en estas condiciones, constituye una firma electr\u00f3nica, que tiene entre las Partes el mismo valor que una firma manuscrita.<\/li>\n<li>El Usuario que quisiera comprar en la Web, declara ser mayor de 18 a\u00f1os. Los menores de edad deben obtener previamente permiso de sus padres, tutores o representantes legales, quienes ser\u00e1n considerados responsables de todos los actos realizados por menores a su cargo.<\/li>\n<li>El Usuario puede conservar o imprimir estas condiciones de venta siempre que no las modifique.<\/li>\n<li>Las presentes condiciones generales de venta ser\u00e1n v\u00e1lidas a contar desde el 1 de diciembre de 2009.<\/li>\n<li>Sellos Mine S.L., con el fin de mejorar los servicios y productos ofrecidos en su web, se reserva el derecho de modificar en cualquier momento las presentes Condiciones Generales y espec\u00edficas de venta, sin previo aviso. Mediante la modificaci\u00f3n de las Condiciones Generales expuestas en la p\u00e1gina web de Sellos Mine S.L., se entender\u00e1 como cumplido el deber de notificaci\u00f3n a los usuarios con antelaci\u00f3n suficiente, no obstante, se entiende que tales modificaciones no se aplicar\u00e1n a las reservas pedidos previamente aceptados y confirmados por el Comprador.<\/li>\n<li>Las presentes condiciones se aplican con exclusi\u00f3n de cualquier otro documento.<\/li>\n<\/ul>\n\n\t\t<\/div>\n\t<\/div>\n<\/div><\/div><\/div><\/div><div class=\"vc_row wpb_row vc_row-fluid\"><div class=\"wpb_column vc_column_container vc_col-sm-12\"><div class=\"vc_column-inner\"><div class=\"wpb_wrapper\"><div class=\"vc_separator wpb_content_element vc_separator_align_left vc_sep_width_100 vc_sep_pos_align_center vc_sep_color_grey vc_separator-has-text\" ><span class=\"vc_sep_holder vc_sep_holder_l\"><span class=\"vc_sep_line\"><\/span><\/span><h4><strong>CARACTER\u00cdSTICAS DE LOS PRODUCTOS ESPECIFICADAS EN EL SITIO WEB<\/strong><\/h4><span class=\"vc_sep_holder vc_sep_holder_r\"><span class=\"vc_sep_line\"><\/span><\/span>\n<\/div>\n\t<div class=\"wpb_text_column wpb_content_element\" >\n\t\t<div class=\"wpb_wrapper\">\n\t\t\t<p>Sellos Mine S.L., publica en el sitio web los datos t\u00e9cnicos proporcionados por los fabricantes de dichos productos, no obstante dependiendo de factores externos a los productos, tales como, temperatura, humedad ambiental o grado de dureza del agua, estos resultados pueden verse alterados en mayor o menor grado.<\/p>\n\n\t\t<\/div>\n\t<\/div>\n<\/div><\/div><\/div><\/div><div class=\"vc_row wpb_row vc_row-fluid\"><div class=\"wpb_column vc_column_container vc_col-sm-12\"><div class=\"vc_column-inner\"><div class=\"wpb_wrapper\"><div class=\"vc_separator wpb_content_element vc_separator_align_left vc_sep_width_100 vc_sep_pos_align_center vc_sep_color_grey vc_separator-has-text\" ><span class=\"vc_sep_holder vc_sep_holder_l\"><span class=\"vc_sep_line\"><\/span><\/span><h4><strong>PRODUCTOS COMERCIALIZADOS EN EL SITIO WEB<\/strong><\/h4><span class=\"vc_sep_holder vc_sep_holder_r\"><span class=\"vc_sep_line\"><\/span><\/span>\n<\/div>\n\t<div class=\"wpb_text_column wpb_content_element\" >\n\t\t<div class=\"wpb_wrapper\">\n\t\t\t<ul>\n<li>Todas las ofertas de Productos propuestas en la Web est\u00e1n limitadas a el territorio Peninsular Espa\u00f1ol e Islas Baleares.<\/li>\n<li>Las ofertas promoci\u00f3nales son v\u00e1lidas en las fechas que se indiquen en la web y en funci\u00f3n de las existencias disponibles, de las que se informar\u00e1 para cada promoci\u00f3n.<\/li>\n<li>En caso de que no se encuentre disponible uno o varios Productos tras haber realizado la validaci\u00f3n del pedido, Vd. ser\u00e1 informado por e-mail. El importe de su pedido ser\u00e1 recalculado y se cargar\u00e1 a su cuenta el nuevo importe, disminuido en la cantidad correspondiente a la deducci\u00f3n del \/ los Producto(s) faltantes. Si la totalidad de su pedido no estuviese disponible, se le informar\u00e1 por e-mail y no se efectuar\u00e1 ning\u00fan cargo en su cuenta, quedando anulada la venta.<\/li>\n<li>Conforme al art. 40 de la Ley 47\/ 2002 de reforma de la Ley 7\/1996 de Ordenaci\u00f3n al Comercio Minorista de 15 de enero, y la Ley 34\/2002 de 11 de julio de servicios de la sociedad de la informaci\u00f3n y de comercio electr\u00f3nico, el comprador antes de realizar su pedido tiene derecho a conocer las caracter\u00edsticas esenciales del o de los productos que desea comprar.<\/li>\n<li>Las fotograf\u00edas, grafismos y las descripciones de los Productos a la venta, no tienen car\u00e1cter contractual, siendo \u00fanicamente ilustrativos, y no comprometen la responsabilidad del vendedor, que hace todo lo posible para garantizar que los colores que muestran los Productos en las fotos expuestas en la Web sean fieles a los Productos originales, pueden darse variaciones debidas sobre todo, a las limitaciones t\u00e9cnicas de las posibilidades de color de un equipo inform\u00e1tico.<\/li>\n<\/ul>\n\n\t\t<\/div>\n\t<\/div>\n<\/div><\/div><\/div><\/div><div class=\"vc_row wpb_row vc_row-fluid\"><div class=\"wpb_column vc_column_container vc_col-sm-12\"><div class=\"vc_column-inner\"><div class=\"wpb_wrapper\"><div class=\"vc_separator wpb_content_element vc_separator_align_left vc_sep_width_100 vc_sep_pos_align_center vc_sep_color_grey vc_separator-has-text\" ><span class=\"vc_sep_holder vc_sep_holder_l\"><span class=\"vc_sep_line\"><\/span><\/span><h4><strong>PRECIOS DE LOS PRODUCTOS EN VENTA EN EL SITIO WEB<\/strong><\/h4><span class=\"vc_sep_holder vc_sep_holder_r\"><span class=\"vc_sep_line\"><\/span><\/span>\n<\/div>\n\t<div class=\"wpb_text_column wpb_content_element\" >\n\t\t<div class=\"wpb_wrapper\">\n\t\t\t<p>Los precios que figuran en esta Web se indican en Euros e incluyen el impuesto sobre el valor a\u00f1adido I.V.A., aplicable en el momento del pedido, cualquier cambio de dicho impuesto repercutir\u00e1 en el precio de los Productos vendidos por Sellos Mine S.L.en su p\u00e1gina Web. Los precios son susceptibles de variaci\u00f3n durante el a\u00f1o, quedando claro que los Productos pedidos se facturar\u00e1n a los precios en vigor en el momento de la realizaci\u00f3n del pedido.<\/p>\n<p>Los precios no incluyen los gastos de env\u00edo.<\/p>\n\n\t\t<\/div>\n\t<\/div>\n<\/div><\/div><\/div><\/div><div class=\"vc_row wpb_row vc_row-fluid\"><div class=\"wpb_column vc_column_container vc_col-sm-12\"><div class=\"vc_column-inner\"><div class=\"wpb_wrapper\"><div class=\"vc_separator wpb_content_element vc_separator_align_left vc_sep_width_100 vc_sep_pos_align_center vc_sep_color_grey vc_separator-has-text\" ><span class=\"vc_sep_holder vc_sep_holder_l\"><span class=\"vc_sep_line\"><\/span><\/span><h4><strong>PEDIDOS<\/strong><\/h4><span class=\"vc_sep_holder vc_sep_holder_r\"><span class=\"vc_sep_line\"><\/span><\/span>\n<\/div>\n\t<div class=\"wpb_text_column wpb_content_element\" >\n\t\t<div class=\"wpb_wrapper\">\n\t\t\t<ul>\n<li>Todo pedido supone la adhesi\u00f3n sin restricci\u00f3n ni reservas a las presentes condiciones generales de venta.<\/li>\n<li>Cada pedido est\u00e1 limitado a la cantidad de 3 unidades de un mismo producto por pedido.<\/li>\n<li>Una vez que se confirma el pedido al hacer clic en el bot\u00f3n \u201cFinalizar el pedido\u201d, el Comprador declara aceptar el pedido como las presentes condiciones generales de venta. Desde ese momento, se puede imprimir el albar\u00e1n de pedido como comprobante de compra.<\/li>\n<li>En cuanto se registra el pedido, el Comprador recibe un mail de confirmaci\u00f3n de pedido detallado a la direcci\u00f3n de e-mail que ha indicado. En este mail de confirmaci\u00f3n de pedido se precisar\u00e1 el importe exacto facturado.<\/li>\n<li>El Comprador acepta que los sistemas de registro de pedido de www.minestamp.com constituyan prueba de la naturaleza de la transacci\u00f3n y de su fecha.<\/li>\n<li>Sellos Mine S.L. se reserva el derecho de anular cualquier pedido de un cliente con el que existiese un litigo relacionado con el pago de un pedido anterior, o por cualquier otro motivo leg\u00edtimo relacionado principalmente, con el car\u00e1cter anormal del pedido.<\/li>\n<li>Con la compra en Minestamp tambi\u00e9n aceptas que te incluyamos en la lista de nuestro bolet\u00edn, en el cual te podr\u00e1s darte de baja en momento.<\/li>\n<\/ul>\n\n\t\t<\/div>\n\t<\/div>\n<\/div><\/div><\/div><\/div><div class=\"vc_row wpb_row vc_row-fluid\"><div class=\"wpb_column vc_column_container vc_col-sm-12\"><div class=\"vc_column-inner\"><div class=\"wpb_wrapper\"><div class=\"vc_separator wpb_content_element vc_separator_align_left vc_sep_width_100 vc_sep_pos_align_center vc_sep_color_grey vc_separator-has-text\" ><span class=\"vc_sep_holder vc_sep_holder_l\"><span class=\"vc_sep_line\"><\/span><\/span><h4><strong>PAGOS<\/strong><\/h4><span class=\"vc_sep_holder vc_sep_holder_r\"><span class=\"vc_sep_line\"><\/span><\/span>\n<\/div>\n\t<div class=\"wpb_text_column wpb_content_element\" >\n\t\t<div class=\"wpb_wrapper\">\n\t\t\t<ul>\n<li>Todos los pedidos son pagaderos en euros.<\/li>\n<li>Para efectuar el pago de su pedido, el Comprador podr\u00e1 realizarlo tanto por tarjeta bancaria de cr\u00e9dito como tarjeta de d\u00e9bito, como por Pay Pal o transferencia bancaria. Las tarjetas bancarias aceptadas en la Web son las siguientes: Visa, Master Card.<\/li>\n<li>El Comprador garantiza a Sellos Mine S.L. que dispone de las autorizaciones que pudieran ser necesarias para utilizar el modo de pago que haya elegido en el momento de formalizar el pedido.<\/li>\n<li>Sellos Mine S.L. se reserva el derecho de suspender o anular cualquier pedido y\/o entrega de cualquier naturaleza y en cualquier etapa del env\u00edo, en caso de impago del importe total cualquier suma que sea debida por el Comprador.<\/li>\n<li>La entrega de un nuevo pedido podr\u00e1 ser suspendida en caso de retraso en el pago de un pedido anterior y ello a pesar de las presentes disposiciones.<\/li>\n<li>Sellos Mine S.L., con el fin de garantizar la mayor seguridad de sus clientes, se reserva el derecho de solicitar si lo considerara necesario y previo a la entrega del pedido, una fotocopia del carn\u00e9 de identidad del Comprador para todo pago con tarjeta bancaria. Para los importes superiores a 300 euros impuestos incluidos, Sellos Mine S.L. se reserva el derecho de pedir una fotocopia compulsada del carn\u00e9 de identidad.<\/li>\n<li>Con el objeto de evitar cualquier fraude en Internet, los datos que usted nos facilite al realizar su pedido podr\u00e1n ser cedidos a un tercero para ser verificados, terceros cuya actividad social permita dicha verificaci\u00f3n.<\/li>\n<li>Como sistema de pago electr\u00f3nico Sellos Mine tiene instalada una pasarela de pago de comercio electr\u00f3nico: Cyberpac de La Caixa, todos los datos proporcionados a estos efectos son encriptados para garantizar la m\u00e1xima seguridad y confidencialidad de los mismos, se alojan en un servidor seguro certificado seg\u00fan el protocolo SSL. ( Secure Socket Layer) y sigue los est\u00e1ndares 3DSecure de Visa y MasterCard.<\/li>\n<li>En cada operaci\u00f3n se solicita la autenticaci\u00f3n del titular a la entidad emisora de la tarjeta.<\/li>\n<li>Con el fin de asegurar la seguridad en el pago con tarjeta bancaria, el cliente tendr\u00e1 la obligaci\u00f3n de transmitir a Cyberpac el criptograma visual (CVV) de su tarjeta bancaria. ( c\u00f3digo de seguridad).<\/li>\n<\/ul>\n\n\t\t<\/div>\n\t<\/div>\n<\/div><\/div><\/div><\/div><div class=\"vc_row wpb_row vc_row-fluid\"><div class=\"wpb_column vc_column_container vc_col-sm-12\"><div class=\"vc_column-inner\"><div class=\"wpb_wrapper\"><div class=\"vc_separator wpb_content_element vc_separator_align_left vc_sep_width_100 vc_sep_pos_align_center vc_sep_color_grey vc_separator-has-text\" ><span class=\"vc_sep_holder vc_sep_holder_l\"><span class=\"vc_sep_line\"><\/span><\/span><h4><strong>RESERVA DE PROPIEDAD<\/strong><\/h4><span class=\"vc_sep_holder vc_sep_holder_r\"><span class=\"vc_sep_line\"><\/span><\/span>\n<\/div>\n\t<div class=\"wpb_text_column wpb_content_element\" >\n\t\t<div class=\"wpb_wrapper\">\n\t\t\t<p>Sellos Mine S.L. ser\u00e1 el \u00fanico propietario de los productos vendidos hasta que no se realice el cobro total del precio, gastos e impuestos incluidos.<\/p>\n\n\t\t<\/div>\n\t<\/div>\n<\/div><\/div><\/div><\/div><div class=\"vc_row wpb_row vc_row-fluid\"><div class=\"wpb_column vc_column_container vc_col-sm-12\"><div class=\"vc_column-inner\"><div class=\"wpb_wrapper\"><div class=\"vc_separator wpb_content_element vc_separator_align_left vc_sep_width_100 vc_sep_pos_align_center vc_sep_color_grey vc_separator-has-text\" ><span class=\"vc_sep_holder vc_sep_holder_l\"><span class=\"vc_sep_line\"><\/span><\/span><h4><strong>RESPONSABILIDAD<\/strong><\/h4><span class=\"vc_sep_holder vc_sep_holder_r\"><span class=\"vc_sep_line\"><\/span><\/span>\n<\/div>\n\t<div class=\"wpb_text_column wpb_content_element\" >\n\t\t<div class=\"wpb_wrapper\">\n\t\t\t<ul>\n<li>Sellos Mine S.L. no ser\u00e1 responsable del incumplimiento total o parcial de sus obligaciones en la ejecuci\u00f3n del presente contrato en caso de que se agoten las existencias o indisponibilidad de Producto como consecuencia de un hecho de fuerza mayor de huelga total o parcial principalmente en los servicios de mensajer\u00eda , medios de transporte y\/ o comunicaci\u00f3n.<\/li>\n<li>Sellos Mine S.L. no ser\u00e1 responsable de los da\u00f1os indirectos que pudiesen sobrevenir como consecuencia de la compra de los Productos.<\/li>\n<li>Sellos Mine S.L. no ser\u00e1 responsable de cualquier p\u00e9rdida de datos, ficheros por parte del Comprador que deber\u00e1 guardar los datos con todas las precauciones necesarias.<\/li>\n<li>Sellos Mine S.L. declina cualquier responsabilidad:\n<ul>\n<li>por cualquier interrupci\u00f3n de la Web<\/li>\n<li>por cualquier anomal\u00eda de funcionamiento de los programas.<\/li>\n<li>por cualquier inexactitud u omisi\u00f3n de las informaciones disponibles en esta Web.<\/li>\n<li>Por cualquier da\u00f1o como resultado de una intrusi\u00f3n fraudulenta de un tercero que haya causado una modificaci\u00f3n de la informaci\u00f3n puesta a disposici\u00f3n en la Web.<\/li>\n<li>Y, en general de cualquier da\u00f1o directo o indirecto, cualesquiera que sean las causas, origen naturaleza o consecuencias, incluidos, en particular los costes que puedan derivarse de la adquisici\u00f3n de bienes ofertados en la Web, las p\u00e9rdidas de beneficios, de clientela, de datos o cualquier otra p\u00e9rdida de bienes inmateriales que pudiera sobrevenir como consecuencia del acceso de una persona a la Web o de la imposibilidad de acceder a la Web o del cr\u00e9dito que se de a una informaci\u00f3n que proviene directa o indirectamente de esta \u00faltima.<\/li>\n<\/ul>\n<\/li>\n<\/ul>\n\n\t\t<\/div>\n\t<\/div>\n<\/div><\/div><\/div><\/div>\n<\/div>","protected":false},"excerpt":{"rendered":"CONDICIONES DE USO DATOS DEL PROPIETARIO Conforme a lo establecido en la ley de Servicios de la Sociedad de la","protected":false},"author":4,"featured_media":0,"parent":0,"menu_order":0,"comment_status":"closed","ping_status":"closed","template":"","meta":{"rs_blank_template":"","rs_page_bg_color":"#ffffff","slide_template_v7":"","footnotes":""},"class_list":["post-24932","page","type-page","status-publish","hentry"],"yoast_head":"<!-- This site is optimized with the Yoast SEO plugin v27.3 - https:\/\/yoast.com\/product\/yoast-seo-wordpress\/ -->\n<title>Condiciones de uso - MINESTAMP<\/title>\n<meta name=\"robots\" content=\"index, follow, max-snippet:-1, max-image-preview:large, max-video-preview:-1\" \/>\n<link rel=\"canonical\" href=\"https:\/\/minestamp2.webpstw.com\/en\/condiciones-de-uso\/\" \/>\n<meta property=\"og:locale\" content=\"en_US\" \/>\n<meta property=\"og:type\" content=\"article\" \/>\n<meta property=\"og:title\" content=\"Condiciones de uso - MINESTAMP\" \/>\n<meta property=\"og:url\" content=\"https:\/\/minestamp2.webpstw.com\/en\/condiciones-de-uso\/\" \/>\n<meta property=\"og:site_name\" content=\"MINESTAMP\" \/>\n<meta property=\"article:modified_time\" content=\"2022-01-13T15:28:22+00:00\" \/>\n<meta name=\"twitter:card\" content=\"summary_large_image\" \/>\n<meta name=\"twitter:label1\" content=\"Est. reading time\" \/>\n\t<meta name=\"twitter:data1\" content=\"8 minutes\" \/>\n<script type=\"application\/ld+json\" class=\"yoast-schema-graph\">{\"@context\":\"https:\\\/\\\/schema.org\",\"@graph\":[{\"@type\":\"WebPage\",\"@id\":\"https:\\\/\\\/minestamp2.webpstw.com\\\/condiciones-de-uso\\\/\",\"url\":\"https:\\\/\\\/minestamp2.webpstw.com\\\/condiciones-de-uso\\\/\",\"name\":\"Condiciones de uso - MINESTAMP\",\"isPartOf\":{\"@id\":\"https:\\\/\\\/minestamp2.webpstw.com\\\/#website\"},\"datePublished\":\"2020-06-19T09:27:24+00:00\",\"dateModified\":\"2022-01-13T15:28:22+00:00\",\"breadcrumb\":{\"@id\":\"https:\\\/\\\/minestamp2.webpstw.com\\\/condiciones-de-uso\\\/#breadcrumb\"},\"inLanguage\":\"en-US\",\"potentialAction\":[{\"@type\":\"ReadAction\",\"target\":[\"https:\\\/\\\/minestamp2.webpstw.com\\\/condiciones-de-uso\\\/\"]}]},{\"@type\":\"BreadcrumbList\",\"@id\":\"https:\\\/\\\/minestamp2.webpstw.com\\\/condiciones-de-uso\\\/#breadcrumb\",\"itemListElement\":[{\"@type\":\"ListItem\",\"position\":1,\"name\":\"Portada\",\"item\":\"https:\\\/\\\/minestamp2.webpstw.com\\\/\"},{\"@type\":\"ListItem\",\"position\":2,\"name\":\"Condiciones de uso\"}]},{\"@type\":\"WebSite\",\"@id\":\"https:\\\/\\\/minestamp2.webpstw.com\\\/#website\",\"url\":\"https:\\\/\\\/minestamp2.webpstw.com\\\/\",\"name\":\"MINESTAMP\",\"description\":\"La marca de sellos m\u00e1s vendida del mundo\",\"potentialAction\":[{\"@type\":\"SearchAction\",\"target\":{\"@type\":\"EntryPoint\",\"urlTemplate\":\"https:\\\/\\\/minestamp2.webpstw.com\\\/?s={search_term_string}\"},\"query-input\":{\"@type\":\"PropertyValueSpecification\",\"valueRequired\":true,\"valueName\":\"search_term_string\"}}],\"inLanguage\":\"en-US\"}]}<\/script>\n<!-- \/ Yoast SEO plugin. -->","yoast_head_json":{"title":"Condiciones de uso - MINESTAMP","robots":{"index":"index","follow":"follow","max-snippet":"max-snippet:-1","max-image-preview":"max-image-preview:large","max-video-preview":"max-video-preview:-1"},"canonical":"https:\/\/minestamp2.webpstw.com\/en\/condiciones-de-uso\/","og_locale":"en_US","og_type":"article","og_title":"Condiciones de uso - MINESTAMP","og_url":"https:\/\/minestamp2.webpstw.com\/en\/condiciones-de-uso\/","og_site_name":"MINESTAMP","article_modified_time":"2022-01-13T15:28:22+00:00","twitter_card":"summary_large_image","twitter_misc":{"Est. reading time":"8 minutes"},"schema":{"@context":"https:\/\/schema.org","@graph":[{"@type":"WebPage","@id":"https:\/\/minestamp2.webpstw.com\/condiciones-de-uso\/","url":"https:\/\/minestamp2.webpstw.com\/condiciones-de-uso\/","name":"Condiciones de uso - MINESTAMP","isPartOf":{"@id":"https:\/\/minestamp2.webpstw.com\/#website"},"datePublished":"2020-06-19T09:27:24+00:00","dateModified":"2022-01-13T15:28:22+00:00","breadcrumb":{"@id":"https:\/\/minestamp2.webpstw.com\/condiciones-de-uso\/#breadcrumb"},"inLanguage":"en-US","potentialAction":[{"@type":"ReadAction","target":["https:\/\/minestamp2.webpstw.com\/condiciones-de-uso\/"]}]},{"@type":"BreadcrumbList","@id":"https:\/\/minestamp2.webpstw.com\/condiciones-de-uso\/#breadcrumb","itemListElement":[{"@type":"ListItem","position":1,"name":"Portada","item":"https:\/\/minestamp2.webpstw.com\/"},{"@type":"ListItem","position":2,"name":"Condiciones de uso"}]},{"@type":"WebSite","@id":"https:\/\/minestamp2.webpstw.com\/#website","url":"https:\/\/minestamp2.webpstw.com\/","name":"MINESTAMP","description":"La marca de sellos m\u00e1s vendida del mundo","potentialAction":[{"@type":"SearchAction","target":{"@type":"EntryPoint","urlTemplate":"https:\/\/minestamp2.webpstw.com\/?s={search_term_string}"},"query-input":{"@type":"PropertyValueSpecification","valueRequired":true,"valueName":"search_term_string"}}],"inLanguage":"en-US"}]}},"_links":{"self":[{"href":"https:\/\/minestamp2.webpstw.com\/en\/wp-json\/wp\/v2\/pages\/24932","targetHints":{"allow":["GET"]}}],"collection":[{"href":"https:\/\/minestamp2.webpstw.com\/en\/wp-json\/wp\/v2\/pages"}],"about":[{"href":"https:\/\/minestamp2.webpstw.com\/en\/wp-json\/wp\/v2\/types\/page"}],"author":[{"embeddable":true,"href":"https:\/\/minestamp2.webpstw.com\/en\/wp-json\/wp\/v2\/users\/4"}],"replies":[{"embeddable":true,"href":"https:\/\/minestamp2.webpstw.com\/en\/wp-json\/wp\/v2\/comments?post=24932"}],"version-history":[{"count":16,"href":"https:\/\/minestamp2.webpstw.com\/en\/wp-json\/wp\/v2\/pages\/24932\/revisions"}],"predecessor-version":[{"id":32843,"href":"https:\/\/minestamp2.webpstw.com\/en\/wp-json\/wp\/v2\/pages\/24932\/revisions\/32843"}],"wp:attachment":[{"href":"https:\/\/minestamp2.webpstw.com\/en\/wp-json\/wp\/v2\/media?parent=24932"}],"curies":[{"name":"wp","href":"https:\/\/api.w.org\/{rel}","templated":true}]}}