{"id":24924,"date":"2020-06-18T17:07:07","date_gmt":"2020-06-18T17:07:07","guid":{"rendered":"https:\/\/minestamp.com\/?page_id=24924"},"modified":"2020-06-19T10:26:42","modified_gmt":"2020-06-19T10:26:42","slug":"devoluciones","status":"publish","type":"page","link":"https:\/\/minestamp2.webpstw.com\/en\/devoluciones\/","title":{"rendered":"Returns"},"content":{"rendered":"<div class=\"wpb-content-wrapper\"><div class=\"vc_row wpb_row vc_row-fluid\"><div class=\"wpb_column vc_column_container vc_col-sm-12\"><div class=\"vc_column-inner\"><div class=\"wpb_wrapper\">\n\t<div class=\"wpb_text_column wpb_content_element\" >\n\t\t<div class=\"wpb_wrapper\">\n\t\t\t<h1><span style=\"color: #84cfef;\">DEVOLUCIONES<br \/>\n<\/span><\/h1>\n\n\t\t<\/div>\n\t<\/div>\n<\/div><\/div><\/div><\/div><div class=\"vc_row wpb_row vc_row-fluid\"><div class=\"wpb_column vc_column_container vc_col-sm-12\"><div class=\"vc_column-inner\"><div class=\"wpb_wrapper\"><div class=\"vc_separator wpb_content_element vc_separator_align_left vc_sep_width_100 vc_sep_pos_align_center vc_sep_color_grey vc_separator-has-text\" ><span class=\"vc_sep_holder vc_sep_holder_l\"><span class=\"vc_sep_line\"><\/span><\/span><h4><strong>DEVOLUCION Y REEMBOLSO DE LOS PEDIDOS<\/strong><\/h4><span class=\"vc_sep_holder vc_sep_holder_r\"><span class=\"vc_sep_line\"><\/span><\/span>\n<\/div>\n\t<div class=\"wpb_text_column wpb_content_element\" >\n\t\t<div class=\"wpb_wrapper\">\n\t\t\t<p>Los Productos podr\u00e1n ser devueltos por el Comprador en las condiciones que se detallan a continuaci\u00f3n y siguiendo las instrucciones siguientes:<\/p>\n<ul>\n<li>Los Productos deben ser obligatoriamente devueltos a Sellos Mine S.L. en perfecto estado para su comercializaci\u00f3n, en su estado original ( de embalaje, accesorios, folletos..) debidamente precintados y acompa\u00f1ados del albar\u00e1n de devoluci\u00f3n firmado.<\/li>\n<li>Sellos Mine S.L. acepta la devoluci\u00f3n de cualquier art\u00edculo comprado en su Web, si se produce su devoluci\u00f3n en los 7 d\u00edas h\u00e1biles, siguientes a la recepci\u00f3n del pedido por el Comprador. El reembolso se efectuar\u00e1 en los 15 d\u00edas siguientes a la recepci\u00f3n del paquete devuelto, y a m\u00e1s tardar por incidencias, en un m\u00e1ximo 30 d\u00edas.<\/li>\n<li>En principio los gastos de env\u00edo del paquete de devoluci\u00f3n corren a cargo del Comprador. En el caso de un producto defectuoso o de un error en las referencias entregadas, Sellos Mine S.L. se har\u00e1 cargo de los gastos de devoluci\u00f3n a la mayor brevedad posible.<\/li>\n<li>Sellos Mine S.L. no acepta ning\u00fan paquete a portes debidos<\/li>\n<\/ul>\n<p>Para devolver un art\u00edculo, el Comprador debe seguir las siguientes instrucciones:<\/p>\n<ul>\n<li>Enviar un email a info@minestamp.com solicitando autorizaci\u00f3n para dicha devoluci\u00f3n.<\/li>\n<li>Utilizar el embalaje original para devolver el producto.<\/li>\n<li>Una vez recibida la autorizaci\u00f3n por parte de Sellos Mine S.L., enviar el paquete a la siguiente direcci\u00f3n: Sellos Mine S.L. c\/ Mandri 58 Pral.1\u00aa 08022 Barcelona<\/li>\n<li>Cualquier riesgo relacionado con la devoluci\u00f3n del Producto ser\u00e1 asumido por el Comprador.<\/li>\n<\/ul>\n<p>En caso de no cumplir el Comprador con el procedimiento de devoluci\u00f3n y los plazos indicados anteriormente, el Comprador no tendr\u00e1 derecho a formular ninguna reclamaci\u00f3n por disconformidad o vicio aparente de los Productos recibidos, en ese caso los Productos se reputan conformes y exentos de cualquier vicio.<\/p>\n\n\t\t<\/div>\n\t<\/div>\n<\/div><\/div><\/div><\/div><div class=\"vc_row wpb_row vc_row-fluid\"><div class=\"wpb_column vc_column_container vc_col-sm-12\"><div class=\"vc_column-inner\"><div class=\"wpb_wrapper\"><div class=\"vc_separator wpb_content_element vc_separator_align_left vc_sep_width_100 vc_sep_pos_align_center vc_sep_color_grey vc_separator-has-text\" ><span class=\"vc_sep_holder vc_sep_holder_l\"><span class=\"vc_sep_line\"><\/span><\/span><h4><strong>DERECHO DE DESISTIMIENTO<\/strong><\/h4><span class=\"vc_sep_holder vc_sep_holder_r\"><span class=\"vc_sep_line\"><\/span><\/span>\n<\/div>\n\t<div class=\"wpb_text_column wpb_content_element\" >\n\t\t<div class=\"wpb_wrapper\">\n\t\t\t<ul>\n<li>De acuerdo con la Ley de Ordenaci\u00f3n del Comercio Minorista, el Comprador dispone de un plazo de 7 d\u00edas h\u00e1biles a partir de la fecha de la recepci\u00f3n, para devolver los Productos comprados asumiendo los gastos de env\u00edo para su reembolso.<\/li>\n<li>Los Productos deben obligatoriamente devolverse a Sellos Mine S.L. en un perfecto estado para su comercializaci\u00f3n y en su estado de origen (embalaje, accesorios, folletos..) con la autorizaci\u00f3n de devoluci\u00f3n firmado seg\u00fan el procedimiento descrito en el art\u00edculo 7, mencionado anteriormente.<\/li>\n<li>Si se cumple con todas estas formalidades, el reembolso se efectuar\u00e1 en los 15 d\u00edas siguientes a la recepci\u00f3n del paquete devuelto.<\/li>\n<li>Sellos Mine S.L. no acepta ning\u00fan paquete a portes debidos.<\/li>\n<\/ul>\n\n\t\t<\/div>\n\t<\/div>\n<\/div><\/div><\/div><\/div>\n<\/div>","protected":false},"excerpt":{"rendered":"DEVOLUCIONES DEVOLUCION Y REEMBOLSO DE LOS PEDIDOS Los Productos podr\u00e1n ser devueltos por el Comprador en las condiciones que se","protected":false},"author":4,"featured_media":0,"parent":0,"menu_order":0,"comment_status":"closed","ping_status":"closed","template":"","meta":{"rs_blank_template":"","rs_page_bg_color":"#ffffff","slide_template_v7":"","footnotes":""},"class_list":["post-24924","page","type-page","status-publish","hentry"],"yoast_head":"<!-- This site is optimized with the Yoast SEO plugin v27.3 - https:\/\/yoast.com\/product\/yoast-seo-wordpress\/ -->\n<title>Devoluciones - MINESTAMP<\/title>\n<meta name=\"robots\" content=\"index, follow, max-snippet:-1, max-image-preview:large, max-video-preview:-1\" \/>\n<link rel=\"canonical\" href=\"https:\/\/minestamp2.webpstw.com\/en\/devoluciones\/\" \/>\n<meta property=\"og:locale\" content=\"en_US\" \/>\n<meta property=\"og:type\" content=\"article\" \/>\n<meta property=\"og:title\" content=\"Devoluciones - MINESTAMP\" \/>\n<meta property=\"og:url\" content=\"https:\/\/minestamp2.webpstw.com\/en\/devoluciones\/\" \/>\n<meta property=\"og:site_name\" content=\"MINESTAMP\" \/>\n<meta property=\"article:modified_time\" content=\"2020-06-19T10:26:42+00:00\" \/>\n<meta name=\"twitter:card\" content=\"summary_large_image\" \/>\n<meta name=\"twitter:label1\" content=\"Est. reading time\" \/>\n\t<meta name=\"twitter:data1\" content=\"3 minutes\" \/>\n<script type=\"application\/ld+json\" class=\"yoast-schema-graph\">{\"@context\":\"https:\\\/\\\/schema.org\",\"@graph\":[{\"@type\":\"WebPage\",\"@id\":\"https:\\\/\\\/minestamp2.webpstw.com\\\/en\\\/devoluciones\\\/\",\"url\":\"https:\\\/\\\/minestamp2.webpstw.com\\\/en\\\/devoluciones\\\/\",\"name\":\"Devoluciones - MINESTAMP\",\"isPartOf\":{\"@id\":\"https:\\\/\\\/minestamp2.webpstw.com\\\/#website\"},\"datePublished\":\"2020-06-18T17:07:07+00:00\",\"dateModified\":\"2020-06-19T10:26:42+00:00\",\"breadcrumb\":{\"@id\":\"https:\\\/\\\/minestamp2.webpstw.com\\\/en\\\/devoluciones\\\/#breadcrumb\"},\"inLanguage\":\"en-US\",\"potentialAction\":[{\"@type\":\"ReadAction\",\"target\":[\"https:\\\/\\\/minestamp2.webpstw.com\\\/en\\\/devoluciones\\\/\"]}]},{\"@type\":\"BreadcrumbList\",\"@id\":\"https:\\\/\\\/minestamp2.webpstw.com\\\/en\\\/devoluciones\\\/#breadcrumb\",\"itemListElement\":[{\"@type\":\"ListItem\",\"position\":1,\"name\":\"Portada\",\"item\":\"https:\\\/\\\/minestamp2.webpstw.com\\\/\"},{\"@type\":\"ListItem\",\"position\":2,\"name\":\"Devoluciones\"}]},{\"@type\":\"WebSite\",\"@id\":\"https:\\\/\\\/minestamp2.webpstw.com\\\/#website\",\"url\":\"https:\\\/\\\/minestamp2.webpstw.com\\\/\",\"name\":\"MINESTAMP\",\"description\":\"La marca de sellos m\u00e1s vendida del mundo\",\"potentialAction\":[{\"@type\":\"SearchAction\",\"target\":{\"@type\":\"EntryPoint\",\"urlTemplate\":\"https:\\\/\\\/minestamp2.webpstw.com\\\/?s={search_term_string}\"},\"query-input\":{\"@type\":\"PropertyValueSpecification\",\"valueRequired\":true,\"valueName\":\"search_term_string\"}}],\"inLanguage\":\"en-US\"}]}<\/script>\n<!-- \/ Yoast SEO plugin. -->","yoast_head_json":{"title":"Devoluciones - MINESTAMP","robots":{"index":"index","follow":"follow","max-snippet":"max-snippet:-1","max-image-preview":"max-image-preview:large","max-video-preview":"max-video-preview:-1"},"canonical":"https:\/\/minestamp2.webpstw.com\/en\/devoluciones\/","og_locale":"en_US","og_type":"article","og_title":"Devoluciones - MINESTAMP","og_url":"https:\/\/minestamp2.webpstw.com\/en\/devoluciones\/","og_site_name":"MINESTAMP","article_modified_time":"2020-06-19T10:26:42+00:00","twitter_card":"summary_large_image","twitter_misc":{"Est. reading time":"3 minutes"},"schema":{"@context":"https:\/\/schema.org","@graph":[{"@type":"WebPage","@id":"https:\/\/minestamp2.webpstw.com\/en\/devoluciones\/","url":"https:\/\/minestamp2.webpstw.com\/en\/devoluciones\/","name":"Devoluciones - MINESTAMP","isPartOf":{"@id":"https:\/\/minestamp2.webpstw.com\/#website"},"datePublished":"2020-06-18T17:07:07+00:00","dateModified":"2020-06-19T10:26:42+00:00","breadcrumb":{"@id":"https:\/\/minestamp2.webpstw.com\/en\/devoluciones\/#breadcrumb"},"inLanguage":"en-US","potentialAction":[{"@type":"ReadAction","target":["https:\/\/minestamp2.webpstw.com\/en\/devoluciones\/"]}]},{"@type":"BreadcrumbList","@id":"https:\/\/minestamp2.webpstw.com\/en\/devoluciones\/#breadcrumb","itemListElement":[{"@type":"ListItem","position":1,"name":"Portada","item":"https:\/\/minestamp2.webpstw.com\/"},{"@type":"ListItem","position":2,"name":"Devoluciones"}]},{"@type":"WebSite","@id":"https:\/\/minestamp2.webpstw.com\/#website","url":"https:\/\/minestamp2.webpstw.com\/","name":"MINESTAMP","description":"La marca de sellos m\u00e1s vendida del mundo","potentialAction":[{"@type":"SearchAction","target":{"@type":"EntryPoint","urlTemplate":"https:\/\/minestamp2.webpstw.com\/?s={search_term_string}"},"query-input":{"@type":"PropertyValueSpecification","valueRequired":true,"valueName":"search_term_string"}}],"inLanguage":"en-US"}]}},"_links":{"self":[{"href":"https:\/\/minestamp2.webpstw.com\/en\/wp-json\/wp\/v2\/pages\/24924","targetHints":{"allow":["GET"]}}],"collection":[{"href":"https:\/\/minestamp2.webpstw.com\/en\/wp-json\/wp\/v2\/pages"}],"about":[{"href":"https:\/\/minestamp2.webpstw.com\/en\/wp-json\/wp\/v2\/types\/page"}],"author":[{"embeddable":true,"href":"https:\/\/minestamp2.webpstw.com\/en\/wp-json\/wp\/v2\/users\/4"}],"replies":[{"embeddable":true,"href":"https:\/\/minestamp2.webpstw.com\/en\/wp-json\/wp\/v2\/comments?post=24924"}],"version-history":[{"count":6,"href":"https:\/\/minestamp2.webpstw.com\/en\/wp-json\/wp\/v2\/pages\/24924\/revisions"}],"predecessor-version":[{"id":24948,"href":"https:\/\/minestamp2.webpstw.com\/en\/wp-json\/wp\/v2\/pages\/24924\/revisions\/24948"}],"wp:attachment":[{"href":"https:\/\/minestamp2.webpstw.com\/en\/wp-json\/wp\/v2\/media?parent=24924"}],"curies":[{"name":"wp","href":"https:\/\/api.w.org\/{rel}","templated":true}]}}