{"id":24921,"date":"2020-06-18T16:57:13","date_gmt":"2020-06-18T16:57:13","guid":{"rendered":"https:\/\/minestamp.com\/?page_id=24921"},"modified":"2020-09-18T10:58:33","modified_gmt":"2020-09-18T08:58:33","slug":"envios-y-entregas","status":"publish","type":"page","link":"https:\/\/minestamp2.webpstw.com\/en\/envios-y-entregas\/","title":{"rendered":"Env\u00edos y entregas"},"content":{"rendered":"<div class=\"wpb-content-wrapper\"><div class=\"vc_row wpb_row vc_row-fluid\"><div class=\"wpb_column vc_column_container vc_col-sm-12\"><div class=\"vc_column-inner\"><div class=\"wpb_wrapper\">\n\t<div class=\"wpb_text_column wpb_content_element\" >\n\t\t<div class=\"wpb_wrapper\">\n\t\t\t<h1><span style=\"color: #84cfef;\">ENV\u00cdOS Y ENTREGAS<br \/>\n<\/span><\/h1>\n\n\t\t<\/div>\n\t<\/div>\n<\/div><\/div><\/div><\/div><div class=\"vc_row wpb_row vc_row-fluid\"><div class=\"wpb_column vc_column_container vc_col-sm-12\"><div class=\"vc_column-inner\"><div class=\"wpb_wrapper\"><div class=\"vc_separator wpb_content_element vc_separator_align_left vc_sep_width_100 vc_sep_pos_align_center vc_sep_color_grey vc_separator-has-text\" ><span class=\"vc_sep_holder vc_sep_holder_l\"><span class=\"vc_sep_line\"><\/span><\/span><h4><strong>ENTREGA DE LOS PEDIDOS<\/strong><\/h4><span class=\"vc_sep_holder vc_sep_holder_r\"><span class=\"vc_sep_line\"><\/span><\/span>\n<\/div>\n\t<div class=\"wpb_text_column wpb_content_element\" >\n\t\t<div class=\"wpb_wrapper\">\n\t\t\t<ul>\n<li>Los Productos ser\u00e1n entregados en la direcci\u00f3n indicada por el Comprador en el albar\u00e1n de pedido, en la Espa\u00f1a Peninsular, Andorra y Parte de Europa. Puedes comprobar las zonas de env\u00edo introduciendo tu direci\u00f3n en el momento del pago.<\/li>\n<li>La entrega se realizar\u00e1 en un plazo medio de 1 a 3 d\u00edas laborables a contar desde la recepci\u00f3n del albar\u00e1n de pedido y la fabricaci\u00f3n del pedido. Esto puede suponer 24-48 horas laborables.<\/li>\n<li>Al elegir el m\u00e9todo de env\u00edo urgente, no significa que una vez realizado el pedido se vaya a entregar en 24 horas ya que la fabricaci\u00f3n puede tardar 1 o 2 d\u00edas.<\/li>\n<li>Los env\u00edos son a 5,90\u20ac para pedidos de menos de 15\u20ac y entrega en Espa\u00f1a Peninsular. Para los env\u00edos a Baleares el precio es de 6,50\u20ac.<\/li>\n<li>No hacemos env\u00edos a Canarias, Ceuta o Melilla<\/li>\n<li>Los env\u00edos a Europa son a 7,50\u20ac.<\/li>\n<\/ul>\n\n\t\t<\/div>\n\t<\/div>\n<\/div><\/div><\/div><\/div>\n<\/div>","protected":false},"excerpt":{"rendered":"ENV\u00cdOS Y ENTREGAS ENTREGA DE LOS PEDIDOS Los Productos ser\u00e1n entregados en la direcci\u00f3n indicada por el Comprador en el","protected":false},"author":4,"featured_media":0,"parent":0,"menu_order":0,"comment_status":"closed","ping_status":"closed","template":"","meta":{"rs_blank_template":"","rs_page_bg_color":"#ffffff","slide_template_v7":"","footnotes":""},"class_list":["post-24921","page","type-page","status-publish","hentry"],"yoast_head":"<!-- This site is optimized with the Yoast SEO plugin v27.3 - https:\/\/yoast.com\/product\/yoast-seo-wordpress\/ -->\n<title>Env\u00edos y entregas - MINESTAMP<\/title>\n<meta name=\"robots\" content=\"index, follow, max-snippet:-1, max-image-preview:large, max-video-preview:-1\" \/>\n<link rel=\"canonical\" href=\"https:\/\/minestamp2.webpstw.com\/en\/envios-y-entregas\/\" \/>\n<meta property=\"og:locale\" content=\"en_US\" \/>\n<meta property=\"og:type\" content=\"article\" \/>\n<meta property=\"og:title\" content=\"Env\u00edos y entregas - MINESTAMP\" \/>\n<meta property=\"og:url\" content=\"https:\/\/minestamp2.webpstw.com\/en\/envios-y-entregas\/\" \/>\n<meta property=\"og:site_name\" content=\"MINESTAMP\" \/>\n<meta property=\"article:modified_time\" content=\"2020-09-18T08:58:33+00:00\" \/>\n<meta name=\"twitter:card\" content=\"summary_large_image\" \/>\n<meta name=\"twitter:label1\" content=\"Est. reading time\" \/>\n\t<meta name=\"twitter:data1\" content=\"1 minute\" \/>\n<script type=\"application\/ld+json\" class=\"yoast-schema-graph\">{\"@context\":\"https:\\\/\\\/schema.org\",\"@graph\":[{\"@type\":\"WebPage\",\"@id\":\"https:\\\/\\\/minestamp2.webpstw.com\\\/envios-y-entregas\\\/\",\"url\":\"https:\\\/\\\/minestamp2.webpstw.com\\\/envios-y-entregas\\\/\",\"name\":\"Env\u00edos y entregas - MINESTAMP\",\"isPartOf\":{\"@id\":\"https:\\\/\\\/minestamp2.webpstw.com\\\/#website\"},\"datePublished\":\"2020-06-18T16:57:13+00:00\",\"dateModified\":\"2020-09-18T08:58:33+00:00\",\"breadcrumb\":{\"@id\":\"https:\\\/\\\/minestamp2.webpstw.com\\\/envios-y-entregas\\\/#breadcrumb\"},\"inLanguage\":\"en-US\",\"potentialAction\":[{\"@type\":\"ReadAction\",\"target\":[\"https:\\\/\\\/minestamp2.webpstw.com\\\/envios-y-entregas\\\/\"]}]},{\"@type\":\"BreadcrumbList\",\"@id\":\"https:\\\/\\\/minestamp2.webpstw.com\\\/envios-y-entregas\\\/#breadcrumb\",\"itemListElement\":[{\"@type\":\"ListItem\",\"position\":1,\"name\":\"Portada\",\"item\":\"https:\\\/\\\/minestamp2.webpstw.com\\\/\"},{\"@type\":\"ListItem\",\"position\":2,\"name\":\"Env\u00edos y entregas\"}]},{\"@type\":\"WebSite\",\"@id\":\"https:\\\/\\\/minestamp2.webpstw.com\\\/#website\",\"url\":\"https:\\\/\\\/minestamp2.webpstw.com\\\/\",\"name\":\"MINESTAMP\",\"description\":\"La marca de sellos m\u00e1s vendida del mundo\",\"potentialAction\":[{\"@type\":\"SearchAction\",\"target\":{\"@type\":\"EntryPoint\",\"urlTemplate\":\"https:\\\/\\\/minestamp2.webpstw.com\\\/?s={search_term_string}\"},\"query-input\":{\"@type\":\"PropertyValueSpecification\",\"valueRequired\":true,\"valueName\":\"search_term_string\"}}],\"inLanguage\":\"en-US\"}]}<\/script>\n<!-- \/ Yoast SEO plugin. -->","yoast_head_json":{"title":"Env\u00edos y entregas - MINESTAMP","robots":{"index":"index","follow":"follow","max-snippet":"max-snippet:-1","max-image-preview":"max-image-preview:large","max-video-preview":"max-video-preview:-1"},"canonical":"https:\/\/minestamp2.webpstw.com\/en\/envios-y-entregas\/","og_locale":"en_US","og_type":"article","og_title":"Env\u00edos y entregas - MINESTAMP","og_url":"https:\/\/minestamp2.webpstw.com\/en\/envios-y-entregas\/","og_site_name":"MINESTAMP","article_modified_time":"2020-09-18T08:58:33+00:00","twitter_card":"summary_large_image","twitter_misc":{"Est. reading time":"1 minute"},"schema":{"@context":"https:\/\/schema.org","@graph":[{"@type":"WebPage","@id":"https:\/\/minestamp2.webpstw.com\/envios-y-entregas\/","url":"https:\/\/minestamp2.webpstw.com\/envios-y-entregas\/","name":"Env\u00edos y entregas - MINESTAMP","isPartOf":{"@id":"https:\/\/minestamp2.webpstw.com\/#website"},"datePublished":"2020-06-18T16:57:13+00:00","dateModified":"2020-09-18T08:58:33+00:00","breadcrumb":{"@id":"https:\/\/minestamp2.webpstw.com\/envios-y-entregas\/#breadcrumb"},"inLanguage":"en-US","potentialAction":[{"@type":"ReadAction","target":["https:\/\/minestamp2.webpstw.com\/envios-y-entregas\/"]}]},{"@type":"BreadcrumbList","@id":"https:\/\/minestamp2.webpstw.com\/envios-y-entregas\/#breadcrumb","itemListElement":[{"@type":"ListItem","position":1,"name":"Portada","item":"https:\/\/minestamp2.webpstw.com\/"},{"@type":"ListItem","position":2,"name":"Env\u00edos y entregas"}]},{"@type":"WebSite","@id":"https:\/\/minestamp2.webpstw.com\/#website","url":"https:\/\/minestamp2.webpstw.com\/","name":"MINESTAMP","description":"La marca de sellos m\u00e1s vendida del mundo","potentialAction":[{"@type":"SearchAction","target":{"@type":"EntryPoint","urlTemplate":"https:\/\/minestamp2.webpstw.com\/?s={search_term_string}"},"query-input":{"@type":"PropertyValueSpecification","valueRequired":true,"valueName":"search_term_string"}}],"inLanguage":"en-US"}]}},"_links":{"self":[{"href":"https:\/\/minestamp2.webpstw.com\/en\/wp-json\/wp\/v2\/pages\/24921","targetHints":{"allow":["GET"]}}],"collection":[{"href":"https:\/\/minestamp2.webpstw.com\/en\/wp-json\/wp\/v2\/pages"}],"about":[{"href":"https:\/\/minestamp2.webpstw.com\/en\/wp-json\/wp\/v2\/types\/page"}],"author":[{"embeddable":true,"href":"https:\/\/minestamp2.webpstw.com\/en\/wp-json\/wp\/v2\/users\/4"}],"replies":[{"embeddable":true,"href":"https:\/\/minestamp2.webpstw.com\/en\/wp-json\/wp\/v2\/comments?post=24921"}],"version-history":[{"count":4,"href":"https:\/\/minestamp2.webpstw.com\/en\/wp-json\/wp\/v2\/pages\/24921\/revisions"}],"predecessor-version":[{"id":28996,"href":"https:\/\/minestamp2.webpstw.com\/en\/wp-json\/wp\/v2\/pages\/24921\/revisions\/28996"}],"wp:attachment":[{"href":"https:\/\/minestamp2.webpstw.com\/en\/wp-json\/wp\/v2\/media?parent=24921"}],"curies":[{"name":"wp","href":"https:\/\/api.w.org\/{rel}","templated":true}]}}