{"id":24544,"date":"2020-06-15T11:05:28","date_gmt":"2020-06-15T11:05:28","guid":{"rendered":"https:\/\/minestamp.com\/?page_id=24544"},"modified":"2020-06-16T09:19:24","modified_gmt":"2020-06-16T09:19:24","slug":"preguntas-frecuentes","status":"publish","type":"page","link":"https:\/\/minestamp2.webpstw.com\/en\/preguntas-frecuentes\/","title":{"rendered":"Frequent questions"},"content":{"rendered":"<div class=\"wpb-content-wrapper\"><div class=\"vc_row wpb_row vc_row-fluid vc_custom_1592222988472\"><div class=\"wpb_column vc_column_container vc_col-sm-12\"><div class=\"vc_column-inner\"><div class=\"wpb_wrapper\">\n\t\t\t\t<p class=\"rs-p-wp-fix\"><\/p>\n\t\t\t\t<sr7-module data-alias=\"bakery2-1-1\" data-id=\"57\" id=\"SR7_57_1\" data-version=\"7.0.7.1\">\n\t\t\t\t\t<sr7-adjuster><\/sr7-adjuster>\n\t\t\t\t\t<sr7-content>\n\t\t\t\t\t\t<sr7-slide id=\"SR7_57_1-115\" data-key=\"115\">\n\t\t\t\t\t\t\t<sr7-bg id=\"SR7_57_1-115-5\" class=\"sr7-layer\"><noscript><img decoding=\"async\" src=\"http:\/\/minestamp.com\/\/wp-content\/uploads\/2020\/06\/MINE-100-slider-1.jpg\" alt=\"\" title=\"MINE-100-slider-1\"><\/noscript><\/sr7-bg>\n\t\t\t\t\t\t\t<sr7-txt id=\"SR7_57_1-115-3\" class=\"sr7-layer\"><strong>\u00bfTienes alguna duda?<\/strong><\/sr7-txt>\n\t\t\t\t\t\t\t<sr7-txt id=\"SR7_57_1-115-4\" class=\"sr7-layer\">\u00a1Lee con atenci\u00f3n nuestras preguntas frecuentes o escr\u00edbenos la tuya para que podamos ayudarte!<\/sr7-txt>\n\t\t\t\t\t\t<\/sr7-slide>\n\t\t\t\t\t\t<sr7-slide id=\"SR7_57_1-151\" data-key=\"151\">\n\t\t\t\t\t\t<\/sr7-slide>\n\t\t\t\t\t<\/sr7-content>\n\t\t\t\t\t<image_lists style=\"display:none\">\n\t\t\t\t\t\t<img data-src=\"\/\/minestamp.com\/\/wp-content\/uploads\/2020\/06\/MINE-100-slider-1.jpg\" data-libid=\"23956\" data-lib=\"medialibrary\" title=\"MINE-100-slider-1\" width=\"0\" height=\"0\" data-dbsrc=\"Ly9taW5lc3RhbXAuY29tLy93cC1jb250ZW50L3VwbG9hZHMvMjAyMC8wNi9NSU5FLTEwMC1zbGlkZXItMS5qcGc=\"\/>\n\t\t\t\t\t<\/image_lists>\n\t\t\t\t<\/sr7-module>\n\t\t\t\t<script data-jetpack-boost=\"ignore\">\n\t\t\t\t\twindow.SR7??={}; SR7.PMH ??={}; SR7.PMH[\"SR7_57_1\"] = {cn:100,state:false,fn: function() { if (window._tpt!==undefined && window._tpt.prepareModuleHeight !== undefined) {  _tpt.prepareModuleHeight({id:\"SR7_57_1\",el:[400,400,768,560,400],type:'standard',gh:[400,400,768,560,400],gw:[1240,1240,1024,778,480],vpt:['-100px&#039;,&#039;-100px&#039;,&#039;-100px&#039;,&#039;-100px&#039;,&#039;-100px'],size:{fullWidth:true, fullHeight:false},mh:'0',onh:0,onw:0,bg:{color:'{\"orig\":\"transparent\",\"type\":\"solid\",\"string\":\"transparent\"}'},plType:'0',plColor:'#FFFFFF'});   SR7.PMH[\"SR7_57_1\"].state=true;} else if(SR7.PMH[\"SR7_57_1\"].cn-->0)\tsetTimeout( SR7.PMH[\"SR7_57_1\"].fn,19);}};SR7.PMH[\"SR7_57_1\" ].fn();\n\t\t\t\t<\/script>\n<div class=\"vc_empty_space\"   style=\"height: 54px\"><span class=\"vc_empty_space_inner\"><\/span><\/div><\/div><\/div><\/div><\/div><div class=\"vc_row wpb_row vc_row-fluid\"><div class=\"wpb_column vc_column_container vc_col-sm-6\"><div class=\"vc_column-inner\"><div class=\"wpb_wrapper\"><div class=\"title-wrapper  basel-title-color-default basel-title-style-simple basel-title-size-default text-left \"><div class=\"liner-continer\"> <span class=\"left-line\"><\/span> <h4 class=\"title\" ><strong>Preguntas frecuentes<\/strong><span class=\"title-separator\"><span><\/span><\/span><\/h4> <span class=\"right-line\"><\/span> <\/div><\/div><div class=\"vc_empty_space\"   style=\"height: 16px\"><span class=\"vc_empty_space_inner\"><\/span><\/div><div  class=\"vc_do_toggle vc_toggle vc_toggle_round vc_toggle_color_peacoc vc_toggle_color_inverted vc_toggle_size_lg\"><div class=\"vc_toggle_title\"><h4>\u00bfCu\u00e1nto dura la tinta de Mine sobre la ropa?<\/h4><i class=\"vc_toggle_icon\"><\/i><\/div><div class=\"vc_toggle_content\"><div>\n<div class=\"wpb_text_column wpb_content_element \">\n<div class=\"wpb_wrapper\">\n<ul>\n<li>La impresi\u00f3n es perfectamente legible hasta unos 40 lavados a 30\u00baC y 30 lavados a 40\u00baC.<\/li>\n<\/ul>\n<\/div>\n<\/div>\n<\/div>\n<\/div><\/div><div  class=\"vc_do_toggle vc_toggle vc_toggle_round vc_toggle_color_peacoc vc_toggle_color_inverted vc_toggle_size_lg\"><div class=\"vc_toggle_title\"><h4>\u00bfC\u00f3mo puedo marcar la ropa de color oscuro?<\/h4><i class=\"vc_toggle_icon\"><\/i><\/div><div class=\"vc_toggle_content\"><div>\n<div class=\"wpb_text_column wpb_content_element \">\n<div class=\"wpb_wrapper\">\n<ul>\n<li>Mine te proporciona cintas de color blanco que podr\u00e1s planchar o coser y marcar el nombre de tu hijo encima de ellas para que se vea con m\u00e1s claridad. Encu\u00e9ntralas aqu\u00ed.<\/li>\n<\/ul>\n<\/div>\n<\/div>\n<\/div>\n<\/div><\/div><div  class=\"vc_do_toggle vc_toggle vc_toggle_round vc_toggle_color_peacoc vc_toggle_color_inverted vc_toggle_size_lg\"><div class=\"vc_toggle_title\"><h4>\u00bfSe puede reutilizar el sello abecedario cambiando las letras?<\/h4><i class=\"vc_toggle_icon\"><\/i><\/div><div class=\"vc_toggle_content\"><div>\n<div class=\"wpb_text_column wpb_content_element \">\n<div class=\"wpb_wrapper\">\n<ul>\n<li>Por supuesto, puedes cambiar las letras todas las veces que quieras.<\/li>\n<\/ul>\n<\/div>\n<\/div>\n<\/div>\n<\/div><\/div><div  class=\"vc_do_toggle vc_toggle vc_toggle_round vc_toggle_color_peacoc vc_toggle_color_inverted vc_toggle_size_lg\"><div class=\"vc_toggle_title\"><h4>\u00bfPuedo marcar sobre todo tipo de prendas?<\/h4><i class=\"vc_toggle_icon\"><\/i><\/div><div class=\"vc_toggle_content\"><div>\n<div class=\"wpb_text_column wpb_content_element \">\n<div class=\"wpb_wrapper\">\n<ul>\n<li>La tinta indeleble Mine es para todos los tejidos absorbentes tales como algod\u00f3n, poli\u00e9ster, lino, etc.<\/li>\n<li>No es recomendable usar sobre tejidos de pelo largo, con rizo o con nudo muy grueso.<\/li>\n<\/ul>\n<\/div>\n<\/div>\n<\/div>\n<\/div><\/div><div  class=\"vc_do_toggle vc_toggle vc_toggle_round vc_toggle_color_peacoc vc_toggle_color_inverted vc_toggle_size_lg\"><div class=\"vc_toggle_title\"><h4>\u00bfCu\u00e1nto dura la tinta?<\/h4><i class=\"vc_toggle_icon\"><\/i><\/div><div class=\"vc_toggle_content\"><div>\n<div class=\"wpb_text_column wpb_content_element \">\n<div class=\"wpb_wrapper\">\n<ul>\n<li>La almohadilla entintada con la tinta para textil tiene una duraci\u00f3n de 1 a\u00f1o o unas 1000 impresiones (a temperatura y humedad ambiente normal).<\/li>\n<\/ul>\n<\/div>\n<\/div>\n<\/div>\n<\/div><\/div><div  class=\"vc_do_toggle vc_toggle vc_toggle_round vc_toggle_color_peacoc vc_toggle_color_inverted vc_toggle_size_lg\"><div class=\"vc_toggle_title\"><h4>\u00bfQu\u00e9 pasa cuando se acaba la tinta?<\/h4><i class=\"vc_toggle_icon\"><\/i><\/div><div class=\"vc_toggle_content\"><div>\n<div class=\"wpb_text_column wpb_content_element \">\n<div class=\"wpb_wrapper\">\n<ul>\n<li>Solo tienes que adquirir un recambio de almohadilla entintada Mine printer 20, cuesta \u20ac6 el pack de 2 unidades. Encu\u00e9ntralo aqu\u00ed, es importante que s\u00f3lo uses los de Mine.<\/li>\n<\/ul>\n<\/div>\n<\/div>\n<\/div>\n<\/div><\/div><div  class=\"vc_do_toggle vc_toggle vc_toggle_round vc_toggle_color_peacoc vc_toggle_color_inverted vc_toggle_size_lg\"><div class=\"vc_toggle_title\"><h4>\u00bfPuedo marcar libros?<\/h4><i class=\"vc_toggle_icon\"><\/i><\/div><div class=\"vc_toggle_content\"><div>\n<div class=\"wpb_text_column wpb_content_element \">\n<div class=\"wpb_wrapper\">\n<ul>\n<li>S\u00ed, la tinta indeleble Mine sirve indistintamente para textil y libros.<\/li>\n<\/ul>\n<\/div>\n<\/div>\n<\/div>\n<\/div><\/div><div  class=\"vc_do_toggle vc_toggle vc_toggle_round vc_toggle_color_peacoc vc_toggle_color_inverted vc_toggle_size_lg\"><div class=\"vc_toggle_title\"><h4>\u00bfEs muy grande el sello?<\/h4><i class=\"vc_toggle_icon\"><\/i><\/div><div class=\"vc_toggle_content\"><div>\n<div class=\"wpb_text_column wpb_content_element \">\n<div class=\"wpb_wrapper\">\n<ul>\n<li>El marcador de ropa Mine mide 3,8 cm de ancho por 1,4 cm de lado.<\/li>\n<\/ul>\n<\/div>\n<\/div>\n<\/div>\n<\/div><\/div><div  class=\"vc_do_toggle vc_toggle vc_toggle_round vc_toggle_color_peacoc vc_toggle_color_inverted vc_toggle_size_lg\"><div class=\"vc_toggle_title\"><h4>\u00bfCu\u00e1nto me tarda en llegar?<\/h4><i class=\"vc_toggle_icon\"><\/i><\/div><div class=\"vc_toggle_content\"><div>\n<div class=\"wpb_text_column wpb_content_element \">\n<div class=\"wpb_wrapper\">\n<ul>\n<li>Lo tendr\u00e1s en casa en 3 o 4 d\u00edas despu\u00e9s de que te haya llegado la confirmaci\u00f3n del pedido.&lt;\/<\/li>\n<\/ul>\n<\/div>\n<\/div>\n<\/div>\n<\/div><\/div><div class=\"vc_empty_space\"   style=\"height: 64px\"><span class=\"vc_empty_space_inner\"><\/span><\/div><\/div><\/div><\/div><div class=\"wpb_column vc_column_container vc_col-sm-6\"><div class=\"vc_column-inner\"><div class=\"wpb_wrapper\"><div class=\"title-wrapper  basel-title-color-default basel-title-style-simple basel-title-size-default text-left \"><div class=\"liner-continer\"> <span class=\"left-line\"><\/span> <h4 class=\"title\" ><strong>O env\u00edanos tu pregunta:<\/strong><span class=\"title-separator\"><span><\/span><\/span><\/h4> <span class=\"right-line\"><\/span> <\/div><span class=\"title-after_title\"><em>\u00a1Rellena el siguiente formulario y estaremos encantados de ayudarte!<\/em><\/span><\/div><div class=\"vc_empty_space\"   style=\"height: 16px\"><span class=\"vc_empty_space_inner\"><\/span><\/div><p class=\"wpcf7-contact-form-not-found\"><strong>Error:<\/strong> Contact form not found.<\/p><\/div><\/div><\/div><\/div><div class=\"vc_row wpb_row vc_row-fluid\"><div class=\"wpb_column vc_column_container vc_col-sm-12\"><div class=\"vc_column-inner\"><div class=\"wpb_wrapper\"><\/div><\/div><\/div><\/div>\n<\/div>","protected":false},"excerpt":{"rendered":"\u00bfTienes alguna duda? \u00a1Lee con atenci\u00f3n nuestras preguntas frecuentes o escr\u00edbenos la tuya para que podamos ayudarte! Preguntas frecuentes \u00bfCu\u00e1nto","protected":false},"author":4,"featured_media":0,"parent":0,"menu_order":0,"comment_status":"closed","ping_status":"closed","template":"","meta":{"rs_blank_template":"","rs_page_bg_color":"#ffffff","slide_template_v7":"","footnotes":""},"class_list":["post-24544","page","type-page","status-publish","hentry"],"yoast_head":"<!-- This site is optimized with the Yoast SEO plugin v27.3 - https:\/\/yoast.com\/product\/yoast-seo-wordpress\/ -->\n<title>Preguntas frecuentes - MINESTAMP<\/title>\n<meta name=\"robots\" content=\"index, follow, max-snippet:-1, max-image-preview:large, max-video-preview:-1\" \/>\n<link rel=\"canonical\" href=\"https:\/\/minestamp2.webpstw.com\/en\/preguntas-frecuentes\/\" \/>\n<meta property=\"og:locale\" content=\"en_US\" \/>\n<meta property=\"og:type\" content=\"article\" \/>\n<meta property=\"og:title\" content=\"Preguntas frecuentes - MINESTAMP\" \/>\n<meta property=\"og:url\" content=\"https:\/\/minestamp2.webpstw.com\/en\/preguntas-frecuentes\/\" \/>\n<meta property=\"og:site_name\" content=\"MINESTAMP\" \/>\n<meta property=\"article:modified_time\" content=\"2020-06-16T09:19:24+00:00\" \/>\n<meta name=\"twitter:card\" content=\"summary_large_image\" \/>\n<meta name=\"twitter:label1\" content=\"Est. reading time\" \/>\n\t<meta name=\"twitter:data1\" content=\"2 minutes\" \/>\n<script type=\"application\/ld+json\" class=\"yoast-schema-graph\">{\"@context\":\"https:\\\/\\\/schema.org\",\"@graph\":[{\"@type\":\"WebPage\",\"@id\":\"https:\\\/\\\/minestamp2.webpstw.com\\\/preguntas-frecuentes\\\/\",\"url\":\"https:\\\/\\\/minestamp2.webpstw.com\\\/preguntas-frecuentes\\\/\",\"name\":\"Preguntas frecuentes - MINESTAMP\",\"isPartOf\":{\"@id\":\"https:\\\/\\\/minestamp2.webpstw.com\\\/#website\"},\"datePublished\":\"2020-06-15T11:05:28+00:00\",\"dateModified\":\"2020-06-16T09:19:24+00:00\",\"breadcrumb\":{\"@id\":\"https:\\\/\\\/minestamp2.webpstw.com\\\/preguntas-frecuentes\\\/#breadcrumb\"},\"inLanguage\":\"en-US\",\"potentialAction\":[{\"@type\":\"ReadAction\",\"target\":[\"https:\\\/\\\/minestamp2.webpstw.com\\\/preguntas-frecuentes\\\/\"]}]},{\"@type\":\"BreadcrumbList\",\"@id\":\"https:\\\/\\\/minestamp2.webpstw.com\\\/preguntas-frecuentes\\\/#breadcrumb\",\"itemListElement\":[{\"@type\":\"ListItem\",\"position\":1,\"name\":\"Portada\",\"item\":\"https:\\\/\\\/minestamp2.webpstw.com\\\/\"},{\"@type\":\"ListItem\",\"position\":2,\"name\":\"Preguntas frecuentes\"}]},{\"@type\":\"WebSite\",\"@id\":\"https:\\\/\\\/minestamp2.webpstw.com\\\/#website\",\"url\":\"https:\\\/\\\/minestamp2.webpstw.com\\\/\",\"name\":\"MINESTAMP\",\"description\":\"La marca de sellos m\u00e1s vendida del mundo\",\"potentialAction\":[{\"@type\":\"SearchAction\",\"target\":{\"@type\":\"EntryPoint\",\"urlTemplate\":\"https:\\\/\\\/minestamp2.webpstw.com\\\/?s={search_term_string}\"},\"query-input\":{\"@type\":\"PropertyValueSpecification\",\"valueRequired\":true,\"valueName\":\"search_term_string\"}}],\"inLanguage\":\"en-US\"}]}<\/script>\n<!-- \/ Yoast SEO plugin. -->","yoast_head_json":{"title":"Preguntas frecuentes - MINESTAMP","robots":{"index":"index","follow":"follow","max-snippet":"max-snippet:-1","max-image-preview":"max-image-preview:large","max-video-preview":"max-video-preview:-1"},"canonical":"https:\/\/minestamp2.webpstw.com\/en\/preguntas-frecuentes\/","og_locale":"en_US","og_type":"article","og_title":"Preguntas frecuentes - MINESTAMP","og_url":"https:\/\/minestamp2.webpstw.com\/en\/preguntas-frecuentes\/","og_site_name":"MINESTAMP","article_modified_time":"2020-06-16T09:19:24+00:00","twitter_card":"summary_large_image","twitter_misc":{"Est. reading time":"2 minutes"},"schema":{"@context":"https:\/\/schema.org","@graph":[{"@type":"WebPage","@id":"https:\/\/minestamp2.webpstw.com\/preguntas-frecuentes\/","url":"https:\/\/minestamp2.webpstw.com\/preguntas-frecuentes\/","name":"Preguntas frecuentes - MINESTAMP","isPartOf":{"@id":"https:\/\/minestamp2.webpstw.com\/#website"},"datePublished":"2020-06-15T11:05:28+00:00","dateModified":"2020-06-16T09:19:24+00:00","breadcrumb":{"@id":"https:\/\/minestamp2.webpstw.com\/preguntas-frecuentes\/#breadcrumb"},"inLanguage":"en-US","potentialAction":[{"@type":"ReadAction","target":["https:\/\/minestamp2.webpstw.com\/preguntas-frecuentes\/"]}]},{"@type":"BreadcrumbList","@id":"https:\/\/minestamp2.webpstw.com\/preguntas-frecuentes\/#breadcrumb","itemListElement":[{"@type":"ListItem","position":1,"name":"Portada","item":"https:\/\/minestamp2.webpstw.com\/"},{"@type":"ListItem","position":2,"name":"Preguntas frecuentes"}]},{"@type":"WebSite","@id":"https:\/\/minestamp2.webpstw.com\/#website","url":"https:\/\/minestamp2.webpstw.com\/","name":"MINESTAMP","description":"La marca de sellos m\u00e1s vendida del mundo","potentialAction":[{"@type":"SearchAction","target":{"@type":"EntryPoint","urlTemplate":"https:\/\/minestamp2.webpstw.com\/?s={search_term_string}"},"query-input":{"@type":"PropertyValueSpecification","valueRequired":true,"valueName":"search_term_string"}}],"inLanguage":"en-US"}]}},"_links":{"self":[{"href":"https:\/\/minestamp2.webpstw.com\/en\/wp-json\/wp\/v2\/pages\/24544","targetHints":{"allow":["GET"]}}],"collection":[{"href":"https:\/\/minestamp2.webpstw.com\/en\/wp-json\/wp\/v2\/pages"}],"about":[{"href":"https:\/\/minestamp2.webpstw.com\/en\/wp-json\/wp\/v2\/types\/page"}],"author":[{"embeddable":true,"href":"https:\/\/minestamp2.webpstw.com\/en\/wp-json\/wp\/v2\/users\/4"}],"replies":[{"embeddable":true,"href":"https:\/\/minestamp2.webpstw.com\/en\/wp-json\/wp\/v2\/comments?post=24544"}],"version-history":[{"count":39,"href":"https:\/\/minestamp2.webpstw.com\/en\/wp-json\/wp\/v2\/pages\/24544\/revisions"}],"predecessor-version":[{"id":24604,"href":"https:\/\/minestamp2.webpstw.com\/en\/wp-json\/wp\/v2\/pages\/24544\/revisions\/24604"}],"wp:attachment":[{"href":"https:\/\/minestamp2.webpstw.com\/en\/wp-json\/wp\/v2\/media?parent=24544"}],"curies":[{"name":"wp","href":"https:\/\/api.w.org\/{rel}","templated":true}]}}